{"id":4222,"date":"2023-12-07T15:25:08","date_gmt":"2023-12-07T15:25:08","guid":{"rendered":"https:\/\/rodotimediumite.mk\/?page_id=4222"},"modified":"2026-02-03T11:29:43","modified_gmt":"2026-02-03T11:29:43","slug":"institucione-organizata","status":"publish","type":"page","link":"https:\/\/rodotimediumite.mk\/en\/institucione-organizata\/","title":{"rendered":"INSTITUCIONE\/ORGANIZATA"},"content":{"rendered":"\t\t<div data-elementor-type=\"wp-page\" data-elementor-id=\"4222\" class=\"elementor elementor-4222 elementor-1012\" data-elementor-post-type=\"page\">\n\t\t\t\t<div class=\"elementor-element elementor-element-3f7dc526 e-flex e-con-boxed e-con e-parent\" data-id=\"3f7dc526\" data-element_type=\"container\">\n\t\t\t\t\t<div class=\"e-con-inner\">\n\t\t\t\t<div class=\"elementor-element elementor-element-3db253bf elementor-widget elementor-widget-text-editor\" data-id=\"3db253bf\" data-element_type=\"widget\" data-widget_type=\"text-editor.default\">\n\t\t\t\t<div class=\"elementor-widget-container\">\n\t\t\t\t\t\t\t\t\t<p><strong>Institucione shtet\u00ebrore<\/strong><\/p><p>Ministria e Politik\u00ebs Sociale, e Demografis\u00eb dhe e t\u00eb Rinjve &#8211; <a href=\"https:\/\/www.mtsp.gov.mk\/sq-AL\">https:\/\/www.mtsp.gov.mk\/sq-AL<\/a><br \/>Ministria e drejt\u00ebsis\u00eb &#8211; <a href=\"https:\/\/www.pravda.gov.mk\/sq-AL\">https:\/\/www.pravda.gov.mk\/sq-AL<\/a><br \/>Ministria e sh\u00ebndet\u00ebsis\u00eb &#8211; <a href=\"https:\/\/zdravstvo.gov.mk\/sq-AL\">https:\/\/zdravstvo.gov.mk\/sq-AL<\/a><br \/>Ministria e Pun\u00ebve t\u00eb Brendshme &#8211; <a href=\"https:\/\/mvr.gov.mk\/sq-AL\">https:\/\/mvr.gov.mk\/sq-AL<\/a><br \/>Ministria e arsimit dh shkenc\u00ebs &#8211; <a href=\"https:\/\/mon.gov.mk\/sq-AL\">https:\/\/mon.gov.mk\/sq-AL<\/a><br \/>Komisioni i Parandalimit dhe i Mbrojtjes nga Diskriminimi &#8211; <a href=\"https:\/\/kszd.mk\/?lang=sq\">https:\/\/kszd.mk\/?lang=sq<\/a><br \/>Prokuroria Publike e Republik\u00ebs s\u00eb Maqedonis\u00eb s\u00eb Veriut &#8211; <a href=\"https:\/\/jorm.gov.mk\/sq\/\">https:\/\/jorm.gov.mk\/sq\/<\/a><br \/>Avokati I Popullit &#8211; <a href=\"https:\/\/ombudsman.mk\/Faqja_e_par%C3%AB_.aspx\">https:\/\/ombudsman.mk\/Faqja_e_par%C3%AB_.aspx<\/a><br \/>Enti shtet\u00ebror I statistik\u00ebs &#8211; <a href=\"https:\/\/www.stat.gov.mk\/Default_al.aspx\">https:\/\/www.stat.gov.mk\/Default_al.aspx<\/a><\/p><p><strong>Organizata civile<\/strong><\/p><p>Koalicioni Margini &#8211; <a href=\"https:\/\/coalition.org.mk\/\">https:\/\/coalition.org.mk\/<\/a><br \/>Hera Shoqata p\u00ebr Edukim dhe K\u00ebrkime Sh\u00ebndet\u00ebsore &#8211; <a href=\"https:\/\/hera.org.mk\/al\/\">https:\/\/hera.org.mk\/al\/<\/a><br \/>Komiteti i Hellsinkit p\u00ebr t\u00eb Drejtat e Njeriut &#8211; <a href=\"https:\/\/mhc.org.mk\/sq\/\">https:\/\/mhc.org.mk\/sq\/<\/a><br \/>Rrjeti Komb\u00ebtar Kund\u00ebr Dhun\u00ebs ndaj Grave dhe Dhun\u00ebs n\u00eb Familje &#8211; <a href=\"https:\/\/glasprotivnasilstvo.org.mk\/\">https:\/\/glasprotivnasilstvo.org.mk\/<\/a><br \/>K\u00ebshilli Komb\u00ebtar p\u00ebr Barazi Gjinore (KKBGj) &#8211; <a href=\"https:\/\/nsrr.org.mk\/\">https:\/\/nsrr.org.mk\/<\/a><br \/>Shoqata p\u00ebr Emancipimin, Solidaritetin dhe Barazin\u00eb e Grave (ESE) &#8211; <a href=\"https:\/\/esem.org.mk\/\">https:\/\/esem.org.mk\/<\/a><br \/>REAKTOR &#8211; Hulumtim n\u00eb Veprim &#8211; <a href=\"https:\/\/reactor.org.mk\/\">https:\/\/reactor.org.mk\/<\/a><\/p>\t\t\t\t\t\t\t\t<\/div>\n\t\t\t\t<\/div>\n\t\t\t\t\t<\/div>\n\t\t\t\t<\/div>\n\t\t\t\t<\/div>\n\t\t","protected":false},"excerpt":{"rendered":"<p>Institucione shtet\u00ebrore Ministria e Politik\u00ebs Sociale, e Demografis\u00eb dhe e t\u00eb Rinjve &#8211; https:\/\/www.mtsp.gov.mk\/sq-ALMinistria e drejt\u00ebsis\u00eb &#8211; https:\/\/www.pravda.gov.mk\/sq-ALMinistria e sh\u00ebndet\u00ebsis\u00eb &#8211; https:\/\/zdravstvo.gov.mk\/sq-ALMinistria e Pun\u00ebve t\u00eb Brendshme<span class=\"excerpt-hellip\"> [\u2026]<\/span><\/p>\n","protected":false},"author":1,"featured_media":0,"parent":0,"menu_order":0,"comment_status":"closed","ping_status":"closed","template":"elementor_header_footer","meta":{"footnotes":""},"class_list":["post-4222","page","type-page","status-publish","hentry"],"_links":{"self":[{"href":"https:\/\/rodotimediumite.mk\/en\/wp-json\/wp\/v2\/pages\/4222","targetHints":{"allow":["GET"]}}],"collection":[{"href":"https:\/\/rodotimediumite.mk\/en\/wp-json\/wp\/v2\/pages"}],"about":[{"href":"https:\/\/rodotimediumite.mk\/en\/wp-json\/wp\/v2\/types\/page"}],"author":[{"embeddable":true,"href":"https:\/\/rodotimediumite.mk\/en\/wp-json\/wp\/v2\/users\/1"}],"replies":[{"embeddable":true,"href":"https:\/\/rodotimediumite.mk\/en\/wp-json\/wp\/v2\/comments?post=4222"}],"version-history":[{"count":6,"href":"https:\/\/rodotimediumite.mk\/en\/wp-json\/wp\/v2\/pages\/4222\/revisions"}],"predecessor-version":[{"id":4238,"href":"https:\/\/rodotimediumite.mk\/en\/wp-json\/wp\/v2\/pages\/4222\/revisions\/4238"}],"wp:attachment":[{"href":"https:\/\/rodotimediumite.mk\/en\/wp-json\/wp\/v2\/media?parent=4222"}],"curies":[{"name":"wp","href":"https:\/\/api.w.org\/{rel}","templated":true}]}}