{"id":1570,"date":"2023-12-09T15:29:45","date_gmt":"2023-12-09T15:29:45","guid":{"rendered":"https:\/\/rodotimediumite.mk\/?page_id=1570"},"modified":"2024-01-17T21:00:54","modified_gmt":"2024-01-17T21:00:54","slug":"dokumente-europiane","status":"publish","type":"page","link":"https:\/\/rodotimediumite.mk\/sq\/dokumente-europiane\/","title":{"rendered":"Dokumente Europiane"},"content":{"rendered":"\t\t<div data-elementor-type=\"wp-page\" data-elementor-id=\"1570\" class=\"elementor elementor-1570 elementor-1560\" data-elementor-post-type=\"page\">\n\t\t\t\t<div class=\"elementor-element elementor-element-6f11756 e-flex e-con-boxed e-con e-parent\" data-id=\"6f11756\" data-element_type=\"container\">\n\t\t\t\t\t<div class=\"e-con-inner\">\n\t\t\t\t\t<\/div>\n\t\t\t\t<\/div>\n\t\t<div class=\"elementor-element elementor-element-7a015622 e-flex e-con-boxed e-con e-parent\" data-id=\"7a015622\" data-element_type=\"container\">\n\t\t\t\t\t<div class=\"e-con-inner\">\n\t\t<div class=\"elementor-element elementor-element-39e0ccb2 e-con-full e-flex e-con e-child\" data-id=\"39e0ccb2\" data-element_type=\"container\">\n\t\t<div class=\"elementor-element elementor-element-7422222 e-con-full e-flex e-con e-child\" data-id=\"7422222\" data-element_type=\"container\">\n\t\t\t\t<div class=\"elementor-element elementor-element-698cd26 elementor-widget elementor-widget-heading\" data-id=\"698cd26\" data-element_type=\"widget\" data-widget_type=\"heading.default\">\n\t\t\t\t<div class=\"elementor-widget-container\">\n\t\t\t\t\t<h4 class=\"elementor-heading-title elementor-size-default\"><strong>Dokumente relevante Evropiane<\/strong><\/h4>\t\t\t\t<\/div>\n\t\t\t\t<\/div>\n\t\t\t\t<div class=\"elementor-element elementor-element-660537a elementor-widget elementor-widget-text-editor\" data-id=\"660537a\" data-element_type=\"widget\" data-widget_type=\"text-editor.default\">\n\t\t\t\t<div class=\"elementor-widget-container\">\n\t\t\t\t\t\t\t\t\t<header class=\"entry-header\"><ul><li class=\"entry-title\" tabindex=\"0\"><a href=\"https:\/\/avmu.mk\/wp-content\/uploads\/2017\/12\/Recommendation-CM-Rec20179-ALBANSKI.docx\" target=\"_blank\" rel=\"noopener\">Rekomandimin CM\/Rec(2017)9 nga Komiteti i ministrave deri te vendet an\u00ebtare, n\u00eb lidhje me barazin\u00eb gjinore n\u00eb sektorin audiovizuel<\/a><\/li><li class=\"entry-title\" tabindex=\"0\"><a href=\"https:\/\/avmu.mk\/wp-content\/uploads\/2017\/07\/preporaka.doc\" target=\"_blank\" rel=\"noopener noreferrer\">Rekomandimi CM\/Rec (2010)5 nga Komiteti i ministrave p\u00ebr vendet an\u00ebtare n\u00eb lidhje me masat p\u00ebr luft\u00eb kund\u00ebr diskriminimit n\u00eb baz\u00eb t\u00eb orientimit seksual ose identitet gjinor <\/a><\/li><li class=\"entry-title\" tabindex=\"0\"><a href=\"https:\/\/avmu.mk\/wp-content\/uploads\/2017\/05\/priracnik.pdf\" target=\"_blank\" rel=\"noopener noreferrer\">Grat\u00eb dhe gazetar(e)\u00ebt n\u00eb vend t\u00eb par\u00eb \u2013 DORACAK nga K\u00ebshilli i Evrop\u00ebs<\/a><\/li><li class=\"entry-title\" tabindex=\"0\"><a href=\"https:\/\/avmu.mk\/wp-content\/uploads\/2017\/05\/Preporaka_CM_2013.pdf\" target=\"_blank\" rel=\"noopener noreferrer\">Rekomandimi CM\/REC (2013) \u2013 nga Komiteti i ministrave deri te vendet an\u00ebtare p\u00ebr barazi gjinore dhe mediume<\/a><\/li><li class=\"entry-title\" tabindex=\"0\"><a href=\"https:\/\/avmu.mk\/wp-content\/uploads\/2017\/05\/preporaka_1931_web.pdf\" target=\"_blank\" rel=\"noopener noreferrer\">Rekomandimi 1931 (2010) \u2013 Lufta kund\u00ebr stereotipeve seksiste n\u00eb medium\u0435<\/a><\/li><li class=\"entry-title\" tabindex=\"0\"><a href=\"https:\/\/avmu.mk\/wp-content\/uploads\/2017\/05\/preporaka_1555_web.pdf\" target=\"_blank\" rel=\"noopener noreferrer\">Rekomandimi 1555 (2002) \u2013 Pasqyra e grave n\u00eb medium\u0435<\/a><\/li><li class=\"entry-title\" tabindex=\"0\"><a href=\"https:\/\/avmu.mk\/wp-content\/uploads\/2017\/05\/Rezolucija_1751.pdf\" target=\"_blank\" rel=\"noopener noreferrer\">Rezoluta 1751 (2010) \u2013 Lufta kund\u00ebr stereotipeve seksiste n\u00eb medium\u0435<\/a><\/li><\/ul><\/header><p tabindex=\"0\">\u00a0<\/p>\t\t\t\t\t\t\t\t<\/div>\n\t\t\t\t<\/div>\n\t\t\t\t<\/div>\n\t\t\t\t<\/div>\n\t\t\t\t\t<\/div>\n\t\t\t\t<\/div>\n\t\t\t\t<\/div>\n\t\t","protected":false},"excerpt":{"rendered":"<p>Dokumente relevante Evropiane Rekomandimin CM\/Rec(2017)9 nga Komiteti i ministrave deri te vendet an\u00ebtare, n\u00eb lidhje me barazin\u00eb gjinore n\u00eb sektorin audiovizuel Rekomandimi CM\/Rec (2010)5 nga Komiteti<span class=\"excerpt-hellip\"> [\u2026]<\/span><\/p>\n","protected":false},"author":1,"featured_media":0,"parent":0,"menu_order":0,"comment_status":"closed","ping_status":"closed","template":"","meta":{"footnotes":""},"class_list":["post-1570","page","type-page","status-publish","hentry"],"_links":{"self":[{"href":"https:\/\/rodotimediumite.mk\/sq\/wp-json\/wp\/v2\/pages\/1570","targetHints":{"allow":["GET"]}}],"collection":[{"href":"https:\/\/rodotimediumite.mk\/sq\/wp-json\/wp\/v2\/pages"}],"about":[{"href":"https:\/\/rodotimediumite.mk\/sq\/wp-json\/wp\/v2\/types\/page"}],"author":[{"embeddable":true,"href":"https:\/\/rodotimediumite.mk\/sq\/wp-json\/wp\/v2\/users\/1"}],"replies":[{"embeddable":true,"href":"https:\/\/rodotimediumite.mk\/sq\/wp-json\/wp\/v2\/comments?post=1570"}],"version-history":[{"count":0,"href":"https:\/\/rodotimediumite.mk\/sq\/wp-json\/wp\/v2\/pages\/1570\/revisions"}],"wp:attachment":[{"href":"https:\/\/rodotimediumite.mk\/sq\/wp-json\/wp\/v2\/media?parent=1570"}],"curies":[{"name":"wp","href":"https:\/\/api.w.org\/{rel}","templated":true}]}}