{"id":1803,"date":"2023-12-07T15:15:24","date_gmt":"2023-12-07T15:15:24","guid":{"rendered":"https:\/\/rodotimediumite.mk\/?page_id=1803"},"modified":"2024-01-17T20:58:47","modified_gmt":"2024-01-17T20:58:47","slug":"plane-operative","status":"publish","type":"page","link":"https:\/\/rodotimediumite.mk\/sq\/plane-operative\/","title":{"rendered":"Plane operative"},"content":{"rendered":"\t\t<div data-elementor-type=\"wp-page\" data-elementor-id=\"1803\" class=\"elementor elementor-1803 elementor-986\" data-elementor-post-type=\"page\">\n\t\t\t\t<div class=\"elementor-element elementor-element-5722226e e-flex e-con-boxed e-con e-parent\" data-id=\"5722226e\" data-element_type=\"container\">\n\t\t\t\t\t<div class=\"e-con-inner\">\n\t\t\t\t<div class=\"elementor-element elementor-element-73f803b elementor-widget elementor-widget-spacer\" data-id=\"73f803b\" data-element_type=\"widget\" data-widget_type=\"spacer.default\">\n\t\t\t\t<div class=\"elementor-widget-container\">\n\t\t\t\t\t\t\t<div class=\"elementor-spacer\">\n\t\t\t<div class=\"elementor-spacer-inner\"><\/div>\n\t\t<\/div>\n\t\t\t\t\t\t<\/div>\n\t\t\t\t<\/div>\n\t\t\t\t\t<\/div>\n\t\t\t\t<\/div>\n\t\t<div class=\"elementor-element elementor-element-2249f4a2 e-flex e-con-boxed e-con e-parent\" data-id=\"2249f4a2\" data-element_type=\"container\">\n\t\t\t\t\t<div class=\"e-con-inner\">\n\t\t<div class=\"elementor-element elementor-element-1580e834 e-con-full e-flex e-con e-child\" data-id=\"1580e834\" data-element_type=\"container\">\n\t\t\t\t<div class=\"elementor-element elementor-element-8cdad4b elementor-widget elementor-widget-text-editor\" data-id=\"8cdad4b\" data-element_type=\"widget\" data-widget_type=\"text-editor.default\">\n\t\t\t\t<div class=\"elementor-widget-container\">\n\t\t\t\t\t\t\t\t\t<p><a href=\"https:\/\/goo.gl\/maps\/7Z38VZpkFpQQQvHm7\"><strong>Agjencia p\u00ebr sh\u00ebrbime mediatike audio dhe audiovizuele \u00ebsht\u00eb trup i pavarur rregullues<\/strong><\/a>\u00a0i cili \u00ebsht\u00eb kompetent p\u00ebr rregullimin e televizioneve, radiove dhe sh\u00ebrbimeve mediatike audiovizuele me k\u00ebrkes\u00eb, nd\u00ebrsa ka kompetenca t\u00eb kufizuara edhe ndaj operator\u00ebve t\u00eb rrjeteve publike t\u00eb komunikimit elektronik (operator\u00ebt kabllor) si dhe publikuesit e mediumeve t\u00eb shtypit.<\/p><p>Agjencia i kushton v\u00ebmendje t\u00eb ve\u00e7ant\u00eb nd\u00ebrgjegj\u00ebsimit p\u00ebr \u00e7\u00ebshtjet gjinore dhe barazin\u00eb gjinore n\u00eb programet audiovizive, duke filluar nga detyrimet e saj dhe transmetuesit, t\u00eb cilat rrjedhin nga dokumentet nd\u00ebrkomb\u00ebtare dhe legjislacioni vendas.<\/p><p>Ligji p\u00ebr Sh\u00ebrbimet Mediatike Audio dhe Audiovizuale p\u00ebrcakton se radiodifuzer\u00ebt duhet t&#8217;i p\u00ebrmbahen parimit t\u00eb lirive dhe t\u00eb drejtave t\u00eb barabarta pavar\u00ebsisht nga gjinia dhe i ndalon ata t\u00eb transmetojn\u00eb programe q\u00eb nxisin ose p\u00ebrhapin diskriminim, intoleranc\u00eb ose urrejtje p\u00ebr baz\u00eb t\u00eb gjinis\u00eb (nd\u00ebr t\u00eb tjera) orientimi seksual, identiteti gjinor, p\u00ebrkat\u00ebsia n\u00eb nj\u00eb grup t\u00eb margjinalizuar. Agjencia monitoron p\u00ebrmbushjen e k\u00ebtyre detyrimeve p\u00ebrmes mbik\u00ebqyrjeve t\u00eb jasht\u00ebzakonshme q\u00eb ajo i nd\u00ebrmerr ose n\u00eb baz\u00eb t\u00eb parashtresave apo sipas detyr\u00ebs zyrtare. Konstatimet nga k\u00ebto mbik\u00ebqyrje, aktivitetet e nd\u00ebrmarra dhe masat e mundshme jan\u00eb publikuar n\u00eb <a href=\"https:\/\/avmu.mk\/en\/broadcasters\/\">ueb faqen<\/a> e Agjencis\u00eb.<\/p><p>Q\u00eb nga viti 2012, si pjes\u00eb e obligimeve t\u00eb p\u00ebrcaktuara me Ligjin p\u00ebr mund\u00ebsi t\u00eb barabarta p\u00ebr grat\u00eb dhe burrat, ASHMA ka kryer hulumtime dhe analiza vjetore t\u00eb fokusuara n\u00eb m\u00ebnyr\u00ebn se si trajtohen \u00e7\u00ebshtjet gjinore n\u00eb programet audiovizive dhe paraqiten grat\u00eb dhe burrat. Me k\u00ebt\u00eb, Agjencia dha nj\u00eb pjes\u00eb t\u00eb konsiderueshme n\u00eb nd\u00ebrtimin e normave shoq\u00ebrore p\u00ebr m\u00ebnyr\u00ebn se si popullata heteroseksuale vepron n\u00eb domenin publik.<\/p><p>N\u00eb k\u00ebt\u00eb kontekst, dhe me q\u00ebllim t\u00eb nd\u00ebrgjegj\u00ebsimit p\u00ebr seksizmin n\u00eb media, n\u00eb vitin 2017 Agjencia p\u00ebrpunoi nj\u00eb fushat\u00eb mediatike \u201cSeksizmi \u00ebsht\u00eb posht\u00ebrues\u201d, i p\u00ebrb\u00ebr\u00eb nga tre spote, dy p\u00ebr televizion dhe nj\u00eb p\u00ebr radio transmetim.<\/p><p><strong>\u00a0<\/strong><\/p><p><strong>Plane operative<\/strong><\/p><p>\u00a0<\/p><ul><li><a href=\"https:\/\/avmu.mk\/wp-content\/uploads\/2022\/02\/Operativen-plan-za-2022-za-Akciskiot-plan-za-Istanbulskata-konvencija-2018-2023-rotated-1.pdf\">Plani operativ p\u00ebr vitin 2022 p\u00ebr zbatimin e planit t\u00eb Veprimit p\u00ebr zbatimin e Konvent\u00ebs p\u00ebr parandalimin dhe luftimin e dhun\u00ebs ndaj grave dhe dhun\u00ebs n\u00eb familje 2018-2023<\/a><\/li><li><a href=\"https:\/\/avmu.mk\/wp-content\/uploads\/2021\/02\/%D0%BE%D0%BF%D0%B5%D1%80%D0%B0%D1%82%D0%B8%D0%B2%D0%B5%D0%BD-%D0%BF%D0%BB%D0%B0%D0%BD.pdf\">Plani operativ p\u00ebr vitin 2021 p\u00ebr zbatimin e planit t\u00eb Veprimit p\u00ebr zbatimin e Konvent\u00ebs p\u00ebr parandalimin dhe luftimin e dhun\u00ebs ndaj grave dhe dhun\u00ebs n\u00eb familje\u00a0<\/a><a href=\"https:\/\/avmu.mk\/wp-content\/uploads\/2021\/02\/%D0%BE%D0%BF%D0%B5%D1%80%D0%B0%D1%82%D0%B8%D0%B2%D0%B5%D0%BD-%D0%BF%D0%BB%D0%B0%D0%BD.pdf\">2018-2023<\/a><\/li><li><a href=\"https:\/\/avmu.mk\/wp-content\/uploads\/2017\/05\/Operativen-plan-za-2020-godina-za-realiziranje-na-akciskiot-plan-za-sproveduvanje-na-Konvencijata-za-sprecuvanje-i-borba-protiv-nasilstvo-vrz-zenite.pdf\">Plani i operativ p\u00ebr vitin 2020 \u00a0p\u00ebr zbatimin e Konvent\u00ebs p\u00ebr parandalimin dhe luftimin e dhun\u00ebs ndaj grave dhe dhun\u00ebs n\u00eb familje 2018-2023<\/a><\/li><li><a href=\"https:\/\/avmu.mk\/wp-content\/uploads\/2017\/05\/Operativen-plan-za-2020-godina-za-sproveduvanje-na-nacionalniot-plan-za-akcija-za-rodova-ednakvost-2018-2020.pdf\">Plani operativ p\u00ebr zbatimin e Planit Komb\u00ebtar t\u00eb Veprimit p\u00ebr Barazin\u00eb gjinore 2018-2020<\/a><\/li><li><a href=\"https:\/\/avmu.mk\/wp-content\/uploads\/2017\/05\/Operativen-plan-za-sproveduvanje-na-Nacionalnaiot-plan-za-akcija-za-rodova-ednakvost.pdf\">Plani operativ p\u00ebr vitin 2019 \u00a0p\u00ebr zbatimin e Planit Komb\u00ebtar t\u00eb Veprimit p\u00ebr Barazin\u00eb gjinore 2018-2020<\/a><\/li><li><a href=\"https:\/\/avmu.mk\/wp-content\/uploads\/2017\/05\/nacionalen-plan-za-rodova-ednakvost.pdf\">Plani operativ p\u00ebr zbatimin e Planit K\u00ebmb\u00ebtar t\u00eb Veprimit p\u00ebr barazin\u00eb Gjinore 2018-2020<\/a><\/li><\/ul>\t\t\t\t\t\t\t\t<\/div>\n\t\t\t\t<\/div>\n\t\t\t\t<\/div>\n\t\t\t\t\t<\/div>\n\t\t\t\t<\/div>\n\t\t\t\t<\/div>\n\t\t","protected":false},"excerpt":{"rendered":"<p>Agjencia p\u00ebr sh\u00ebrbime mediatike audio dhe audiovizuele \u00ebsht\u00eb trup i pavarur rregullues\u00a0i cili \u00ebsht\u00eb kompetent p\u00ebr rregullimin e televizioneve, radiove dhe sh\u00ebrbimeve mediatike audiovizuele me k\u00ebrkes\u00eb,<span class=\"excerpt-hellip\"> [\u2026]<\/span><\/p>\n","protected":false},"author":1,"featured_media":0,"parent":0,"menu_order":0,"comment_status":"closed","ping_status":"closed","template":"elementor_header_footer","meta":{"footnotes":""},"class_list":["post-1803","page","type-page","status-publish","hentry"],"_links":{"self":[{"href":"https:\/\/rodotimediumite.mk\/sq\/wp-json\/wp\/v2\/pages\/1803","targetHints":{"allow":["GET"]}}],"collection":[{"href":"https:\/\/rodotimediumite.mk\/sq\/wp-json\/wp\/v2\/pages"}],"about":[{"href":"https:\/\/rodotimediumite.mk\/sq\/wp-json\/wp\/v2\/types\/page"}],"author":[{"embeddable":true,"href":"https:\/\/rodotimediumite.mk\/sq\/wp-json\/wp\/v2\/users\/1"}],"replies":[{"embeddable":true,"href":"https:\/\/rodotimediumite.mk\/sq\/wp-json\/wp\/v2\/comments?post=1803"}],"version-history":[{"count":0,"href":"https:\/\/rodotimediumite.mk\/sq\/wp-json\/wp\/v2\/pages\/1803\/revisions"}],"wp:attachment":[{"href":"https:\/\/rodotimediumite.mk\/sq\/wp-json\/wp\/v2\/media?parent=1803"}],"curies":[{"name":"wp","href":"https:\/\/api.w.org\/{rel}","templated":true}]}}