{"id":1821,"date":"2023-12-07T15:17:27","date_gmt":"2023-12-07T15:17:27","guid":{"rendered":"https:\/\/rodotimediumite.mk\/?page_id=1821"},"modified":"2025-05-28T10:16:45","modified_gmt":"2025-05-28T10:16:45","slug":"raporte","status":"publish","type":"page","link":"https:\/\/rodotimediumite.mk\/sq\/raporte\/","title":{"rendered":"Raporte"},"content":{"rendered":"\t\t<div data-elementor-type=\"wp-page\" data-elementor-id=\"1821\" class=\"elementor elementor-1821 elementor-987\" data-elementor-post-type=\"page\">\n\t\t\t\t<div class=\"elementor-element elementor-element-1bc118b e-flex e-con-boxed e-con e-parent\" data-id=\"1bc118b\" data-element_type=\"container\">\n\t\t\t\t\t<div class=\"e-con-inner\">\n\t\t\t\t<div class=\"elementor-element elementor-element-e0a9d01 elementor-widget elementor-widget-spacer\" data-id=\"e0a9d01\" data-element_type=\"widget\" data-widget_type=\"spacer.default\">\n\t\t\t\t<div class=\"elementor-widget-container\">\n\t\t\t\t\t\t\t<div class=\"elementor-spacer\">\n\t\t\t<div class=\"elementor-spacer-inner\"><\/div>\n\t\t<\/div>\n\t\t\t\t\t\t<\/div>\n\t\t\t\t<\/div>\n\t\t\t\t\t<\/div>\n\t\t\t\t<\/div>\n\t\t<div class=\"elementor-element elementor-element-2ecd3ba2 e-flex e-con-boxed e-con e-parent\" data-id=\"2ecd3ba2\" data-element_type=\"container\">\n\t\t\t\t\t<div class=\"e-con-inner\">\n\t\t<div class=\"elementor-element elementor-element-7c256c11 e-con-full e-flex e-con e-child\" data-id=\"7c256c11\" data-element_type=\"container\">\n\t\t\t\t<div class=\"elementor-element elementor-element-265483b elementor-widget elementor-widget-text-editor\" data-id=\"265483b\" data-element_type=\"widget\" data-widget_type=\"text-editor.default\">\n\t\t\t\t<div class=\"elementor-widget-container\">\n\t\t\t\t\t\t\t\t\t<p><strong>Raportet e kordinatorit p\u00ebr mund\u00ebsi t\u00eb barabarta <\/strong><\/p><p>Raporti vjetor p\u00ebr pun\u00ebn e koeerdinatorit dhe z\u00ebvend\u00ebskoordinatorit p\u00ebr mund\u00ebsi t\u00eb barabarta p\u00ebr grat\u00eb dhe burrat n\u00eb organet e udh\u00ebheqjes shtet\u00ebrore p\u00ebr vitin\u00a0<\/p><ul><li><a href=\"https:\/\/rodotimediumite.mk\/wp-content\/uploads\/2025\/05\/Godisen-izvestaj-za-napredokot-na-sostojbata-na-ednakvite-moznosti-za-zenite-i-mazite-do-MTSP.pdf\">Raporti vjetor p\u00ebr pun\u00ebn e koeerdinatorit dhe z\u00ebvend\u00ebskoordinatorit p\u00ebr mund\u00ebsi t\u00eb barabarta p\u00ebr grat\u00eb dhe burrat n\u00eb organet e udh\u00ebheqjes shtet\u00ebrore p\u00ebr vitin 2024<\/a><\/li><\/ul><ul><li><a style=\"color: #fe9466;\" href=\"https:\/\/rodotimediumite.mk\/wp-content\/uploads\/2024\/04\/%D0%90%D0%92%D0%9C%D0%A3-%D0%93%D0%BE%D0%B4%D0%B8%D1%88%D0%B5%D0%BD-%D0%B8%D0%B7%D0%B2%D0%B5%D1%88%D1%82%D0%B0%D1%98-%D0%B7%D0%B0-%D0%BD%D0%B0%D0%BF%D1%80%D0%B5%D0%B4%D0%BE%D0%BA%D0%BE%D1%82-%D0%BD%D0%B0-%D0%B6%D0%B5%D0%BD%D0%B8%D1%82%D0%B5-%D0%B8-%D0%BC%D0%B0%D0%B6%D0%B8%D1%82%D0%B5-%D0%B7%D0%B0-2023-%D0%B3%D0%BE%D0%B4%D0%B8%D0%BD%D0%B0-%D1%81%D0%BE%D0%B3%D0%BB%D0%B0%D1%81%D0%BD%D0%BE-%D0%97%D0%B0%D0%BA%D0%BE%D0%BD%D0%BE%D1%82-%D0%B7%D0%B0-%D0%B5%D0%B4%D0%BD%D0%B0%D0%BA%D0%B2%D0%B8-%D0%BC%D0%BE%D0%B6%D0%BD%D0%BE%D1%81%D1%82%D0%B8-%D0%BD%D0%B0-%D0%B6%D0%B5%D0%BD%D0%B8%D1%82%D0%B5-%D0%B8-%D0%BC%D0%B0%D0%B6%D0%B8%D1%82%D0%B5.pdf\">Raporti vjetor p\u00ebr pun\u00ebn e koeerdinatorit dhe z\u00ebvend\u00ebskoordinatorit p\u00ebr mund\u00ebsi t\u00eb barabarta p\u00ebr grat\u00eb dhe burrat n\u00eb organet e udh\u00ebheqjes shtet\u00ebrore p\u00ebr vitin 2023<\/a><\/li><li><a href=\"https:\/\/rodotimediumite.mk\/wp-content\/uploads\/2024\/04\/Godisen-izvestaj-na-organite-na-drzavnata-uprava-za-napredokot-na-sostojbata-na-ednakvite-moznosti-za-zenite-i-mazite-do-MTSP.pdf\">Raporti vjetor p\u00ebr pun\u00ebn e koeerdinatorit dhe z\u00ebvend\u00ebskoordinatorit p\u00ebr mund\u00ebsi t\u00eb barabarta p\u00ebr grat\u00eb dhe burrat n\u00eb organet e udh\u00ebheqjes shtet\u00ebrore p\u00ebr vitin 2022<\/a><\/li><li><a href=\"https:\/\/avmu.mk\/wp-content\/uploads\/2022\/04\/Godisen-izvetaj-na-organite-na-drzavnata-uprava-za-napredokot-za-ednakvi-moznosti-za-zenite-i-mazite-do-MTSP.pdf\">Raporti vjetor p\u00ebr pun\u00ebn e koeerdinatorit dhe z\u00ebvend\u00ebskoordinatorit p\u00ebr mund\u00ebsi t\u00eb barabarta p\u00ebr grat\u00eb dhe burrat n\u00eb organet e udh\u00ebheqjes shtet\u00ebrore p\u00ebr vitin\u00a0 2021\u00a0<\/a><\/li><li><a href=\"https:\/\/rodotimediumite.mk\/wp-content\/uploads\/2024\/04\/Godisen-izvestaj-na-organite-na-drzavnata-uprava-za-napredokot-na-sostojbata-na-ednakvite-moznosti-za-zenite-i-mazite-1.pdf\">Raporti vjetor p\u00ebr pun\u00ebn e koeerdinatorit dhe z\u00ebvend\u00ebskoordinatorit p\u00ebr mund\u00ebsi t\u00eb barabarta p\u00ebr grat\u00eb dhe burrat n\u00eb organet e udh\u00ebheqjes shtet\u00ebrore p\u00ebr vitin 2020\u00a0<\/a><\/li><li><a href=\"https:\/\/rodotimediumite.mk\/wp-content\/uploads\/2024\/04\/Godisen-izvestaj-ednakvi-moznosti-za-zenite-i-mazite.pdf\">Raporti vjetor p\u00ebr pun\u00ebn e koeerdinatorit dhe z\u00ebvend\u00ebskoordinatorit p\u00ebr mund\u00ebsi t\u00eb barabarta p\u00ebr grat\u00eb dhe burrat n\u00eb organet e udh\u00ebheqjes shtet\u00ebrore p\u00ebr vitin 2019\u00a0 <\/a><\/li><li><a href=\"https:\/\/rodotimediumite.mk\/wp-content\/uploads\/2024\/04\/Godisen-izvestaj-na-organite-na-drzavnata-uprava-za-napredokot-na-sostojbata-na-ednakvite-moznosti-za-zenite-i-mazite-do-Ministerstvo-za-trud-i-socijalna-politika.pdf\">Raporti vjetor p\u00ebr pun\u00ebn e koeerdinatorit dhe z\u00ebvend\u00ebskoordinatorit p\u00ebr mund\u00ebsi t\u00eb barabarta p\u00ebr grat\u00eb dhe burrat n\u00eb organet e udh\u00ebheqjes shtet\u00ebrore p\u00ebr vitin 2018\u00a0<\/a><\/li><li><a style=\"text-align: var(--text-align);\" href=\"https:\/\/avmu.mk\/wp-content\/uploads\/2017\/11\/Godisen-izvestaj-za-2017-ednakvi-moznosti-na-mazite-i-zenite-AVMU.pdf\">Raporti vjetor p\u00ebr pun\u00ebn e koeerdinatorit dhe z\u00ebvend\u00ebskoordinatorit p\u00ebr mund\u00ebsi t\u00eb barabarta p\u00ebr grat\u00eb dhe burrat n\u00eb organet e udh\u00ebheqjes shtet\u00ebrore p\u00ebr vitin 2017<\/a><\/li><li><a href=\"https:\/\/avmu.mk\/wp-content\/uploads\/2017\/05\/Godisen_izvestaj_za_rabota_na_koordinatort_2016_godina.pdf\">Raporti vjetor i pun\u00ebs s\u00eb koordinatorit dhe z\u00ebvend\u00ebskoordinatorit p\u00ebr mund\u00ebsi t\u00eb barabarta t\u00eb grave dhe burrave n\u00eb organet e udh\u00ebheqjes shtet\u00ebrore p\u00ebr vitin 2016<\/a><\/li><li><a href=\"https:\/\/avmu.mk\/wp-content\/uploads\/2017\/05\/Godisen_izvestaj_od_koordinatorot_za_ednakvi_moznosti_za_zenite_i_mazite.pdf\">Raporti vjetor i pun\u00ebs s\u00eb koordinatorit dhe z\u00ebvend\u00ebskoordinatorit p\u00ebr mund\u00ebsi t\u00eb barabarta t\u00eb grave dhe burrave n\u00eb organet e udh\u00ebheqjes shtet\u00ebrore p\u00ebr vitin 2015<\/a><\/li><li><a href=\"https:\/\/avmu.mk\/wp-content\/uploads\/2017\/05\/Godisen_izvestaj_za_rabota_do_Ministerstvo_za_trud_i_socijalna_politika.pdf\">Raporti vjetor i pun\u00ebs s\u00eb koordinatorit dhe z\u00ebvend\u00ebskoordinatorit p\u00ebr mund\u00ebsi t\u00eb barabarta t\u00eb grave dhe burrave n\u00eb organet e udh\u00ebheqjes shtet\u00ebrore p\u00ebr vitin 2014<\/a><\/li><\/ul>\t\t\t\t\t\t\t\t<\/div>\n\t\t\t\t<\/div>\n\t\t\t\t<\/div>\n\t\t\t\t\t<\/div>\n\t\t\t\t<\/div>\n\t\t\t\t<\/div>\n\t\t","protected":false},"excerpt":{"rendered":"<p>Raportet e kordinatorit p\u00ebr mund\u00ebsi t\u00eb barabarta Raporti vjetor p\u00ebr pun\u00ebn e koeerdinatorit dhe z\u00ebvend\u00ebskoordinatorit p\u00ebr mund\u00ebsi t\u00eb barabarta p\u00ebr grat\u00eb dhe burrat n\u00eb organet e<span class=\"excerpt-hellip\"> [\u2026]<\/span><\/p>\n","protected":false},"author":1,"featured_media":0,"parent":0,"menu_order":0,"comment_status":"closed","ping_status":"closed","template":"elementor_header_footer","meta":{"footnotes":""},"class_list":["post-1821","page","type-page","status-publish","hentry"],"_links":{"self":[{"href":"https:\/\/rodotimediumite.mk\/sq\/wp-json\/wp\/v2\/pages\/1821","targetHints":{"allow":["GET"]}}],"collection":[{"href":"https:\/\/rodotimediumite.mk\/sq\/wp-json\/wp\/v2\/pages"}],"about":[{"href":"https:\/\/rodotimediumite.mk\/sq\/wp-json\/wp\/v2\/types\/page"}],"author":[{"embeddable":true,"href":"https:\/\/rodotimediumite.mk\/sq\/wp-json\/wp\/v2\/users\/1"}],"replies":[{"embeddable":true,"href":"https:\/\/rodotimediumite.mk\/sq\/wp-json\/wp\/v2\/comments?post=1821"}],"version-history":[{"count":6,"href":"https:\/\/rodotimediumite.mk\/sq\/wp-json\/wp\/v2\/pages\/1821\/revisions"}],"predecessor-version":[{"id":3684,"href":"https:\/\/rodotimediumite.mk\/sq\/wp-json\/wp\/v2\/pages\/1821\/revisions\/3684"}],"wp:attachment":[{"href":"https:\/\/rodotimediumite.mk\/sq\/wp-json\/wp\/v2\/media?parent=1821"}],"curies":[{"name":"wp","href":"https:\/\/api.w.org\/{rel}","templated":true}]}}