{"id":1833,"date":"2023-12-07T15:18:17","date_gmt":"2023-12-07T15:18:17","guid":{"rendered":"https:\/\/rodotimediumite.mk\/analizi-publikacii\/"},"modified":"2025-10-13T08:43:13","modified_gmt":"2025-10-13T08:43:13","slug":"analiza","status":"publish","type":"page","link":"https:\/\/rodotimediumite.mk\/sq\/analiza\/","title":{"rendered":"Analiza"},"content":{"rendered":"\t\t<div data-elementor-type=\"wp-page\" data-elementor-id=\"1833\" class=\"elementor elementor-1833 elementor-990\" data-elementor-post-type=\"page\">\n\t\t\t\t<div class=\"elementor-element elementor-element-dcae9cf e-con-full e-flex e-con e-parent\" data-id=\"dcae9cf\" data-element_type=\"container\">\n\t\t\t\t<div class=\"elementor-element elementor-element-f1476c3 elementor-widget elementor-widget-spacer\" data-id=\"f1476c3\" data-element_type=\"widget\" data-widget_type=\"spacer.default\">\n\t\t\t\t<div class=\"elementor-widget-container\">\n\t\t\t\t\t\t\t<div class=\"elementor-spacer\">\n\t\t\t<div class=\"elementor-spacer-inner\"><\/div>\n\t\t<\/div>\n\t\t\t\t\t\t<\/div>\n\t\t\t\t<\/div>\n\t\t\t\t<div class=\"elementor-element elementor-element-5a9c9ee elementor-widget elementor-widget-heading\" data-id=\"5a9c9ee\" data-element_type=\"widget\" data-widget_type=\"heading.default\">\n\t\t\t\t<div class=\"elementor-widget-container\">\n\t\t\t\t\t<h4 class=\"elementor-heading-title elementor-size-default\">Analiza\/Publikiacione<\/h4>\t\t\t\t<\/div>\n\t\t\t\t<\/div>\n\t\t\t\t<\/div>\n\t\t<div class=\"elementor-element elementor-element-65e0202 e-flex e-con-boxed e-con e-parent\" data-id=\"65e0202\" data-element_type=\"container\">\n\t\t\t\t\t<div class=\"e-con-inner\">\n\t\t<div class=\"elementor-element elementor-element-41cc46b e-con-full e-flex e-con e-child\" data-id=\"41cc46b\" data-element_type=\"container\">\n\t\t\t\t<div class=\"elementor-element elementor-element-561ae67 elementor-widget elementor-widget-image\" data-id=\"561ae67\" data-element_type=\"widget\" data-widget_type=\"image.default\">\n\t\t\t\t<div class=\"elementor-widget-container\">\n\t\t\t\t\t\t\t\t\t\t\t\t\t\t\t\t<a href=\"https:\/\/rodotimediumite.mk\/sq\/analiza-e-gjinise-ne-programet-televizive\/\">\n\t\t\t\t\t\t\t<img decoding=\"async\" width=\"124\" height=\"185\" src=\"https:\/\/rodotimediumite.mk\/wp-content\/uploads\/2024\/01\/AL-\u0410\u043d\u0430\u043b\u0438\u0437\u0430-\u0437\u0430-\u0440\u043e\u0434\u043e\u0442-\u0432\u043e-\u0422\u0412-1.jpg\" class=\"attachment-large size-large wp-image-2964\" alt=\"\" srcset=\"https:\/\/rodotimediumite.mk\/wp-content\/uploads\/2024\/01\/AL-\u0410\u043d\u0430\u043b\u0438\u0437\u0430-\u0437\u0430-\u0440\u043e\u0434\u043e\u0442-\u0432\u043e-\u0422\u0412-1.jpg 124w, https:\/\/rodotimediumite.mk\/wp-content\/uploads\/2024\/01\/AL-\u0410\u043d\u0430\u043b\u0438\u0437\u0430-\u0437\u0430-\u0440\u043e\u0434\u043e\u0442-\u0432\u043e-\u0422\u0412-1-50x75.jpg 50w\" sizes=\"(max-width:767px) 124px, 124px\" \/>\t\t\t\t\t\t\t\t<\/a>\n\t\t\t\t\t\t\t\t\t\t\t\t\t\t\t<\/div>\n\t\t\t\t<\/div>\n\t\t\t\t<div class=\"elementor-element elementor-element-95d711e elementor-widget elementor-widget-heading\" data-id=\"95d711e\" data-element_type=\"widget\" data-widget_type=\"heading.default\">\n\t\t\t\t<div class=\"elementor-widget-container\">\n\t\t\t\t\t<h3 class=\"elementor-heading-title elementor-size-small\"><a href=\"https:\/\/rodotimediumite.mk\/sq\/analiza-e-gjinise-ne-programet-televizive\/\">Analiza e gjinis\u00eb n\u00eb programte televzive<\/a><\/h3>\t\t\t\t<\/div>\n\t\t\t\t<\/div>\n\t\t\t\t<\/div>\n\t\t<div class=\"elementor-element elementor-element-2438920 e-con-full e-flex e-con e-child\" data-id=\"2438920\" data-element_type=\"container\">\n\t\t\t\t<div class=\"elementor-element elementor-element-1aca767 elementor-widget elementor-widget-image\" data-id=\"1aca767\" data-element_type=\"widget\" data-widget_type=\"image.default\">\n\t\t\t\t<div class=\"elementor-widget-container\">\n\t\t\t\t\t\t\t\t\t\t\t\t\t\t\t\t<a href=\"https:\/\/rodotimediumite.mk\/sq\/analiza-e-struktures-se-te-punesuarve-ne-industrine-mediatike-audio-dhe-audiovizuele\/\">\n\t\t\t\t\t\t\t<img decoding=\"async\" width=\"124\" height=\"185\" src=\"https:\/\/rodotimediumite.mk\/wp-content\/uploads\/2024\/01\/AL-\u0410\u043d\u0430\u043b\u0438\u0437\u0430-\u043d\u0430-\u0432\u0440\u0430\u0431\u043e\u0442\u0435\u043d\u0438\u0442\u0435-\u0432\u043e-\u0430\u0443\u0434\u0438\u043e\u0432\u0438\u0437\u0443\u0435\u043b\u043d\u0430\u0442\u0430-\u0438\u043d\u0434\u0443\u0441\u0442\u0440\u0438\u0458\u0430-2.jpg\" class=\"attachment-large size-large wp-image-2970\" alt=\"\" srcset=\"https:\/\/rodotimediumite.mk\/wp-content\/uploads\/2024\/01\/AL-\u0410\u043d\u0430\u043b\u0438\u0437\u0430-\u043d\u0430-\u0432\u0440\u0430\u0431\u043e\u0442\u0435\u043d\u0438\u0442\u0435-\u0432\u043e-\u0430\u0443\u0434\u0438\u043e\u0432\u0438\u0437\u0443\u0435\u043b\u043d\u0430\u0442\u0430-\u0438\u043d\u0434\u0443\u0441\u0442\u0440\u0438\u0458\u0430-2.jpg 124w, https:\/\/rodotimediumite.mk\/wp-content\/uploads\/2024\/01\/AL-\u0410\u043d\u0430\u043b\u0438\u0437\u0430-\u043d\u0430-\u0432\u0440\u0430\u0431\u043e\u0442\u0435\u043d\u0438\u0442\u0435-\u0432\u043e-\u0430\u0443\u0434\u0438\u043e\u0432\u0438\u0437\u0443\u0435\u043b\u043d\u0430\u0442\u0430-\u0438\u043d\u0434\u0443\u0441\u0442\u0440\u0438\u0458\u0430-2-50x75.jpg 50w\" sizes=\"(max-width:767px) 124px, 124px\" \/>\t\t\t\t\t\t\t\t<\/a>\n\t\t\t\t\t\t\t\t\t\t\t\t\t\t\t<\/div>\n\t\t\t\t<\/div>\n\t\t\t\t<div class=\"elementor-element elementor-element-ba31e20 elementor-widget elementor-widget-heading\" data-id=\"ba31e20\" data-element_type=\"widget\" data-widget_type=\"heading.default\">\n\t\t\t\t<div class=\"elementor-widget-container\">\n\t\t\t\t\t<h3 class=\"elementor-heading-title elementor-size-small\"><a href=\"https:\/\/rodotimediumite.mk\/sq\/analiza-e-struktures-se-te-punesuarve-ne-industrine-mediatike-audio-dhe-audiovizuele\/\">Analiza e struktur\u00ebs s\u00eb t\u00eb pun\u00ebsuarve n\u00eb industrin\u00eb mediatike audio dhe audiovizuele<\/a><\/h3>\t\t\t\t<\/div>\n\t\t\t\t<\/div>\n\t\t\t\t<\/div>\n\t\t<div class=\"elementor-element elementor-element-fceaab3 e-con-full e-flex e-con e-child\" data-id=\"fceaab3\" data-element_type=\"container\">\n\t\t\t\t<div class=\"elementor-element elementor-element-f9f32bd elementor-widget elementor-widget-image\" data-id=\"f9f32bd\" data-element_type=\"widget\" data-widget_type=\"image.default\">\n\t\t\t\t<div class=\"elementor-widget-container\">\n\t\t\t\t\t\t\t\t\t\t\t\t\t\t\t\t<a href=\"https:\/\/rodotimediumite.mk\/sq\/analize-e-struktures-gjinore-to-pagave-ne-radiodifuzion\/\">\n\t\t\t\t\t\t\t<img decoding=\"async\" width=\"124\" height=\"185\" src=\"https:\/\/rodotimediumite.mk\/wp-content\/uploads\/2024\/01\/Al-ANALIZA-E-PAGAVE-1.jpg\" class=\"attachment-large size-large wp-image-2973\" alt=\"\" srcset=\"https:\/\/rodotimediumite.mk\/wp-content\/uploads\/2024\/01\/Al-ANALIZA-E-PAGAVE-1.jpg 124w, https:\/\/rodotimediumite.mk\/wp-content\/uploads\/2024\/01\/Al-ANALIZA-E-PAGAVE-1-50x75.jpg 50w\" sizes=\"(max-width:767px) 124px, 124px\" \/>\t\t\t\t\t\t\t\t<\/a>\n\t\t\t\t\t\t\t\t\t\t\t\t\t\t\t<\/div>\n\t\t\t\t<\/div>\n\t\t\t\t<div class=\"elementor-element elementor-element-0ccf2c6 elementor-widget elementor-widget-heading\" data-id=\"0ccf2c6\" data-element_type=\"widget\" data-widget_type=\"heading.default\">\n\t\t\t\t<div class=\"elementor-widget-container\">\n\t\t\t\t\t<h3 class=\"elementor-heading-title elementor-size-small\"><a href=\"https:\/\/rodotimediumite.mk\/sq\/analize-e-struktures-gjinore-to-pagave-ne-radiodifuzion\/\">Analiz\u00eb e struktur\u00ebs gjinore t\u00eb pagave n\u00eb radiodifuzion<\/a><\/h3>\t\t\t\t<\/div>\n\t\t\t\t<\/div>\n\t\t\t\t<\/div>\n\t\t<div class=\"elementor-element elementor-element-a88ef2e e-con-full e-flex e-con e-child\" data-id=\"a88ef2e\" data-element_type=\"container\">\n\t\t\t\t<\/div>\n\t\t<div class=\"elementor-element elementor-element-b18135c e-con-full e-flex e-con e-child\" data-id=\"b18135c\" data-element_type=\"container\">\n\t\t\t\t<\/div>\n\t\t<div class=\"elementor-element elementor-element-59f52c8 e-con-full e-flex e-con e-child\" data-id=\"59f52c8\" data-element_type=\"container\">\n\t\t\t\t<\/div>\n\t\t\t\t\t<\/div>\n\t\t\t\t<\/div>\n\t\t<div class=\"elementor-element elementor-element-76d8bfa e-flex e-con-boxed e-con e-parent\" data-id=\"76d8bfa\" data-element_type=\"container\">\n\t\t\t\t\t<div class=\"e-con-inner\">\n\t\t<div class=\"elementor-element elementor-element-60a1dc3 e-con-full e-flex e-con e-child\" data-id=\"60a1dc3\" data-element_type=\"container\">\n\t\t\t\t<div class=\"elementor-element elementor-element-9899f4f elementor-widget elementor-widget-image\" data-id=\"9899f4f\" data-element_type=\"widget\" data-widget_type=\"image.default\">\n\t\t\t\t<div class=\"elementor-widget-container\">\n\t\t\t\t\t\t\t\t\t\t\t\t\t\t\t\t<a href=\"https:\/\/glasprotivnasilstvo.org.mk\/wp-content\/uploads\/2021\/12\/Veb-Rodova-Analiza-Programa-na-Vlada.pdf\">\n\t\t\t\t\t\t\t<img loading=\"lazy\" decoding=\"async\" width=\"124\" height=\"185\" src=\"https:\/\/rodotimediumite.mk\/wp-content\/uploads\/2024\/01\/image4-1-1.jpeg\" class=\"attachment-large size-large wp-image-2976\" alt=\"\" srcset=\"https:\/\/rodotimediumite.mk\/wp-content\/uploads\/2024\/01\/image4-1-1.jpeg 124w, https:\/\/rodotimediumite.mk\/wp-content\/uploads\/2024\/01\/image4-1-1-50x75.jpeg 50w\" sizes=\"(max-width:767px) 124px, 124px\" \/>\t\t\t\t\t\t\t\t<\/a>\n\t\t\t\t\t\t\t\t\t\t\t\t\t\t\t<\/div>\n\t\t\t\t<\/div>\n\t\t\t\t<div class=\"elementor-element elementor-element-ff85cd6 elementor-widget elementor-widget-heading\" data-id=\"ff85cd6\" data-element_type=\"widget\" data-widget_type=\"heading.default\">\n\t\t\t\t<div class=\"elementor-widget-container\">\n\t\t\t\t\t<h3 class=\"elementor-heading-title elementor-size-small\"><a href=\"https:\/\/glasprotivnasilstvo.org.mk\/wp-content\/uploads\/2021\/12\/Veb-Rodova-Analiza-Programa-na-Vlada.pdf\">ANALIZA GJINORE E PROGRAMIT T\u00cb PUN\u00cbS T\u00cb QEVERIS\u00cb S\u00cb REPUBLIK\u00cbS S\u00cb MAQEDONIS\u00cb VERIORE (2020-2024)<\/a><\/h3>\t\t\t\t<\/div>\n\t\t\t\t<\/div>\n\t\t\t\t<\/div>\n\t\t<div class=\"elementor-element elementor-element-085fc63 e-con-full e-flex e-con e-child\" data-id=\"085fc63\" data-element_type=\"container\">\n\t\t\t\t<div class=\"elementor-element elementor-element-d06f2cb elementor-widget elementor-widget-image\" data-id=\"d06f2cb\" data-element_type=\"widget\" data-widget_type=\"image.default\">\n\t\t\t\t<div class=\"elementor-widget-container\">\n\t\t\t\t\t\t\t\t\t\t\t\t\t\t\t\t<a href=\"https:\/\/www.glasprotivnasilstvo.org.mk\/wp-content\/uploads\/2021\/02\/NAP-finalen.pdf\">\n\t\t\t\t\t\t\t<img loading=\"lazy\" decoding=\"async\" width=\"124\" height=\"185\" src=\"https:\/\/rodotimediumite.mk\/wp-content\/uploads\/2024\/01\/image5-1-1.jpeg\" class=\"attachment-large size-large wp-image-2979\" alt=\"\" srcset=\"https:\/\/rodotimediumite.mk\/wp-content\/uploads\/2024\/01\/image5-1-1.jpeg 124w, https:\/\/rodotimediumite.mk\/wp-content\/uploads\/2024\/01\/image5-1-1-50x75.jpeg 50w\" sizes=\"(max-width:767px) 124px, 124px\" \/>\t\t\t\t\t\t\t\t<\/a>\n\t\t\t\t\t\t\t\t\t\t\t\t\t\t\t<\/div>\n\t\t\t\t<\/div>\n\t\t\t\t<div class=\"elementor-element elementor-element-f759cbe elementor-widget elementor-widget-heading\" data-id=\"f759cbe\" data-element_type=\"widget\" data-widget_type=\"heading.default\">\n\t\t\t\t<div class=\"elementor-widget-container\">\n\t\t\t\t\t<h3 class=\"elementor-heading-title elementor-size-small\"><a href=\"https:\/\/www.glasprotivnasilstvo.org.mk\/wp-content\/uploads\/2021\/02\/NAP-finalen.pdf\">RAPORTI I PROGRESIT Rs. MAQEDONIA VERIORE N\u00cb ZBATIMIN E PLANIT KOMB\u00cbTAR T\u00cb VEPRIMIT P\u00cbR ZBATIMIN E KONVENT\u00cbS S\u00cb STAMBOLLIT Tetor 2018 \u2013 Tetor 2020pdf<\/a><\/h3>\t\t\t\t<\/div>\n\t\t\t\t<\/div>\n\t\t\t\t<\/div>\n\t\t<div class=\"elementor-element elementor-element-84f397d e-con-full e-flex e-con e-child\" data-id=\"84f397d\" data-element_type=\"container\">\n\t\t\t\t<div class=\"elementor-element elementor-element-2276eb3 elementor-widget elementor-widget-image\" data-id=\"2276eb3\" data-element_type=\"widget\" data-widget_type=\"image.default\">\n\t\t\t\t<div class=\"elementor-widget-container\">\n\t\t\t\t\t\t\t\t\t\t\t\t\t\t\t\t<a href=\"https:\/\/www.glasprotivnasilstvo.org.mk\/wp-content\/uploads\/2020\/01\/Rodova-Analiza-Final_-25.12.pdf\">\n\t\t\t\t\t\t\t<img loading=\"lazy\" decoding=\"async\" width=\"124\" height=\"185\" src=\"https:\/\/rodotimediumite.mk\/wp-content\/uploads\/2024\/01\/image6-3-1.jpeg\" class=\"attachment-large size-large wp-image-2982\" alt=\"\" srcset=\"https:\/\/rodotimediumite.mk\/wp-content\/uploads\/2024\/01\/image6-3-1.jpeg 124w, https:\/\/rodotimediumite.mk\/wp-content\/uploads\/2024\/01\/image6-3-1-50x75.jpeg 50w\" sizes=\"(max-width:767px) 124px, 124px\" \/>\t\t\t\t\t\t\t\t<\/a>\n\t\t\t\t\t\t\t\t\t\t\t\t\t\t\t<\/div>\n\t\t\t\t<\/div>\n\t\t\t\t<div class=\"elementor-element elementor-element-48f6481 elementor-widget elementor-widget-heading\" data-id=\"48f6481\" data-element_type=\"widget\" data-widget_type=\"heading.default\">\n\t\t\t\t<div class=\"elementor-widget-container\">\n\t\t\t\t\t<h3 class=\"elementor-heading-title elementor-size-small\"><a href=\"https:\/\/www.glasprotivnasilstvo.org.mk\/wp-content\/uploads\/2020\/01\/Rodova-Analiza-Final_-25.12.pdf\">\nASPEKTI GJINOR DHE VIKTIMAT E DHUN\u00cbS S\u00cb BAZ\u00cb GJINORE DHE FAMILJARE N\u00cb LIGJIN P\u00cbR MBROJTJEN SOCIALE T\u00cb REPUBLIK\u00cbS S\u00cb MAQEDONIS\u00cb VERIORE<\/a><\/h3>\t\t\t\t<\/div>\n\t\t\t\t<\/div>\n\t\t\t\t<\/div>\n\t\t<div class=\"elementor-element elementor-element-c60f169 e-con-full e-flex e-con e-child\" data-id=\"c60f169\" data-element_type=\"container\">\n\t\t\t\t<div class=\"elementor-element elementor-element-60fd963 elementor-widget elementor-widget-image\" data-id=\"60fd963\" data-element_type=\"widget\" data-widget_type=\"image.default\">\n\t\t\t\t<div class=\"elementor-widget-container\">\n\t\t\t\t\t\t\t\t\t\t\t\t\t\t\t\t<a href=\"https:\/\/glasprotivnasilstvo.org.mk\/wp-content\/uploads\/2021\/01\/Analiza-na-ekonomskite-predizvitsi-final-13.01.2020.pdf\">\n\t\t\t\t\t\t\t<img loading=\"lazy\" decoding=\"async\" width=\"124\" height=\"185\" src=\"https:\/\/rodotimediumite.mk\/wp-content\/uploads\/2024\/01\/image7-2-1.jpeg\" class=\"attachment-large size-large wp-image-2985\" alt=\"\" srcset=\"https:\/\/rodotimediumite.mk\/wp-content\/uploads\/2024\/01\/image7-2-1.jpeg 124w, https:\/\/rodotimediumite.mk\/wp-content\/uploads\/2024\/01\/image7-2-1-50x75.jpeg 50w\" sizes=\"(max-width:767px) 124px, 124px\" \/>\t\t\t\t\t\t\t\t<\/a>\n\t\t\t\t\t\t\t\t\t\t\t\t\t\t\t<\/div>\n\t\t\t\t<\/div>\n\t\t\t\t<div class=\"elementor-element elementor-element-6a41be6 elementor-widget elementor-widget-heading\" data-id=\"6a41be6\" data-element_type=\"widget\" data-widget_type=\"heading.default\">\n\t\t\t\t<div class=\"elementor-widget-container\">\n\t\t\t\t\t<h3 class=\"elementor-heading-title elementor-size-small\"><a href=\"https:\/\/glasprotivnasilstvo.org.mk\/wp-content\/uploads\/2021\/01\/Analiza-na-ekonomskite-predizvitsi-final-13.01.2020.pdf\">ANALIZA E SFIDAVE EKONOMIKE ME T\u00cb KONTROLLUR NGA VIKTIMAT FEMRA T\u00cb DHUN\u00cbS N\u00cb FAMILJE Q\u00cb KANE LAR\u00cb NJ\u00cb MJEDIS T\u00cb DHUN\u00cbS<\/a><\/h3>\t\t\t\t<\/div>\n\t\t\t\t<\/div>\n\t\t\t\t<\/div>\n\t\t<div class=\"elementor-element elementor-element-2e37bad e-con-full e-flex e-con e-child\" data-id=\"2e37bad\" data-element_type=\"container\">\n\t\t\t\t<div class=\"elementor-element elementor-element-5beae78 elementor-widget elementor-widget-image\" data-id=\"5beae78\" data-element_type=\"widget\" data-widget_type=\"image.default\">\n\t\t\t\t<div class=\"elementor-widget-container\">\n\t\t\t\t\t\t\t\t\t\t\t\t\t\t\t\t<a href=\"https:\/\/glasprotivnasilstvo.org.mk\/wp-content\/uploads\/2021\/01\/Analiza-na-ekonomskite-predizvitsi-final-13.01.2020.pdf\">\n\t\t\t\t\t\t\t<img loading=\"lazy\" decoding=\"async\" width=\"150\" height=\"150\" src=\"https:\/\/rodotimediumite.mk\/wp-content\/uploads\/2024\/11\/\u0430\u043d\u0430\u043b\u0438\u0437\u0430-\u043d\u0430-\u0440\u043e\u0434\u043e\u0442-\u0430\u043b\u0431-150x150.png\" class=\"attachment-be_thumbnail size-be_thumbnail wp-image-3408\" alt=\"\" \/>\t\t\t\t\t\t\t\t<\/a>\n\t\t\t\t\t\t\t\t\t\t\t\t\t\t\t<\/div>\n\t\t\t\t<\/div>\n\t\t\t\t<div class=\"elementor-element elementor-element-090797a elementor-widget elementor-widget-heading\" data-id=\"090797a\" data-element_type=\"widget\" data-widget_type=\"heading.default\">\n\t\t\t\t<div class=\"elementor-widget-container\">\n\t\t\t\t\t<h3 class=\"elementor-heading-title elementor-size-small\"><a href=\"https:\/\/iks.edu.mk\/wp-content\/uploads\/2024\/11\/dezinformatat-gjinore-pengese-per-grate-ne-sport.pdf\">Dezinformatat\ngjinore penges\u00eb p\u00ebr\ngrat\u00eb n\u00eb sport<\/a><\/h3>\t\t\t\t<\/div>\n\t\t\t\t<\/div>\n\t\t\t\t<\/div>\n\t\t<div class=\"elementor-element elementor-element-0cf718f e-con-full e-flex e-con e-child\" data-id=\"0cf718f\" data-element_type=\"container\">\n\t\t\t\t<div class=\"elementor-element elementor-element-2f2ace8 elementor-widget__width-initial elementor-widget elementor-widget-image\" data-id=\"2f2ace8\" data-element_type=\"widget\" data-widget_type=\"image.default\">\n\t\t\t\t<div class=\"elementor-widget-container\">\n\t\t\t\t\t\t\t\t\t\t\t\t\t\t\t\t<a href=\"https:\/\/www.stat.mk\/media\/5jihoeph\/al_zenite-i-mazite-2025.pdf\">\n\t\t\t\t\t\t\t<img loading=\"lazy\" decoding=\"async\" width=\"150\" height=\"150\" src=\"https:\/\/rodotimediumite.mk\/wp-content\/uploads\/2025\/06\/alb-slika-150x150.jpg\" class=\"attachment-be_thumbnail size-be_thumbnail wp-image-3764\" alt=\"\" \/>\t\t\t\t\t\t\t\t<\/a>\n\t\t\t\t\t\t\t\t\t\t\t\t\t\t\t<\/div>\n\t\t\t\t<\/div>\n\t\t\t\t<div class=\"elementor-element elementor-element-cb9365d elementor-widget elementor-widget-heading\" data-id=\"cb9365d\" data-element_type=\"widget\" data-widget_type=\"heading.default\">\n\t\t\t\t<div class=\"elementor-widget-container\">\n\t\t\t\t\t<h3 class=\"elementor-heading-title elementor-size-small\"><a href=\"https:\/\/www.stat.mk\/media\/5jihoeph\/al_zenite-i-mazite-2025.pdf\">Grat\u00eb dhe Burrat n\u00eb Maqedonin\u00eb e Veriut, 2025<\/a><\/h3>\t\t\t\t<\/div>\n\t\t\t\t<\/div>\n\t\t\t\t<\/div>\n\t\t\t\t\t<\/div>\n\t\t\t\t<\/div>\n\t\t\t\t<\/div>\n\t\t","protected":false},"excerpt":{"rendered":"<p>Analiza\/Publikiacione Analiza e gjinis\u00eb n\u00eb programte televzive Analiza e struktur\u00ebs s\u00eb t\u00eb pun\u00ebsuarve n\u00eb industrin\u00eb mediatike audio dhe audiovizuele Analiz\u00eb e struktur\u00ebs gjinore t\u00eb pagave n\u00eb<span class=\"excerpt-hellip\"> [\u2026]<\/span><\/p>\n","protected":false},"author":1,"featured_media":0,"parent":0,"menu_order":0,"comment_status":"closed","ping_status":"closed","template":"elementor_header_footer","meta":{"footnotes":""},"class_list":["post-1833","page","type-page","status-publish","hentry"],"_links":{"self":[{"href":"https:\/\/rodotimediumite.mk\/sq\/wp-json\/wp\/v2\/pages\/1833","targetHints":{"allow":["GET"]}}],"collection":[{"href":"https:\/\/rodotimediumite.mk\/sq\/wp-json\/wp\/v2\/pages"}],"about":[{"href":"https:\/\/rodotimediumite.mk\/sq\/wp-json\/wp\/v2\/types\/page"}],"author":[{"embeddable":true,"href":"https:\/\/rodotimediumite.mk\/sq\/wp-json\/wp\/v2\/users\/1"}],"replies":[{"embeddable":true,"href":"https:\/\/rodotimediumite.mk\/sq\/wp-json\/wp\/v2\/comments?post=1833"}],"version-history":[{"count":9,"href":"https:\/\/rodotimediumite.mk\/sq\/wp-json\/wp\/v2\/pages\/1833\/revisions"}],"predecessor-version":[{"id":3786,"href":"https:\/\/rodotimediumite.mk\/sq\/wp-json\/wp\/v2\/pages\/1833\/revisions\/3786"}],"wp:attachment":[{"href":"https:\/\/rodotimediumite.mk\/sq\/wp-json\/wp\/v2\/media?parent=1833"}],"curies":[{"name":"wp","href":"https:\/\/api.w.org\/{rel}","templated":true}]}}