{"id":1840,"date":"2023-12-07T15:18:41","date_gmt":"2023-12-07T15:18:41","guid":{"rendered":"https:\/\/rodotimediumite.mk\/infografici\/"},"modified":"2025-04-15T07:17:54","modified_gmt":"2025-04-15T07:17:54","slug":"publikime","status":"publish","type":"page","link":"https:\/\/rodotimediumite.mk\/sq\/publikime\/","title":{"rendered":"Publikime"},"content":{"rendered":"\t\t<div data-elementor-type=\"wp-page\" data-elementor-id=\"1840\" class=\"elementor elementor-1840 elementor-991\" data-elementor-post-type=\"page\">\n\t\t\t\t<div class=\"elementor-element elementor-element-1a7fb74 e-con-full e-flex e-con e-parent\" data-id=\"1a7fb74\" data-element_type=\"container\">\n\t\t\t\t<div class=\"elementor-element elementor-element-8244835 elementor-widget elementor-widget-spacer\" data-id=\"8244835\" data-element_type=\"widget\" data-widget_type=\"spacer.default\">\n\t\t\t\t<div class=\"elementor-widget-container\">\n\t\t\t\t\t\t\t<div class=\"elementor-spacer\">\n\t\t\t<div class=\"elementor-spacer-inner\"><\/div>\n\t\t<\/div>\n\t\t\t\t\t\t<\/div>\n\t\t\t\t<\/div>\n\t\t\t\t<div class=\"elementor-element elementor-element-93a0fb1 elementor-widget elementor-widget-heading\" data-id=\"93a0fb1\" data-element_type=\"widget\" data-widget_type=\"heading.default\">\n\t\t\t\t<div class=\"elementor-widget-container\">\n\t\t\t\t\t<h4 class=\"elementor-heading-title elementor-size-default\">Publikime<\/h4>\t\t\t\t<\/div>\n\t\t\t\t<\/div>\n\t\t\t\t<\/div>\n\t\t<div class=\"elementor-element elementor-element-eb25884 e-flex e-con-boxed e-con e-parent\" data-id=\"eb25884\" data-element_type=\"container\">\n\t\t\t\t\t<div class=\"e-con-inner\">\n\t\t<div class=\"elementor-element elementor-element-0dbccc5 e-con-full e-flex e-con e-child\" data-id=\"0dbccc5\" data-element_type=\"container\">\n\t\t\t\t<div class=\"elementor-element elementor-element-70628c0 elementor-widget elementor-widget-image\" data-id=\"70628c0\" data-element_type=\"widget\" data-widget_type=\"image.default\">\n\t\t\t\t<div class=\"elementor-widget-container\">\n\t\t\t\t\t\t\t\t\t\t\t\t\t\t\t<img fetchpriority=\"high\" decoding=\"async\" width=\"336\" height=\"255\" src=\"https:\/\/rodotimediumite.mk\/wp-content\/uploads\/2023\/12\/image1-1.png\" class=\"attachment-full size-full wp-image-1359\" alt=\"\" srcset=\"https:\/\/rodotimediumite.mk\/wp-content\/uploads\/2023\/12\/image1-1.png 336w, https:\/\/rodotimediumite.mk\/wp-content\/uploads\/2023\/12\/image1-1-300x228.png 300w, https:\/\/rodotimediumite.mk\/wp-content\/uploads\/2023\/12\/image1-1-99x75.png 99w\" sizes=\"(max-width:767px) 336px, 336px\" \/>\t\t\t\t\t\t\t\t\t\t\t\t\t\t\t<\/div>\n\t\t\t\t<\/div>\n\t\t\t\t<div class=\"elementor-element elementor-element-23f87ac elementor-widget elementor-widget-heading\" data-id=\"23f87ac\" data-element_type=\"widget\" data-widget_type=\"heading.default\">\n\t\t\t\t<div class=\"elementor-widget-container\">\n\t\t\t\t\t<h5 class=\"elementor-heading-title elementor-size-default\"><a href=\"https:\/\/avmu.mk\/wp-content\/uploads\/2023\/12\/%D0%A1%D0%B5%D0%BA%D1%81%D1%83%D0%B0%D0%BB%D0%BD%D0%B0%D1%82%D0%B0-%D0%BE%D1%80%D0%B8%D0%B5%D0%BD%D1%82%D0%B0%D1%86%D0%B8%D1%98%D0%B0-%D0%B8-%D0%BC%D0%B5%D0%B4%D0%B8%D1%83%D0%BC%D0%B8%D1%82%D0%B5-%D0%9C%D0%90%D0%9A.pdf\">Orientimi seksual dhe media<\/a><\/h5>\t\t\t\t<\/div>\n\t\t\t\t<\/div>\n\t\t\t\t<\/div>\n\t\t<div class=\"elementor-element elementor-element-fb56303 e-con-full e-flex e-con e-child\" data-id=\"fb56303\" data-element_type=\"container\">\n\t\t\t\t<div class=\"elementor-element elementor-element-2dbbd6a elementor-widget elementor-widget-image\" data-id=\"2dbbd6a\" data-element_type=\"widget\" data-widget_type=\"image.default\">\n\t\t\t\t<div class=\"elementor-widget-container\">\n\t\t\t\t\t\t\t\t\t\t\t\t\t\t\t<img decoding=\"async\" width=\"384\" height=\"265\" src=\"https:\/\/rodotimediumite.mk\/wp-content\/uploads\/2023\/12\/image3-1.png\" class=\"attachment-full size-full wp-image-1365\" alt=\"\" srcset=\"https:\/\/rodotimediumite.mk\/wp-content\/uploads\/2023\/12\/image3-1.png 384w, https:\/\/rodotimediumite.mk\/wp-content\/uploads\/2023\/12\/image3-1-300x207.png 300w, https:\/\/rodotimediumite.mk\/wp-content\/uploads\/2023\/12\/image3-1-109x75.png 109w\" sizes=\"(max-width:767px) 384px, 384px\" \/>\t\t\t\t\t\t\t\t\t\t\t\t\t\t\t<\/div>\n\t\t\t\t<\/div>\n\t\t\t\t<div class=\"elementor-element elementor-element-64b695e elementor-widget elementor-widget-heading\" data-id=\"64b695e\" data-element_type=\"widget\" data-widget_type=\"heading.default\">\n\t\t\t\t<div class=\"elementor-widget-container\">\n\t\t\t\t\t<h5 class=\"elementor-heading-title elementor-size-default\"><a href=\"https:\/\/mediumskapismenost.mk\/wp-content\/uploads\/2021\/10\/133972686_2878759399074386_7191705323395333728_n-410x1024.png\">Gjinia n\u00eb televizion dhe radio: Kush i merr dhe kush i zbaton vendimet?<\/a><\/h5>\t\t\t\t<\/div>\n\t\t\t\t<\/div>\n\t\t\t\t<\/div>\n\t\t<div class=\"elementor-element elementor-element-7178f30 e-con-full e-flex e-con e-child\" data-id=\"7178f30\" data-element_type=\"container\">\n\t\t\t\t<div class=\"elementor-element elementor-element-8f3ef0c elementor-widget elementor-widget-image\" data-id=\"8f3ef0c\" data-element_type=\"widget\" data-widget_type=\"image.default\">\n\t\t\t\t<div class=\"elementor-widget-container\">\n\t\t\t\t\t\t\t\t\t\t\t\t\t\t\t<img decoding=\"async\" width=\"484\" height=\"281\" src=\"https:\/\/rodotimediumite.mk\/wp-content\/uploads\/2023\/12\/image4-1.png\" class=\"attachment-full size-full wp-image-1368\" alt=\"\" srcset=\"https:\/\/rodotimediumite.mk\/wp-content\/uploads\/2023\/12\/image4-1.png 484w, https:\/\/rodotimediumite.mk\/wp-content\/uploads\/2023\/12\/image4-1-300x174.png 300w, https:\/\/rodotimediumite.mk\/wp-content\/uploads\/2023\/12\/image4-1-129x75.png 129w, https:\/\/rodotimediumite.mk\/wp-content\/uploads\/2023\/12\/image4-1-480x279.png 480w\" sizes=\"(max-width:767px) 480px, 484px\" \/>\t\t\t\t\t\t\t\t\t\t\t\t\t\t\t<\/div>\n\t\t\t\t<\/div>\n\t\t\t\t<div class=\"elementor-element elementor-element-f61f897 elementor-widget elementor-widget-heading\" data-id=\"f61f897\" data-element_type=\"widget\" data-widget_type=\"heading.default\">\n\t\t\t\t<div class=\"elementor-widget-container\">\n\t\t\t\t\t<h5 class=\"elementor-heading-title elementor-size-default\"><a href=\"https:\/\/mediumskapismenost.mk\/wp-content\/uploads\/2021\/10\/133647173_2878759532407706_1194236496633963342_n.jpg%20\">Struktura gjinore e pagave n\u00eb transmetim n\u00eb vitin 2019<\/a><\/h5>\t\t\t\t<\/div>\n\t\t\t\t<\/div>\n\t\t\t\t<\/div>\n\t\t\t\t\t<\/div>\n\t\t\t\t<\/div>\n\t\t<div class=\"elementor-element elementor-element-889b6e4 e-flex e-con-boxed e-con e-parent\" data-id=\"889b6e4\" data-element_type=\"container\">\n\t\t\t\t\t<div class=\"e-con-inner\">\n\t\t\t\t<div class=\"elementor-element elementor-element-1250f1a elementor-widget elementor-widget-spacer\" data-id=\"1250f1a\" data-element_type=\"widget\" data-widget_type=\"spacer.default\">\n\t\t\t\t<div class=\"elementor-widget-container\">\n\t\t\t\t\t\t\t<div class=\"elementor-spacer\">\n\t\t\t<div class=\"elementor-spacer-inner\"><\/div>\n\t\t<\/div>\n\t\t\t\t\t\t<\/div>\n\t\t\t\t<\/div>\n\t\t\t\t\t<\/div>\n\t\t\t\t<\/div>\n\t\t<div class=\"elementor-element elementor-element-b96f97f e-flex e-con-boxed e-con e-parent\" data-id=\"b96f97f\" data-element_type=\"container\">\n\t\t\t\t\t<div class=\"e-con-inner\">\n\t\t<div class=\"elementor-element elementor-element-e7aab4c e-con-full e-flex e-con e-child\" data-id=\"e7aab4c\" data-element_type=\"container\">\n\t\t\t\t<div class=\"elementor-element elementor-element-bf11d9c elementor-widget elementor-widget-image\" data-id=\"bf11d9c\" data-element_type=\"widget\" data-widget_type=\"image.default\">\n\t\t\t\t<div class=\"elementor-widget-container\">\n\t\t\t\t\t\t\t\t\t\t\t\t\t\t\t<img loading=\"lazy\" decoding=\"async\" width=\"432\" height=\"305\" src=\"https:\/\/rodotimediumite.mk\/wp-content\/uploads\/2023\/12\/image5-1.png\" class=\"attachment-full size-full wp-image-1371\" alt=\"\" srcset=\"https:\/\/rodotimediumite.mk\/wp-content\/uploads\/2023\/12\/image5-1.png 432w, https:\/\/rodotimediumite.mk\/wp-content\/uploads\/2023\/12\/image5-1-300x212.png 300w, https:\/\/rodotimediumite.mk\/wp-content\/uploads\/2023\/12\/image5-1-106x75.png 106w\" sizes=\"(max-width:767px) 432px, 432px\" \/>\t\t\t\t\t\t\t\t\t\t\t\t\t\t\t<\/div>\n\t\t\t\t<\/div>\n\t\t\t\t<div class=\"elementor-element elementor-element-7c64264 elementor-widget elementor-widget-heading\" data-id=\"7c64264\" data-element_type=\"widget\" data-widget_type=\"heading.default\">\n\t\t\t\t<div class=\"elementor-widget-container\">\n\t\t\t\t\t<h5 class=\"elementor-heading-title elementor-size-default\"><a href=\"https:\/\/mzd.mk\/mk\/infografici-za-diskriminacija\/%d1%88%d1%82%d0%be-%d0%b5-%d1%80%d0%be%d0%b4%d0%be%d0%b2-%d1%98%d0%b0%d0%b7-%d0%b2%d0%be-%d0%bf%d0%bb%d0%b0%d1%82%d0%b8%d1%82%d0%b5-%d0%ba%d0%b0%d0%ba%d0%be-%d0%ba%d0%be%d1%98-%d0%b8-%d0%b7%d0%be\/\">Cili \u00ebsht\u00eb hendeku gjinor i pagave, si, kush dhe pse e krijon at\u00eb? Gjetjet dhe rekomandimet kryesore nga dokumenti \"PAGA ME MARR\u00cbVESHJE - Zvog\u00eblimi i hendekut gjinor p\u00ebrmes transparenc\u00ebs s\u00eb pagave\"<\/a><\/h5>\t\t\t\t<\/div>\n\t\t\t\t<\/div>\n\t\t\t\t<\/div>\n\t\t<div class=\"elementor-element elementor-element-07f0a38 e-con-full e-flex e-con e-child\" data-id=\"07f0a38\" data-element_type=\"container\">\n\t\t\t\t<div class=\"elementor-element elementor-element-6fb6342 elementor-widget elementor-widget-image\" data-id=\"6fb6342\" data-element_type=\"widget\" data-widget_type=\"image.default\">\n\t\t\t\t<div class=\"elementor-widget-container\">\n\t\t\t\t\t\t\t\t\t\t\t\t\t\t\t<img loading=\"lazy\" decoding=\"async\" width=\"385\" height=\"323\" src=\"https:\/\/rodotimediumite.mk\/wp-content\/uploads\/2023\/12\/image2.png\" class=\"attachment-full size-full wp-image-1362\" alt=\"\" srcset=\"https:\/\/rodotimediumite.mk\/wp-content\/uploads\/2023\/12\/image2.png 385w, https:\/\/rodotimediumite.mk\/wp-content\/uploads\/2023\/12\/image2-300x252.png 300w, https:\/\/rodotimediumite.mk\/wp-content\/uploads\/2023\/12\/image2-89x75.png 89w\" sizes=\"(max-width:767px) 385px, 385px\" \/>\t\t\t\t\t\t\t\t\t\t\t\t\t\t\t<\/div>\n\t\t\t\t<\/div>\n\t\t\t\t<div class=\"elementor-element elementor-element-1a9272e elementor-widget elementor-widget-heading\" data-id=\"1a9272e\" data-element_type=\"widget\" data-widget_type=\"heading.default\">\n\t\t\t\t<div class=\"elementor-widget-container\">\n\t\t\t\t\t<h5 class=\"elementor-heading-title elementor-size-default\"><a href=\"https:\/\/mediumskapismenost.mk\/wp-content\/uploads\/2021\/10\/134042611_2878759282407731_6333312585889621564_n.png%20\">Gjinia n\u00eb televizion dhe radio: Kush i merr dhe kush i zbaton vendimet?<\/a><\/h5>\t\t\t\t<\/div>\n\t\t\t\t<\/div>\n\t\t\t\t<\/div>\n\t\t<div class=\"elementor-element elementor-element-f681390 e-con-full e-flex e-con e-child\" data-id=\"f681390\" data-element_type=\"container\">\n\t\t\t\t<div class=\"elementor-element elementor-element-5d8bfb6 elementor-widget elementor-widget-image\" data-id=\"5d8bfb6\" data-element_type=\"widget\" data-widget_type=\"image.default\">\n\t\t\t\t<div class=\"elementor-widget-container\">\n\t\t\t\t\t\t\t\t\t\t\t\t\t\t\t<img loading=\"lazy\" decoding=\"async\" width=\"633\" height=\"435\" src=\"https:\/\/rodotimediumite.mk\/wp-content\/uploads\/2023\/12\/image6-2.jpeg\" class=\"attachment-full size-full wp-image-1374\" alt=\"\" srcset=\"https:\/\/rodotimediumite.mk\/wp-content\/uploads\/2023\/12\/image6-2.jpeg 633w, https:\/\/rodotimediumite.mk\/wp-content\/uploads\/2023\/12\/image6-2-500x344.jpeg 500w, https:\/\/rodotimediumite.mk\/wp-content\/uploads\/2023\/12\/image6-2-300x206.jpeg 300w, https:\/\/rodotimediumite.mk\/wp-content\/uploads\/2023\/12\/image6-2-109x75.jpeg 109w, https:\/\/rodotimediumite.mk\/wp-content\/uploads\/2023\/12\/image6-2-480x330.jpeg 480w\" sizes=\"(max-width:767px) 480px, 633px\" \/>\t\t\t\t\t\t\t\t\t\t\t\t\t\t\t<\/div>\n\t\t\t\t<\/div>\n\t\t\t\t<div class=\"elementor-element elementor-element-d9b896e elementor-widget elementor-widget-heading\" data-id=\"d9b896e\" data-element_type=\"widget\" data-widget_type=\"heading.default\">\n\t\t\t\t<div class=\"elementor-widget-container\">\n\t\t\t\t\t<h5 class=\"elementor-heading-title elementor-size-default\"><a href=\"https:\/\/mzd.mk\/mk\/infografici-za-diskriminacija\/%d0%bd%d0%b0%d0%be%d0%b4%d0%b8-%d0%b8-%d0%bf%d1%80%d0%b5%d0%bf%d0%be%d1%80%d0%b0%d0%ba%d0%b8-%d0%be%d0%b4-%d0%b8%d0%b7%d0%b2%d0%b5%d1%88%d1%82%d0%b0%d1%98%d0%be%d1%82-%d0%be%d0%b4-%d1%81%d0%bf%d1%80\/\">T\u00eb gjeturat dhe rekomandimet kryesore nga Raporti i monitorimit t\u00eb zbatuar t\u00eb zbatimit t\u00eb Ligjit t\u00eb ri p\u00ebr Mbrojtjen Sociale<\/a><\/h5>\t\t\t\t<\/div>\n\t\t\t\t<\/div>\n\t\t\t\t<\/div>\n\t\t\t\t\t<\/div>\n\t\t\t\t<\/div>\n\t\t<div class=\"elementor-element elementor-element-00ec17d e-flex e-con-boxed e-con e-parent\" data-id=\"00ec17d\" data-element_type=\"container\">\n\t\t\t\t\t<div class=\"e-con-inner\">\n\t\t\t\t<div class=\"elementor-element elementor-element-e656618 elementor-widget elementor-widget-spacer\" data-id=\"e656618\" data-element_type=\"widget\" data-widget_type=\"spacer.default\">\n\t\t\t\t<div class=\"elementor-widget-container\">\n\t\t\t\t\t\t\t<div class=\"elementor-spacer\">\n\t\t\t<div class=\"elementor-spacer-inner\"><\/div>\n\t\t<\/div>\n\t\t\t\t\t\t<\/div>\n\t\t\t\t<\/div>\n\t\t\t\t\t<\/div>\n\t\t\t\t<\/div>\n\t\t<div class=\"elementor-element elementor-element-fd8f6e1 e-flex e-con-boxed e-con e-parent\" data-id=\"fd8f6e1\" data-element_type=\"container\">\n\t\t\t\t\t<div class=\"e-con-inner\">\n\t\t<div class=\"elementor-element elementor-element-2956868 e-con-full e-flex e-con e-child\" data-id=\"2956868\" data-element_type=\"container\">\n\t\t\t\t<div class=\"elementor-element elementor-element-216fa7e elementor-widget elementor-widget-image\" data-id=\"216fa7e\" data-element_type=\"widget\" data-widget_type=\"image.default\">\n\t\t\t\t<div class=\"elementor-widget-container\">\n\t\t\t\t\t\t\t\t\t\t\t\t\t\t\t<img loading=\"lazy\" decoding=\"async\" width=\"247\" height=\"349\" src=\"https:\/\/rodotimediumite.mk\/wp-content\/uploads\/2023\/12\/image7-1.jpeg\" class=\"attachment-full size-full wp-image-1377\" alt=\"\" srcset=\"https:\/\/rodotimediumite.mk\/wp-content\/uploads\/2023\/12\/image7-1.jpeg 247w, https:\/\/rodotimediumite.mk\/wp-content\/uploads\/2023\/12\/image7-1-212x300.jpeg 212w, https:\/\/rodotimediumite.mk\/wp-content\/uploads\/2023\/12\/image7-1-53x75.jpeg 53w\" sizes=\"(max-width:767px) 247px, 247px\" \/>\t\t\t\t\t\t\t\t\t\t\t\t\t\t\t<\/div>\n\t\t\t\t<\/div>\n\t\t\t\t<div class=\"elementor-element elementor-element-776cfe4 elementor-widget elementor-widget-heading\" data-id=\"776cfe4\" data-element_type=\"widget\" data-widget_type=\"heading.default\">\n\t\t\t\t<div class=\"elementor-widget-container\">\n\t\t\t\t\t<h5 class=\"elementor-heading-title elementor-size-default\"><a href=\"https:\/\/mzd.mk\/mk\/infografici-za-diskriminacija\/3890\/\">Cili \u00ebsht\u00eb diskriminimi ndaj grave?<\/a><\/h5>\t\t\t\t<\/div>\n\t\t\t\t<\/div>\n\t\t\t\t<\/div>\n\t\t<div class=\"elementor-element elementor-element-6876600 e-con-full e-flex e-con e-child\" data-id=\"6876600\" data-element_type=\"container\">\n\t\t\t\t<\/div>\n\t\t<div class=\"elementor-element elementor-element-1567401 e-con-full e-flex e-con e-child\" data-id=\"1567401\" data-element_type=\"container\">\n\t\t\t\t<\/div>\n\t\t\t\t\t<\/div>\n\t\t\t\t<\/div>\n\t\t\t\t<\/div>\n\t\t","protected":false},"excerpt":{"rendered":"<p>Publikime Orientimi seksual dhe media Gjinia n\u00eb televizion dhe radio: Kush i merr dhe kush i zbaton vendimet? Struktura gjinore e pagave n\u00eb transmetim n\u00eb vitin<span class=\"excerpt-hellip\"> [\u2026]<\/span><\/p>\n","protected":false},"author":1,"featured_media":0,"parent":0,"menu_order":0,"comment_status":"closed","ping_status":"closed","template":"elementor_header_footer","meta":{"footnotes":""},"class_list":["post-1840","page","type-page","status-publish","hentry"],"_links":{"self":[{"href":"https:\/\/rodotimediumite.mk\/sq\/wp-json\/wp\/v2\/pages\/1840","targetHints":{"allow":["GET"]}}],"collection":[{"href":"https:\/\/rodotimediumite.mk\/sq\/wp-json\/wp\/v2\/pages"}],"about":[{"href":"https:\/\/rodotimediumite.mk\/sq\/wp-json\/wp\/v2\/types\/page"}],"author":[{"embeddable":true,"href":"https:\/\/rodotimediumite.mk\/sq\/wp-json\/wp\/v2\/users\/1"}],"replies":[{"embeddable":true,"href":"https:\/\/rodotimediumite.mk\/sq\/wp-json\/wp\/v2\/comments?post=1840"}],"version-history":[{"count":12,"href":"https:\/\/rodotimediumite.mk\/sq\/wp-json\/wp\/v2\/pages\/1840\/revisions"}],"predecessor-version":[{"id":3557,"href":"https:\/\/rodotimediumite.mk\/sq\/wp-json\/wp\/v2\/pages\/1840\/revisions\/3557"}],"wp:attachment":[{"href":"https:\/\/rodotimediumite.mk\/sq\/wp-json\/wp\/v2\/media?parent=1840"}],"curies":[{"name":"wp","href":"https:\/\/api.w.org\/{rel}","templated":true}]}}