{"id":1856,"date":"2023-12-07T14:53:43","date_gmt":"2023-12-07T14:53:43","guid":{"rendered":"https:\/\/rodotimediumite.mk\/domashna-regulativa\/"},"modified":"2024-01-17T21:01:03","modified_gmt":"2024-01-17T21:01:03","slug":"legjislacion-i-brendshem","status":"publish","type":"page","link":"https:\/\/rodotimediumite.mk\/sq\/legjislacion-i-brendshem\/","title":{"rendered":"Legjislacion I brendsh\u00ebm"},"content":{"rendered":"\t\t<div data-elementor-type=\"wp-page\" data-elementor-id=\"1856\" class=\"elementor elementor-1856 elementor-916\" data-elementor-post-type=\"page\">\n\t\t\t\t<div class=\"elementor-element elementor-element-a6895cd e-con-full e-flex e-con e-parent\" data-id=\"a6895cd\" data-element_type=\"container\">\n\t\t\t\t<div class=\"elementor-element elementor-element-4fcb89d elementor-widget elementor-widget-spacer\" data-id=\"4fcb89d\" data-element_type=\"widget\" data-widget_type=\"spacer.default\">\n\t\t\t\t<div class=\"elementor-widget-container\">\n\t\t\t\t\t\t\t<div class=\"elementor-spacer\">\n\t\t\t<div class=\"elementor-spacer-inner\"><\/div>\n\t\t<\/div>\n\t\t\t\t\t\t<\/div>\n\t\t\t\t<\/div>\n\t\t\t\t<\/div>\n\t\t<div class=\"elementor-element elementor-element-404ca561 e-flex e-con-boxed e-con e-parent\" data-id=\"404ca561\" data-element_type=\"container\">\n\t\t\t\t\t<div class=\"e-con-inner\">\n\t\t<div class=\"elementor-element elementor-element-2def0d6d e-con-full e-flex e-con e-child\" data-id=\"2def0d6d\" data-element_type=\"container\">\n\t\t\t\t<div class=\"elementor-element elementor-element-ef73fde elementor-widget elementor-widget-heading\" data-id=\"ef73fde\" data-element_type=\"widget\" data-widget_type=\"heading.default\">\n\t\t\t\t<div class=\"elementor-widget-container\">\n\t\t\t\t\t<h4 class=\"elementor-heading-title elementor-size-default\">Legjislacioni  i brendsh\u00ebm<\/h4>\t\t\t\t<\/div>\n\t\t\t\t<\/div>\n\t\t\t\t<div class=\"elementor-element elementor-element-003395e elementor-widget elementor-widget-text-editor\" data-id=\"003395e\" data-element_type=\"widget\" data-widget_type=\"text-editor.default\">\n\t\t\t\t<div class=\"elementor-widget-container\">\n\t\t\t\t\t\t\t\t\t<p style=\"margin-bottom: 0in; mso-add-space: auto; text-align: justify; text-indent: -.25in; line-height: 12.6pt; mso-list: l0 level1 lfo1; background: white;\"><strong><span lang=\"EN-US\" style=\"font-family: 'Calibri',sans-serif; mso-fareast-font-family: Calibri; color: #333333; font-weight: normal;\"><span style=\"font: 7.0pt 'Times New Roman';\">\u00a0 \u00a0 \u00a0 \u00a0 \u00a0 \u00a0 \u00a0 \u00a0 \u00a0 \u00a0<\/span><\/span><\/strong><\/p><ul><li><a href=\"https:\/\/www.slvesnik.com.mk\/Issues\/e47c4174574c4dcda6d7e05e713038d6.pdf\">Ligji i Parandalimit dhe i Mbrojtjes nga dhuna ndaj femrave dhe dhun\u00ebs n\u00eb familje (24\/21)<\/a><\/li><li><a href=\"https:\/\/www.slvesnik.com.mk\/Issues\/d1cad95799fb48d19825ab843deefe09.pdf\">Ligji p\u00ebr parandalimin dhe mbrojtjen nga diskriminimi (258\/20) <\/a><\/li><li><a href=\"https:\/\/www.mtsp.gov.mk\/content\/pdf\/zakoni\/2017\/precisten%20tekst%202015%20na%20ZEM_nov.pdf\">Ligji p\u00ebr mund\u00ebsi t\u00eb barabarta p\u00ebr grat\u00eb dhe burrat (tekst i pastruar) <\/a><\/li><\/ul><p><strong>AL Ligji p\u00ebr mardh\u00ebniet e pun\u00ebs<\/strong><\/p><ul><li><a href=\"https:\/\/www.mtsp.gov.mk\/content\/pdf\/zakoni\/30.9_ZRO%20precisten%20167%2015.pdf\">Ligji p\u00ebr mardh\u00ebniet e pun\u00ebs \u2013 tekst i pastruar (167\/15)<\/a><\/li><li><a href=\"https:\/\/www.slvesnik.com.mk\/Issues\/e9f4114db47c4569a4ca60e08c4ad74c.pdf\">Ligji p\u00ebr ndryshimin dhe plot\u00ebsimin e Ligjit p\u00ebr Mardh\u00ebniet e pun\u00ebs (27\/16) <\/a><\/li><li><a href=\"https:\/\/www.slvesnik.com.mk\/Issues\/aeb59de6b5644c3cac8228579709014d.pdf\">Ligji ndryshimin dhe plot\u00ebsimin e Ligjit p\u00ebt Mardh\u00ebniet e pun\u00ebs (120\/18) <\/a><\/li><li><a href=\"https:\/\/www.mtsp.gov.mk\/content\/pdf\/zakoni\/2019\/zro%202019.pdf\">Ligji p\u00ebr ndryshimin dhe plot\u00ebsimin e Ligjit p\u00ebr marrdh\u00ebnie pune (110\/19)<\/a><a href=\"https:\/\/www.mtsp.gov.mk\/content\/pdf\/zakoni\/2020\/5.2_ZRO%20ALB.pdf\">(ALB)<\/a><\/li><li><a href=\"https:\/\/www.slvesnik.com.mk\/Issues\/c8de1f3639c542b6bb2bdae44967565f.pdf\">Ligji p\u00ebr ndyshimin plot\u00ebsimin e Ligjit p\u00ebr Mardh\u00ebniet e pun\u00ebs (267\/20) <\/a><\/li><li><a href=\"https:\/\/www.slvesnik.com.mk\/Issues\/55dde9239aca45468c94cc8266c6d5e2.pdf\">Ligji p\u00ebr ndryshimin dhe plot\u00ebsimin e Ligjit p\u00ebr Mardh\u00ebniet e pun\u00ebs (151\/21) <\/a><\/li><\/ul><p><strong> Ligji p\u00ebr mbrojtje nga shqet\u00ebsimi n\u00eb vendin e pun\u00ebs <\/strong><b style=\"text-align: var(--text-align);\"><span lang=\"EN-US\" style=\"font-size: 11.0pt; line-height: 107%; font-family: 'Calibri',sans-serif; mso-ascii-theme-font: minor-latin; mso-fareast-font-family: Calibri; mso-fareast-theme-font: minor-latin; mso-hansi-theme-font: minor-latin; mso-bidi-theme-font: minor-latin; color: red; mso-ansi-language: EN-US; mso-fareast-language: EN-US; mso-bidi-language: AR-SA;\"><br \/><\/span><\/b><\/p><ul><li><strong><a href=\"https:\/\/www.mtsp.gov.mk\/content\/pdf\/trud_2017\/pravilnici\/16,,11-%D0%B7%D0%B0%D0%BA%D0%BE%D0%BD%D0%97%D0%B0%D1%88%D1%82%D0%B8%D1%82%D0%B0%D0%92%D0%BE%D0%B7%D0%A0%D0%B0%D0%B1%D0%9C%D0%B5%D1%81%D1%82%D0%BE.pdf\">Ligji p\u00ebr mbrojtje nga shqet\u00ebsimi n\u00eb vendin e pun\u00ebs (tekst i pastruar)\u00a0<\/a><\/strong><\/li><li><a href=\"https:\/\/www.mtsp.gov.mk\/content\/pdf\/zakoni\/2021_zakoni\/2021_zakoni_alb\/Z.%20zastita%20od%20voznemiruvanje%20na%20rm%20(103-2021)%20MK.pdf\"><em>Ligji p\u00ebr ndryshimin dhe plot\u00ebsimin e Ligjit p\u00ebr mbrojtje nga shqet\u00ebsimi n\u00eb vendin e pun\u00ebs (103\/21)<\/em><\/a>\u00a0<\/li><\/ul><p><strong>Ligji p\u00ebr Sh\u00ebrbime Mediatike Audio dhe Audiovizuele <\/strong><\/p><p><a href=\"https:\/\/avmu.mk\/wp-content\/uploads\/2021\/04\/ZAVMU_77_21_AL.pdf\">Ligji p\u00ebr ndryshimin e Ligjit p\u00ebr sh\u00ebrbime mediatike audio dhe audiovizuele nga data 6.04.2021.<\/a><\/p><p><a href=\"https:\/\/avmu.mk\/wp-content\/uploads\/2021\/04\/%D0%97%D0%B0%D0%BA%D0%BE%D0%BD-%D0%B7%D0%B0-%D0%B8%D0%B7%D0%BC%D0%B5%D0%BD%D0%B0-%D0%97%D0%90%D0%90%D0%92%D0%9C%D0%A3_AL.pdf\">Ligji p\u00ebr ndryshimin e Ligjit p\u00ebr sh\u00ebrbime mediatike audio dhe audiovizuele nga data 31.12.2018<\/a><\/p><p><a href=\"https:\/\/avmu.mk\/wp-content\/uploads\/2017\/05\/Zakon-za-audio-i-audiovizuelni-mediumski-uslugi-_izmena-od-20.09.2017.pdf\">Ligji p\u00ebr ndryshimin e Ligjit p\u00ebr sh\u00ebrbime mediatike audio dhe audiovizuele nga data 20.09.2017.<\/a><\/p><p><a href=\"https:\/\/avmu.mk\/wp-content\/uploads\/2017\/05\/Zakon_za_izmenuvanje_i_dopulnuvanje_na_zakonot_z_audio_i_audiovizuelni_mediumski_uslugi.pdf\">Ligji p\u00ebr ndryshimin dhe plot\u00ebsimin e Ligjit p\u00ebr sh\u00ebrbime mediatike audio dhe audiovizuele nga data 1.08.2016.<\/a><\/p><p><a href=\"https:\/\/avmu.mk\/wp-content\/uploads\/2017\/05\/Zakon_za_izmenuvanje_i_dopolnuvanje.pdf\">Ligji p\u00ebr ndryshimin dhe plot\u00ebsimin e Ligjit p\u00ebr sh\u00ebrbime mediatike audio dhe audiovizuele nga data 5.09.2014.<\/a><\/p><p><a href=\"https:\/\/avmu.mk\/wp-content\/uploads\/2017\/05\/SLUBEN_VESNIK_NA_RM_br._101_od_07.07.2014.pdf\">Ligji p\u00ebr ndryshimin dhe plot\u00ebsimin e Ligjit p\u00ebr sh\u00ebrbime mediatike audio dhe audiovizuele nga data 7.07.2014.<\/a><\/p><p><a href=\"https:\/\/avmu.mk\/wp-content\/uploads\/2017\/05\/od_4_mart_izmena_za_Zakonot.pdf\">Ligji p\u00ebr ndryshimin dhe plot\u00ebsimin e Ligjit p\u00ebr sh\u00ebrbime mediatike audio dhe audiovizuele nga data 5.03.2014.<\/a><\/p><p><a href=\"https:\/\/avmu.mk\/wp-content\/uploads\/2017\/05\/Zakon_za_audio_i_audiovizuelni_mediumski_uslugi_mkd_1.pdf\">Ligji p\u00ebr sh\u00ebrbime mediatike audio dhe audiovizuele nga data 26.12.2013.<\/a><\/p><p><strong>UDH\u00cbZUES<\/strong><strong>:<\/strong><\/p><p><a href=\"http:\/\/mail.avmu.mk\/redir.hsp?url=https%3A%2F%2Favmu.mk%2Fwp-content%2Fuploads%2F2021%2F11%2F%C3%90%C2%92%C3%90%C2%BE%C3%90%C2%B4%C3%90%C2%B8%C3%91%C2%87-%C3%90%C2%BD%C3%90%C2%B0-%C3%90%C2%90%C3%90%C2%92%C3%90%C2%9C%C3%90%C2%A3-%C3%90%C2%B7%C3%90%C2%B0-%C3%90%C2%BC%C3%90%C2%BE%C3%90%C2%BD%C3%90%C2%B8%C3%91%C2%82%C3%90%C2%BE%C3%91%C2%80%C3%90%C2%B8%C3%90%C2%BD%C3%90%C2%B3-%C3%90%C2%BD%C3%90%C2%B0-%C3%90%26nbsp;%C3%90%C2%97%C3%90%C2%9D-.pdf\">Udh\u00ebzuesin e Agjencis\u00eb p\u00ebr sh\u00ebrbime mediatike audio dhe audiovizuele p\u00ebr monitorimin e zbatimit t\u00eb standardeve p\u00ebr raportimin e rasteve t\u00eb dhun\u00ebs n\u00eb baz\u00eb gjinore n\u00eb media.<\/a><\/p><p><a href=\"https:\/\/avmu.mk\/wp-content\/uploads\/2017\/05\/Vodic-za-monitoring-za-govorot-na-omraza-Mak.pdf\">Udh\u00ebzues p\u00ebr monitorimin e \u201egjuh\u00ebs s\u00eb urrejtjes\u201c<\/a><\/p>\t\t\t\t\t\t\t\t<\/div>\n\t\t\t\t<\/div>\n\t\t\t\t<\/div>\n\t\t\t\t\t<\/div>\n\t\t\t\t<\/div>\n\t\t\t\t<\/div>\n\t\t","protected":false},"excerpt":{"rendered":"<p>Legjislacioni i brendsh\u00ebm \u00a0 \u00a0 \u00a0 \u00a0 \u00a0 \u00a0 \u00a0 \u00a0 \u00a0 \u00a0 Ligji i Parandalimit dhe i Mbrojtjes nga dhuna ndaj femrave dhe dhun\u00ebs n\u00eb<span class=\"excerpt-hellip\"> [\u2026]<\/span><\/p>\n","protected":false},"author":1,"featured_media":0,"parent":0,"menu_order":0,"comment_status":"closed","ping_status":"closed","template":"elementor_header_footer","meta":{"footnotes":""},"class_list":["post-1856","page","type-page","status-publish","hentry"],"_links":{"self":[{"href":"https:\/\/rodotimediumite.mk\/sq\/wp-json\/wp\/v2\/pages\/1856","targetHints":{"allow":["GET"]}}],"collection":[{"href":"https:\/\/rodotimediumite.mk\/sq\/wp-json\/wp\/v2\/pages"}],"about":[{"href":"https:\/\/rodotimediumite.mk\/sq\/wp-json\/wp\/v2\/types\/page"}],"author":[{"embeddable":true,"href":"https:\/\/rodotimediumite.mk\/sq\/wp-json\/wp\/v2\/users\/1"}],"replies":[{"embeddable":true,"href":"https:\/\/rodotimediumite.mk\/sq\/wp-json\/wp\/v2\/comments?post=1856"}],"version-history":[{"count":0,"href":"https:\/\/rodotimediumite.mk\/sq\/wp-json\/wp\/v2\/pages\/1856\/revisions"}],"wp:attachment":[{"href":"https:\/\/rodotimediumite.mk\/sq\/wp-json\/wp\/v2\/media?parent=1856"}],"curies":[{"name":"wp","href":"https:\/\/api.w.org\/{rel}","templated":true}]}}