{"id":1868,"date":"2021-07-23T12:50:06","date_gmt":"2021-07-23T12:50:06","guid":{"rendered":"https:\/\/rodotimediumite.mk\/kontakt\/"},"modified":"2023-12-09T22:08:37","modified_gmt":"2023-12-09T22:08:37","slug":"kontakt","status":"publish","type":"page","link":"https:\/\/rodotimediumite.mk\/sq\/kontakt\/","title":{"rendered":"KONTAKT"},"content":{"rendered":"\t\t<div data-elementor-type=\"wp-page\" data-elementor-id=\"1868\" class=\"elementor elementor-1868 elementor-134\" data-elementor-post-type=\"page\">\n\t\t\t\t<div class=\"elementor-element elementor-element-6874675 e-flex e-con-boxed e-con e-parent\" data-id=\"6874675\" data-element_type=\"container\">\n\t\t\t\t\t<div class=\"e-con-inner\">\n\t\t\t\t<div class=\"elementor-element elementor-element-4a0ac0f elementor-widget elementor-widget-spacer\" data-id=\"4a0ac0f\" data-element_type=\"widget\" data-widget_type=\"spacer.default\">\n\t\t\t\t<div class=\"elementor-widget-container\">\n\t\t\t\t\t\t\t<div class=\"elementor-spacer\">\n\t\t\t<div class=\"elementor-spacer-inner\"><\/div>\n\t\t<\/div>\n\t\t\t\t\t\t<\/div>\n\t\t\t\t<\/div>\n\t\t\t\t\t<\/div>\n\t\t\t\t<\/div>\n\t\t<div class=\"elementor-element elementor-element-27892c6 e-flex e-con-boxed e-con e-parent\" data-id=\"27892c6\" data-element_type=\"container\">\n\t\t\t\t\t<div class=\"e-con-inner\">\n\t\t<div class=\"elementor-element elementor-element-7a7e702 e-con-full e-flex e-con e-child\" data-id=\"7a7e702\" data-element_type=\"container\">\n\t\t\t\t<div class=\"elementor-element elementor-element-9005666 elementor-widget elementor-widget-image\" data-id=\"9005666\" data-element_type=\"widget\" data-widget_type=\"image.default\">\n\t\t\t\t<div class=\"elementor-widget-container\">\n\t\t\t\t\t\t\t\t\t\t\t\t\t\t\t<img fetchpriority=\"high\" decoding=\"async\" width=\"1200\" height=\"800\" src=\"https:\/\/rodotimediumite.mk\/wp-content\/uploads\/2023\/12\/Agencija-za-mediumi-AVMU-scaled-1-1200x800.jpg\" class=\"attachment-large size-large wp-image-1055\" alt=\"\" srcset=\"https:\/\/rodotimediumite.mk\/wp-content\/uploads\/2023\/12\/Agencija-za-mediumi-AVMU-scaled-1-1200x800.jpg 1200w, https:\/\/rodotimediumite.mk\/wp-content\/uploads\/2023\/12\/Agencija-za-mediumi-AVMU-scaled-1-500x333.jpg 500w, https:\/\/rodotimediumite.mk\/wp-content\/uploads\/2023\/12\/Agencija-za-mediumi-AVMU-scaled-1-300x200.jpg 300w, https:\/\/rodotimediumite.mk\/wp-content\/uploads\/2023\/12\/Agencija-za-mediumi-AVMU-scaled-1-768x512.jpg 768w, https:\/\/rodotimediumite.mk\/wp-content\/uploads\/2023\/12\/Agencija-za-mediumi-AVMU-scaled-1-1536x1024.jpg 1536w, https:\/\/rodotimediumite.mk\/wp-content\/uploads\/2023\/12\/Agencija-za-mediumi-AVMU-scaled-1-2048x1366.jpg 2048w, https:\/\/rodotimediumite.mk\/wp-content\/uploads\/2023\/12\/Agencija-za-mediumi-AVMU-scaled-1-112x75.jpg 112w, https:\/\/rodotimediumite.mk\/wp-content\/uploads\/2023\/12\/Agencija-za-mediumi-AVMU-scaled-1-480x320.jpg 480w\" sizes=\"(max-width:767px) 480px, (max-width:1200px) 100vw, 1200px\" \/>\t\t\t\t\t\t\t\t\t\t\t\t\t\t\t<\/div>\n\t\t\t\t<\/div>\n\t\t\t\t<\/div>\n\t\t<div class=\"elementor-element elementor-element-4d57562 e-con-full e-flex e-con e-child\" data-id=\"4d57562\" data-element_type=\"container\">\n\t\t\t\t<div class=\"elementor-element elementor-element-4d36b9d elementor-widget elementor-widget-html\" data-id=\"4d36b9d\" data-element_type=\"widget\" data-widget_type=\"html.default\">\n\t\t\t\t<div class=\"elementor-widget-container\">\n\t\t\t\t\t<iframe src=\"https:\/\/www.google.com\/maps\/embed?pb=!1m18!1m12!1m3!1d1482.7054638564985!2d21.428275698635126!3d41.99145574781944!2m3!1f0!2f0!3f0!3m2!1i1024!2i768!4f13.1!3m3!1m2!1s0x135415ca983fdb2b%3A0xee392b390a7185e9!2sAgency%20for%20Audio%20and%20Audio-Visual%20Media%20Services%20of%20the%20Republic%20of%20Macedonia!5e0!3m2!1sen!2smk!4v1701964289242!5m2!1sen!2smk\" width=\"600\" height=\"380\" style=\"border:0;\" allowfullscreen=\"\" loading=\"lazy\" referrerpolicy=\"no-referrer-when-downgrade\"><\/iframe>\t\t\t\t<\/div>\n\t\t\t\t<\/div>\n\t\t\t\t<\/div>\n\t\t\t\t\t<\/div>\n\t\t\t\t<\/div>\n\t\t<div class=\"elementor-element elementor-element-94033f5 e-flex e-con-boxed e-con e-parent\" data-id=\"94033f5\" data-element_type=\"container\">\n\t\t\t\t\t<div class=\"e-con-inner\">\n\t\t\t\t<div class=\"elementor-element elementor-element-29a26eb elementor-widget elementor-widget-spacer\" data-id=\"29a26eb\" data-element_type=\"widget\" data-widget_type=\"spacer.default\">\n\t\t\t\t<div class=\"elementor-widget-container\">\n\t\t\t\t\t\t\t<div class=\"elementor-spacer\">\n\t\t\t<div class=\"elementor-spacer-inner\"><\/div>\n\t\t<\/div>\n\t\t\t\t\t\t<\/div>\n\t\t\t\t<\/div>\n\t\t\t\t<div class=\"elementor-element elementor-element-94a9d99 elementor-widget elementor-widget-text-editor\" data-id=\"94a9d99\" data-element_type=\"widget\" data-widget_type=\"text-editor.default\">\n\t\t\t\t<div class=\"elementor-widget-container\">\n\t\t\t\t\t\t\t\t\t<p style=\"text-align: center;\">Agjencia p\u00ebr Sh\u00ebrbime Mediatike \u00a0Audio dhe Audiovizuele<\/p><p style=\"text-align: center;\">Pallati Panko Brashnarov palace, rr.\u201cMakedonija\u201d nr.38, 1000 Shkup<\/p><p style=\"text-align: center;\">\u0422el:\u00a0 389 (02) 3103 400<\/p><p style=\"text-align: center;\">E-maili: contact@avmu.mk<\/p><p style=\"text-align: center;\">www.avmu.mk<\/p>\t\t\t\t\t\t\t\t<\/div>\n\t\t\t\t<\/div>\n\t\t\t\t\t<\/div>\n\t\t\t\t<\/div>\n\t\t<div class=\"elementor-element elementor-element-12cea9e e-flex e-con-boxed e-con e-parent\" data-id=\"12cea9e\" data-element_type=\"container\">\n\t\t\t\t\t<div class=\"e-con-inner\">\n\t\t<div class=\"elementor-element elementor-element-4d8d3e8 e-con-full e-flex e-con e-child\" data-id=\"4d8d3e8\" data-element_type=\"container\">\n\t\t\t\t<div class=\"elementor-element elementor-element-86454b5 elementor-widget elementor-widget-text-editor\" data-id=\"86454b5\" data-element_type=\"widget\" data-widget_type=\"text-editor.default\">\n\t\t\t\t<div class=\"elementor-widget-container\">\n\t\t\t\t\t\t\t\t\t<p style=\"text-align: center;\"><strong>Koordinator p\u00ebr mund\u00ebsi t\u00eb barabarta p\u00ebr burra dhe gra dhe burra n\u00eb AVMU<\/strong><\/p><p style=\"text-align: center;\">Emilia Petreska Kamenjarova, MA<\/p><p style=\"text-align: center;\">e-mail: e.petreska-kamenjarova@avmu.mk\u00a0<\/p>\t\t\t\t\t\t\t\t<\/div>\n\t\t\t\t<\/div>\n\t\t\t\t<\/div>\n\t\t<div class=\"elementor-element elementor-element-a674331 e-con-full e-flex e-con e-child\" data-id=\"a674331\" data-element_type=\"container\">\n\t\t\t\t<div class=\"elementor-element elementor-element-0d3b744 elementor-widget elementor-widget-text-editor\" data-id=\"0d3b744\" data-element_type=\"widget\" data-widget_type=\"text-editor.default\">\n\t\t\t\t<div class=\"elementor-widget-container\">\n\t\t\t\t\t\t\t\t\t<p style=\"text-align: center;\"><strong>Z\u00ebvend\u00ebs Koordinator<\/strong><\/p><p style=\"text-align: center;\"><strong>Sasho Bogdanovski, M.Sc<\/strong><\/p><p style=\"font-weight: 400; text-align: center;\"><span style=\"font-style: inherit; font-weight: inherit;\">e-mail: s.bogdanovski@avmu.mk<\/span><\/p>\t\t\t\t\t\t\t\t<\/div>\n\t\t\t\t<\/div>\n\t\t\t\t<\/div>\n\t\t\t\t\t<\/div>\n\t\t\t\t<\/div>\n\t\t\t\t<\/div>\n\t\t","protected":false},"excerpt":{"rendered":"<p>Agjencia p\u00ebr Sh\u00ebrbime Mediatike \u00a0Audio dhe Audiovizuele Pallati Panko Brashnarov palace, rr.\u201cMakedonija\u201d nr.38, 1000 Shkup \u0422el:\u00a0 389 (02) 3103 400 E-maili: contact@avmu.mk www.avmu.mk Koordinator p\u00ebr mund\u00ebsi<span class=\"excerpt-hellip\"> [\u2026]<\/span><\/p>\n","protected":false},"author":1,"featured_media":0,"parent":0,"menu_order":0,"comment_status":"open","ping_status":"closed","template":"","meta":{"footnotes":""},"class_list":["post-1868","page","type-page","status-publish","hentry"],"_links":{"self":[{"href":"https:\/\/rodotimediumite.mk\/sq\/wp-json\/wp\/v2\/pages\/1868","targetHints":{"allow":["GET"]}}],"collection":[{"href":"https:\/\/rodotimediumite.mk\/sq\/wp-json\/wp\/v2\/pages"}],"about":[{"href":"https:\/\/rodotimediumite.mk\/sq\/wp-json\/wp\/v2\/types\/page"}],"author":[{"embeddable":true,"href":"https:\/\/rodotimediumite.mk\/sq\/wp-json\/wp\/v2\/users\/1"}],"replies":[{"embeddable":true,"href":"https:\/\/rodotimediumite.mk\/sq\/wp-json\/wp\/v2\/comments?post=1868"}],"version-history":[{"count":0,"href":"https:\/\/rodotimediumite.mk\/sq\/wp-json\/wp\/v2\/pages\/1868\/revisions"}],"wp:attachment":[{"href":"https:\/\/rodotimediumite.mk\/sq\/wp-json\/wp\/v2\/media?parent=1868"}],"curies":[{"name":"wp","href":"https:\/\/api.w.org\/{rel}","templated":true}]}}