{"id":2187,"date":"2023-12-28T12:16:32","date_gmt":"2023-12-28T12:16:32","guid":{"rendered":"https:\/\/rodotimediumite.mk\/?page_id=2187"},"modified":"2023-12-28T12:47:26","modified_gmt":"2023-12-28T12:47:26","slug":"ankesa-dhe-parashtresa-ne-lidhje-me-barazine-gjinore","status":"publish","type":"page","link":"https:\/\/rodotimediumite.mk\/sq\/ankesa-dhe-parashtresa-ne-lidhje-me-barazine-gjinore\/","title":{"rendered":"Ankesa dhe parashtresa n\u00eb lidhje me barazin\u00eb gjinore"},"content":{"rendered":"\t\t<div data-elementor-type=\"wp-page\" data-elementor-id=\"2187\" class=\"elementor elementor-2187 elementor-2117\" data-elementor-post-type=\"page\">\n\t\t\t\t<div class=\"elementor-element elementor-element-3531d21 e-flex e-con-boxed e-con e-parent\" data-id=\"3531d21\" data-element_type=\"container\">\n\t\t\t\t\t<div class=\"e-con-inner\">\n\t\t\t\t<div class=\"elementor-element elementor-element-0ea9aca elementor-widget elementor-widget-spacer\" data-id=\"0ea9aca\" data-element_type=\"widget\" data-widget_type=\"spacer.default\">\n\t\t\t\t<div class=\"elementor-widget-container\">\n\t\t\t\t\t\t\t<div class=\"elementor-spacer\">\n\t\t\t<div class=\"elementor-spacer-inner\"><\/div>\n\t\t<\/div>\n\t\t\t\t\t\t<\/div>\n\t\t\t\t<\/div>\n\t\t\t\t\t<\/div>\n\t\t\t\t<\/div>\n\t\t<div class=\"elementor-element elementor-element-51a59ff1 e-flex e-con-boxed e-con e-parent\" data-id=\"51a59ff1\" data-element_type=\"container\">\n\t\t\t\t\t<div class=\"e-con-inner\">\n\t\t<div class=\"elementor-element elementor-element-47fd49f0 e-con-full e-flex e-con e-child\" data-id=\"47fd49f0\" data-element_type=\"container\">\n\t\t\t\t<div class=\"elementor-element elementor-element-1b72a3fe elementor-widget elementor-widget-text-editor\" data-id=\"1b72a3fe\" data-element_type=\"widget\" data-widget_type=\"text-editor.default\">\n\t\t\t\t<div class=\"elementor-widget-container\">\n\t\t\t\t\t\t\t\t\t<p><strong>Ankesa dhe parashtresa n\u00eb lidhje me barazin\u00eb gjinore<\/strong><\/p><p>P\u00ebr t\u00eb gjitha ankesat, parashtresat dhe \u00e7\u00ebshtjet n\u00eb lidhje me p\u00ebrmbajtjet mediatike q\u00eb konsideroni se jan\u00eb n\u00eb kund\u00ebrshtim me parimet e barazis\u00eb gjinore, mund t\u00eb na kontaktoni n\u00eb:<\/p><p>e-mail:\u00a0<a href=\"mailto:contact@avmu.mk\">contact@avmu.mk<\/a><\/p><p>tel: (02) 3103 400<\/p><p>K\u00ebrkesat tuaja mund t\u2019i d\u00ebrgoni edhe me post\u00eb, n\u00eb adres\u00ebn:<\/p><p>Agjencia p\u00ebr sh\u00ebrbime mediatike audio dhe audiovizuele<\/p><p>Pallati Panko Brashnarov, rr. \u201cMaqedonia\u201d nr.38, 1000 Shkup<\/p>\t\t\t\t\t\t\t\t<\/div>\n\t\t\t\t<\/div>\n\t\t\t\t<\/div>\n\t\t<div class=\"elementor-element elementor-element-552a0b39 e-con-full e-flex e-con e-child\" data-id=\"552a0b39\" data-element_type=\"container\">\n\t\t\t\t<div class=\"elementor-element elementor-element-7632e1e7 elementor-widget elementor-widget-image\" data-id=\"7632e1e7\" data-element_type=\"widget\" data-widget_type=\"image.default\">\n\t\t\t\t<div class=\"elementor-widget-container\">\n\t\t\t\t\t\t\t\t\t\t\t\t\t\t\t<img fetchpriority=\"high\" decoding=\"async\" width=\"508\" height=\"120\" src=\"https:\/\/rodotimediumite.mk\/wp-content\/uploads\/2023\/12\/header_logo.png\" class=\"attachment-large size-large wp-image-659\" alt=\"\" srcset=\"https:\/\/rodotimediumite.mk\/wp-content\/uploads\/2023\/12\/header_logo.png 508w, https:\/\/rodotimediumite.mk\/wp-content\/uploads\/2023\/12\/header_logo-500x118.png 500w, https:\/\/rodotimediumite.mk\/wp-content\/uploads\/2023\/12\/header_logo-300x71.png 300w, https:\/\/rodotimediumite.mk\/wp-content\/uploads\/2023\/12\/header_logo-150x35.png 150w, https:\/\/rodotimediumite.mk\/wp-content\/uploads\/2023\/12\/header_logo-480x113.png 480w\" sizes=\"(max-width:767px) 480px, 508px\" \/>\t\t\t\t\t\t\t\t\t\t\t\t\t\t\t<\/div>\n\t\t\t\t<\/div>\n\t\t\t\t<div class=\"elementor-element elementor-element-32160bbd elementor-widget elementor-widget-mfn_live_search\" data-id=\"32160bbd\" data-element_type=\"widget\" data-widget_type=\"mfn_live_search.default\">\n\t\t\t\t<div class=\"elementor-widget-container\">\n\t\t\t\t\t<div class=\"column_livesearch\"><div class=\"mfn-live-search-wrapper\" data-char=\"3\" data-posts=\"10\" data-featured=\"1\"><form method=\"get\" class=\"mfn-live-searchform\" action=\"https:\/\/rodotimediumite.mk\/sq\/\"><svg class=\"icon_search\" width=\"26\" viewBox=\"0 0 26 26\" aria-hidden=\"true\"><defs><style>.path{fill:none;stroke:#000;stroke-miterlimit:10;stroke-width:1.5px;}<\/style><\/defs><circle class=\"path\" cx=\"11.35\" cy=\"11.35\" r=\"6\"><\/circle><line class=\"path\" x1=\"15.59\" y1=\"15.59\" x2=\"20.65\" y2=\"20.65\"><\/line><\/svg><input type=\"text\" class=\"field\" name=\"s\" placeholder=\"Enter your search\" \/><input type=\"submit\" class=\"display-none\" value=\"\" \/><\/form><div class=\"mfn-live-search-box\" style=\"display:none\">\n\t\t\t\t<ul class=\"mfn-live-search-list\" style=\"max-height:300px \">\n\t\t\t\t\t<li class=\"mfn-live-search-list-categories\"><ul><\/ul><\/li>\n\t\t\t\t\t<li class=\"mfn-live-search-list-shop\"><ul><\/ul><\/li>\n\t\t\t\t\t<li class=\"mfn-live-search-list-blog\"><ul><\/ul><\/li>\n\t\t\t\t\t<li class=\"mfn-live-search-list-pages\"><ul><\/ul><\/li>\n\t\t\t\t\t<li class=\"mfn-live-search-list-portfolio\"><ul><\/ul><\/li>\n\t\t\t\t<\/ul>\n\n\t\t\t\t<span class=\"mfn-live-search-noresults\">No results<\/span>\n\t\t\t\t<a class=\"button button_theme hidden\">See all results<\/a>\n\t\t\t<\/div><\/div><\/div>\t\t\t\t<\/div>\n\t\t\t\t<\/div>\n\t\t\t\t<div class=\"elementor-element elementor-element-211e59e elementor-widget elementor-widget-image\" data-id=\"211e59e\" data-element_type=\"widget\" data-widget_type=\"image.default\">\n\t\t\t\t<div class=\"elementor-widget-container\">\n\t\t\t\t\t\t\t\t\t\t\t\t\t\t\t\t<a href=\"https:\/\/mtsp.gov.mk\/specijalizirani-uslugi-za-zrtvi-na-semejno-nasilstvo.nspx\">\n\t\t\t\t\t\t\t<img decoding=\"async\" width=\"980\" height=\"353\" src=\"https:\/\/rodotimediumite.mk\/wp-content\/uploads\/2023\/12\/prijavi-semejno-nasilstvo.jpg\" class=\"attachment-large size-large wp-image-662\" alt=\"\" srcset=\"https:\/\/rodotimediumite.mk\/wp-content\/uploads\/2023\/12\/prijavi-semejno-nasilstvo.jpg 980w, https:\/\/rodotimediumite.mk\/wp-content\/uploads\/2023\/12\/prijavi-semejno-nasilstvo-500x180.jpg 500w, https:\/\/rodotimediumite.mk\/wp-content\/uploads\/2023\/12\/prijavi-semejno-nasilstvo-300x108.jpg 300w, https:\/\/rodotimediumite.mk\/wp-content\/uploads\/2023\/12\/prijavi-semejno-nasilstvo-768x277.jpg 768w, https:\/\/rodotimediumite.mk\/wp-content\/uploads\/2023\/12\/prijavi-semejno-nasilstvo-150x54.jpg 150w, https:\/\/rodotimediumite.mk\/wp-content\/uploads\/2023\/12\/prijavi-semejno-nasilstvo-480x173.jpg 480w\" sizes=\"(max-width:767px) 480px, (max-width:980px) 100vw, 980px\" \/>\t\t\t\t\t\t\t\t<\/a>\n\t\t\t\t\t\t\t\t\t\t\t\t\t\t\t<\/div>\n\t\t\t\t<\/div>\n\t\t\t\t<div class=\"elementor-element elementor-element-1c62e49e elementor-widget elementor-widget-image\" data-id=\"1c62e49e\" data-element_type=\"widget\" data-widget_type=\"image.default\">\n\t\t\t\t<div class=\"elementor-widget-container\">\n\t\t\t\t\t\t\t\t\t\t\t\t\t\t\t\t<a href=\"https:\/\/www.mtsp.gov.mk\/media-centar-ns_article-bidi-bezbedna.nspx\">\n\t\t\t\t\t\t\t<img decoding=\"async\" width=\"980\" height=\"353\" src=\"https:\/\/rodotimediumite.mk\/wp-content\/uploads\/2023\/12\/mob_app-za-prijavuanje-nasilstvo.jpg\" class=\"attachment-large size-large wp-image-660\" alt=\"\" srcset=\"https:\/\/rodotimediumite.mk\/wp-content\/uploads\/2023\/12\/mob_app-za-prijavuanje-nasilstvo.jpg 980w, https:\/\/rodotimediumite.mk\/wp-content\/uploads\/2023\/12\/mob_app-za-prijavuanje-nasilstvo-500x180.jpg 500w, https:\/\/rodotimediumite.mk\/wp-content\/uploads\/2023\/12\/mob_app-za-prijavuanje-nasilstvo-300x108.jpg 300w, https:\/\/rodotimediumite.mk\/wp-content\/uploads\/2023\/12\/mob_app-za-prijavuanje-nasilstvo-768x277.jpg 768w, https:\/\/rodotimediumite.mk\/wp-content\/uploads\/2023\/12\/mob_app-za-prijavuanje-nasilstvo-150x54.jpg 150w, https:\/\/rodotimediumite.mk\/wp-content\/uploads\/2023\/12\/mob_app-za-prijavuanje-nasilstvo-480x173.jpg 480w\" sizes=\"(max-width:767px) 480px, (max-width:980px) 100vw, 980px\" \/>\t\t\t\t\t\t\t\t<\/a>\n\t\t\t\t\t\t\t\t\t\t\t\t\t\t\t<\/div>\n\t\t\t\t<\/div>\n\t\t\t\t<div class=\"elementor-element elementor-element-786ebd71 elementor-widget elementor-widget-image\" data-id=\"786ebd71\" data-element_type=\"widget\" data-widget_type=\"image.default\">\n\t\t\t\t<div class=\"elementor-widget-container\">\n\t\t\t\t\t\t\t\t\t\t\t\t\t\t\t\t<a href=\"https:\/\/www.mtsp.gov.mk\/institucii.nspx\">\n\t\t\t\t\t\t\t<img loading=\"lazy\" decoding=\"async\" width=\"980\" height=\"353\" src=\"https:\/\/rodotimediumite.mk\/wp-content\/uploads\/2023\/12\/kontakti-so-centriza-soc.-raboti.jpg\" class=\"attachment-large size-large wp-image-666\" alt=\"\" srcset=\"https:\/\/rodotimediumite.mk\/wp-content\/uploads\/2023\/12\/kontakti-so-centriza-soc.-raboti.jpg 980w, https:\/\/rodotimediumite.mk\/wp-content\/uploads\/2023\/12\/kontakti-so-centriza-soc.-raboti-500x180.jpg 500w, https:\/\/rodotimediumite.mk\/wp-content\/uploads\/2023\/12\/kontakti-so-centriza-soc.-raboti-300x108.jpg 300w, https:\/\/rodotimediumite.mk\/wp-content\/uploads\/2023\/12\/kontakti-so-centriza-soc.-raboti-768x277.jpg 768w, https:\/\/rodotimediumite.mk\/wp-content\/uploads\/2023\/12\/kontakti-so-centriza-soc.-raboti-150x54.jpg 150w, https:\/\/rodotimediumite.mk\/wp-content\/uploads\/2023\/12\/kontakti-so-centriza-soc.-raboti-480x173.jpg 480w\" sizes=\"(max-width:767px) 480px, (max-width:980px) 100vw, 980px\" \/>\t\t\t\t\t\t\t\t<\/a>\n\t\t\t\t\t\t\t\t\t\t\t\t\t\t\t<\/div>\n\t\t\t\t<\/div>\n\t\t\t\t<div class=\"elementor-element elementor-element-79b92c9b elementor-widget elementor-widget-image\" data-id=\"79b92c9b\" data-element_type=\"widget\" data-widget_type=\"image.default\">\n\t\t\t\t<div class=\"elementor-widget-container\">\n\t\t\t\t\t\t\t\t\t\t\t\t\t\t\t\t<a href=\"https:\/\/mtsp.gov.mk\/inter-resorska-grupa-za-ednakvi-moznosti-na-zenite-i-mazite.nspx\">\n\t\t\t\t\t\t\t<img loading=\"lazy\" decoding=\"async\" width=\"347\" height=\"150\" src=\"https:\/\/rodotimediumite.mk\/wp-content\/uploads\/2023\/12\/\u0431\u0430\u043d\u0435\u0440-\u0438\u043d\u0442\u0435\u0440\u0440\u0435\u0441\u043e\u0440\u0441\u043a\u0430-\u0433\u0440\u0443\u043f\u0430-\u0437\u0430-\u0435\u0434\u043d\u0430\u043a\u0432\u0438-\u043c\u043e\u0436\u043d\u043e\u0441\u0442\u0438.png\" class=\"attachment-large size-large wp-image-664\" alt=\"\" srcset=\"https:\/\/rodotimediumite.mk\/wp-content\/uploads\/2023\/12\/\u0431\u0430\u043d\u0435\u0440-\u0438\u043d\u0442\u0435\u0440\u0440\u0435\u0441\u043e\u0440\u0441\u043a\u0430-\u0433\u0440\u0443\u043f\u0430-\u0437\u0430-\u0435\u0434\u043d\u0430\u043a\u0432\u0438-\u043c\u043e\u0436\u043d\u043e\u0441\u0442\u0438.png 347w, https:\/\/rodotimediumite.mk\/wp-content\/uploads\/2023\/12\/\u0431\u0430\u043d\u0435\u0440-\u0438\u043d\u0442\u0435\u0440\u0440\u0435\u0441\u043e\u0440\u0441\u043a\u0430-\u0433\u0440\u0443\u043f\u0430-\u0437\u0430-\u0435\u0434\u043d\u0430\u043a\u0432\u0438-\u043c\u043e\u0436\u043d\u043e\u0441\u0442\u0438-300x130.png 300w, https:\/\/rodotimediumite.mk\/wp-content\/uploads\/2023\/12\/\u0431\u0430\u043d\u0435\u0440-\u0438\u043d\u0442\u0435\u0440\u0440\u0435\u0441\u043e\u0440\u0441\u043a\u0430-\u0433\u0440\u0443\u043f\u0430-\u0437\u0430-\u0435\u0434\u043d\u0430\u043a\u0432\u0438-\u043c\u043e\u0436\u043d\u043e\u0441\u0442\u0438-150x65.png 150w\" sizes=\"(max-width:767px) 347px, 347px\" \/>\t\t\t\t\t\t\t\t<\/a>\n\t\t\t\t\t\t\t\t\t\t\t\t\t\t\t<\/div>\n\t\t\t\t<\/div>\n\t\t\t\t<div class=\"elementor-element elementor-element-41703ff8 elementor-widget elementor-widget-image\" data-id=\"41703ff8\" data-element_type=\"widget\" data-widget_type=\"image.default\">\n\t\t\t\t<div class=\"elementor-widget-container\">\n\t\t\t\t\t\t\t\t\t\t\t\t\t\t\t\t<a href=\"https:\/\/mtspresursencentar.mk\/\">\n\t\t\t\t\t\t\t<img loading=\"lazy\" decoding=\"async\" width=\"980\" height=\"353\" src=\"https:\/\/rodotimediumite.mk\/wp-content\/uploads\/2023\/12\/restursen-centar_mk.jpg\" class=\"attachment-large size-large wp-image-663\" alt=\"\" srcset=\"https:\/\/rodotimediumite.mk\/wp-content\/uploads\/2023\/12\/restursen-centar_mk.jpg 980w, https:\/\/rodotimediumite.mk\/wp-content\/uploads\/2023\/12\/restursen-centar_mk-500x180.jpg 500w, https:\/\/rodotimediumite.mk\/wp-content\/uploads\/2023\/12\/restursen-centar_mk-300x108.jpg 300w, https:\/\/rodotimediumite.mk\/wp-content\/uploads\/2023\/12\/restursen-centar_mk-768x277.jpg 768w, https:\/\/rodotimediumite.mk\/wp-content\/uploads\/2023\/12\/restursen-centar_mk-150x54.jpg 150w, https:\/\/rodotimediumite.mk\/wp-content\/uploads\/2023\/12\/restursen-centar_mk-480x173.jpg 480w\" sizes=\"(max-width:767px) 480px, (max-width:980px) 100vw, 980px\" \/>\t\t\t\t\t\t\t\t<\/a>\n\t\t\t\t\t\t\t\t\t\t\t\t\t\t\t<\/div>\n\t\t\t\t<\/div>\n\t\t\t\t<div class=\"elementor-element elementor-element-53085b4d elementor-widget elementor-widget-image\" data-id=\"53085b4d\" data-element_type=\"widget\" data-widget_type=\"image.default\">\n\t\t\t\t<div class=\"elementor-widget-container\">\n\t\t\t\t\t\t\t\t\t\t\t\t\t\t\t\t<a href=\"https:\/\/mtsp.gov.mk\/postapka-za-zashtita-vo-slucaj-na-voznemiruvanje-na-rabotnoto-mesto.nspx\">\n\t\t\t\t\t\t\t<img loading=\"lazy\" decoding=\"async\" width=\"270\" height=\"188\" src=\"https:\/\/rodotimediumite.mk\/wp-content\/uploads\/2023\/12\/Capture-1.png\" class=\"attachment-large size-large wp-image-658\" alt=\"\" srcset=\"https:\/\/rodotimediumite.mk\/wp-content\/uploads\/2023\/12\/Capture-1.png 270w, https:\/\/rodotimediumite.mk\/wp-content\/uploads\/2023\/12\/Capture-1-108x75.png 108w\" sizes=\"(max-width:767px) 270px, 270px\" \/>\t\t\t\t\t\t\t\t<\/a>\n\t\t\t\t\t\t\t\t\t\t\t\t\t\t\t<\/div>\n\t\t\t\t<\/div>\n\t\t\t\t<div class=\"elementor-element elementor-element-3a00346f elementor-widget elementor-widget-image\" data-id=\"3a00346f\" data-element_type=\"widget\" data-widget_type=\"image.default\">\n\t\t\t\t<div class=\"elementor-widget-container\">\n\t\t\t\t\t\t\t\t\t\t\t\t\t\t\t\t<a href=\"https:\/\/s-front.org.mk\/2020\/08\/05\/zapocnha-so-rabota-linijata-za-sovetuvanje-na-lgbti\/\">\n\t\t\t\t\t\t\t<img loading=\"lazy\" decoding=\"async\" width=\"353\" height=\"353\" src=\"https:\/\/rodotimediumite.mk\/wp-content\/uploads\/2023\/12\/\u0421\u043b\u0438\u043a\u0430-\u0437\u0430-\u0431\u0430\u043d\u0435\u0440-LGBTI.png\" class=\"attachment-large size-large wp-image-665\" alt=\"\" srcset=\"https:\/\/rodotimediumite.mk\/wp-content\/uploads\/2023\/12\/\u0421\u043b\u0438\u043a\u0430-\u0437\u0430-\u0431\u0430\u043d\u0435\u0440-LGBTI.png 353w, https:\/\/rodotimediumite.mk\/wp-content\/uploads\/2023\/12\/\u0421\u043b\u0438\u043a\u0430-\u0437\u0430-\u0431\u0430\u043d\u0435\u0440-LGBTI-300x300.png 300w, https:\/\/rodotimediumite.mk\/wp-content\/uploads\/2023\/12\/\u0421\u043b\u0438\u043a\u0430-\u0437\u0430-\u0431\u0430\u043d\u0435\u0440-LGBTI-150x150.png 150w, https:\/\/rodotimediumite.mk\/wp-content\/uploads\/2023\/12\/\u0421\u043b\u0438\u043a\u0430-\u0437\u0430-\u0431\u0430\u043d\u0435\u0440-LGBTI-75x75.png 75w\" sizes=\"(max-width:767px) 353px, 353px\" \/>\t\t\t\t\t\t\t\t<\/a>\n\t\t\t\t\t\t\t\t\t\t\t\t\t\t\t<\/div>\n\t\t\t\t<\/div>\n\t\t\t\t<div class=\"elementor-element elementor-element-46678a78 elementor-widget elementor-widget-image\" data-id=\"46678a78\" data-element_type=\"widget\" data-widget_type=\"image.default\">\n\t\t\t\t<div class=\"elementor-widget-container\">\n\t\t\t\t\t\t\t\t\t\t\t\t\t\t\t<img loading=\"lazy\" decoding=\"async\" width=\"980\" height=\"353\" src=\"https:\/\/rodotimediumite.mk\/wp-content\/uploads\/2023\/12\/prestavka_avmu_2.jpg\" class=\"attachment-large size-large wp-image-661\" alt=\"\" srcset=\"https:\/\/rodotimediumite.mk\/wp-content\/uploads\/2023\/12\/prestavka_avmu_2.jpg 980w, https:\/\/rodotimediumite.mk\/wp-content\/uploads\/2023\/12\/prestavka_avmu_2-500x180.jpg 500w, https:\/\/rodotimediumite.mk\/wp-content\/uploads\/2023\/12\/prestavka_avmu_2-300x108.jpg 300w, https:\/\/rodotimediumite.mk\/wp-content\/uploads\/2023\/12\/prestavka_avmu_2-768x277.jpg 768w, https:\/\/rodotimediumite.mk\/wp-content\/uploads\/2023\/12\/prestavka_avmu_2-150x54.jpg 150w, https:\/\/rodotimediumite.mk\/wp-content\/uploads\/2023\/12\/prestavka_avmu_2-480x173.jpg 480w\" sizes=\"(max-width:767px) 480px, (max-width:980px) 100vw, 980px\" \/>\t\t\t\t\t\t\t\t\t\t\t\t\t\t\t<\/div>\n\t\t\t\t<\/div>\n\t\t\t\t<\/div>\n\t\t\t\t\t<\/div>\n\t\t\t\t<\/div>\n\t\t\t\t<\/div>\n\t\t","protected":false},"excerpt":{"rendered":"<p>Ankesa dhe parashtresa n\u00eb lidhje me barazin\u00eb gjinore P\u00ebr t\u00eb gjitha ankesat, parashtresat dhe \u00e7\u00ebshtjet n\u00eb lidhje me p\u00ebrmbajtjet mediatike q\u00eb konsideroni se jan\u00eb n\u00eb kund\u00ebrshtim<span class=\"excerpt-hellip\"> [\u2026]<\/span><\/p>\n","protected":false},"author":1,"featured_media":0,"parent":0,"menu_order":0,"comment_status":"closed","ping_status":"closed","template":"elementor_header_footer","meta":{"footnotes":""},"class_list":["post-2187","page","type-page","status-publish","hentry"],"_links":{"self":[{"href":"https:\/\/rodotimediumite.mk\/sq\/wp-json\/wp\/v2\/pages\/2187","targetHints":{"allow":["GET"]}}],"collection":[{"href":"https:\/\/rodotimediumite.mk\/sq\/wp-json\/wp\/v2\/pages"}],"about":[{"href":"https:\/\/rodotimediumite.mk\/sq\/wp-json\/wp\/v2\/types\/page"}],"author":[{"embeddable":true,"href":"https:\/\/rodotimediumite.mk\/sq\/wp-json\/wp\/v2\/users\/1"}],"replies":[{"embeddable":true,"href":"https:\/\/rodotimediumite.mk\/sq\/wp-json\/wp\/v2\/comments?post=2187"}],"version-history":[{"count":0,"href":"https:\/\/rodotimediumite.mk\/sq\/wp-json\/wp\/v2\/pages\/2187\/revisions"}],"wp:attachment":[{"href":"https:\/\/rodotimediumite.mk\/sq\/wp-json\/wp\/v2\/media?parent=2187"}],"curies":[{"name":"wp","href":"https:\/\/api.w.org\/{rel}","templated":true}]}}