{"id":2316,"date":"2023-12-07T14:51:08","date_gmt":"2023-12-07T14:51:08","guid":{"rendered":"https:\/\/rodotimediumite.mk\/?page_id=2316"},"modified":"2024-01-17T10:10:05","modified_gmt":"2024-01-17T10:10:05","slug":"institucione-shteterore","status":"publish","type":"page","link":"https:\/\/rodotimediumite.mk\/sq\/institucione-shteterore\/","title":{"rendered":"Institucione shtet\u00ebrore"},"content":{"rendered":"\t\t<div data-elementor-type=\"wp-page\" data-elementor-id=\"2316\" class=\"elementor elementor-2316 elementor-917\" data-elementor-post-type=\"page\">\n\t\t\t\t<div class=\"elementor-element elementor-element-c851886 e-flex e-con-boxed e-con e-parent\" data-id=\"c851886\" data-element_type=\"container\">\n\t\t\t\t\t<div class=\"e-con-inner\">\n\t\t\t\t<div class=\"elementor-element elementor-element-979839a elementor-widget elementor-widget-spacer\" data-id=\"979839a\" data-element_type=\"widget\" data-widget_type=\"spacer.default\">\n\t\t\t\t<div class=\"elementor-widget-container\">\n\t\t\t\t\t\t\t<div class=\"elementor-spacer\">\n\t\t\t<div class=\"elementor-spacer-inner\"><\/div>\n\t\t<\/div>\n\t\t\t\t\t\t<\/div>\n\t\t\t\t<\/div>\n\t\t\t\t<div class=\"elementor-element elementor-element-7b5752a elementor-widget elementor-widget-heading\" data-id=\"7b5752a\" data-element_type=\"widget\" data-widget_type=\"heading.default\">\n\t\t\t\t<div class=\"elementor-widget-container\">\n\t\t\t\t\t<h4 class=\"elementor-heading-title elementor-size-default\">Institucionet shtet\u00ebrore<\/h4>\t\t\t\t<\/div>\n\t\t\t\t<\/div>\n\t\t\t\t\t<\/div>\n\t\t\t\t<\/div>\n\t\t<div class=\"elementor-element elementor-element-0029292 e-con-full e-flex e-con e-parent\" data-id=\"0029292\" data-element_type=\"container\">\n\t\t\t\t<div class=\"elementor-element elementor-element-cf91f47 elementor-widget elementor-widget-image\" data-id=\"cf91f47\" data-element_type=\"widget\" data-widget_type=\"image.default\">\n\t\t\t\t<div class=\"elementor-widget-container\">\n\t\t\t\t\t\t\t\t\t\t\t\t\t\t\t\t<a href=\"https:\/\/www.mtsp.gov.mk\/ballina.nspx\">\n\t\t\t\t\t\t\t<img decoding=\"async\" width=\"400\" height=\"100\" src=\"https:\/\/rodotimediumite.mk\/wp-content\/uploads\/2024\/01\/ministri_e_punes_dhe_politikes_sociale.png\" class=\"attachment-large size-large wp-image-2657\" alt=\"\" srcset=\"https:\/\/rodotimediumite.mk\/wp-content\/uploads\/2024\/01\/ministri_e_punes_dhe_politikes_sociale.png 400w, https:\/\/rodotimediumite.mk\/wp-content\/uploads\/2024\/01\/ministri_e_punes_dhe_politikes_sociale-300x75.png 300w, https:\/\/rodotimediumite.mk\/wp-content\/uploads\/2024\/01\/ministri_e_punes_dhe_politikes_sociale-150x38.png 150w\" sizes=\"(max-width:767px) 400px, 400px\" \/>\t\t\t\t\t\t\t\t<\/a>\n\t\t\t\t\t\t\t\t\t\t\t\t\t\t\t<\/div>\n\t\t\t\t<\/div>\n\t\t\t\t<div class=\"elementor-element elementor-element-055bc98 elementor-widget elementor-widget-heading\" data-id=\"055bc98\" data-element_type=\"widget\" data-widget_type=\"heading.default\">\n\t\t\t\t<div class=\"elementor-widget-container\">\n\t\t\t\t\t<h3 class=\"elementor-heading-title elementor-size-small\"><a href=\"https:\/\/www.mtsp.gov.mk\/ballina.nspx\">Ministrtia e Pun\u00ebs dhe Polit\u00ebs Sociale<\/a><\/h3>\t\t\t\t<\/div>\n\t\t\t\t<\/div>\n\t\t\t\t<\/div>\n\t\t<div class=\"elementor-element elementor-element-feb9df8 e-flex e-con-boxed e-con e-parent\" data-id=\"feb9df8\" data-element_type=\"container\">\n\t\t\t\t\t<div class=\"e-con-inner\">\n\t\t<div class=\"elementor-element elementor-element-94055ae e-con-full e-flex e-con e-child\" data-id=\"94055ae\" data-element_type=\"container\">\n\t\t\t\t<div class=\"elementor-element elementor-element-15bf427 elementor-widget elementor-widget-image\" data-id=\"15bf427\" data-element_type=\"widget\" data-widget_type=\"image.default\">\n\t\t\t\t<div class=\"elementor-widget-container\">\n\t\t\t\t\t\t\t\t\t\t\t\t\t\t\t\t<a href=\"https:\/\/pravda.gov.mk\/\">\n\t\t\t\t\t\t\t<img decoding=\"async\" width=\"400\" height=\"100\" src=\"https:\/\/rodotimediumite.mk\/wp-content\/uploads\/2024\/01\/AL-ministria_e_drejtesise.png\" class=\"attachment-large size-large wp-image-2661\" alt=\"\" srcset=\"https:\/\/rodotimediumite.mk\/wp-content\/uploads\/2024\/01\/AL-ministria_e_drejtesise.png 400w, https:\/\/rodotimediumite.mk\/wp-content\/uploads\/2024\/01\/AL-ministria_e_drejtesise-300x75.png 300w, https:\/\/rodotimediumite.mk\/wp-content\/uploads\/2024\/01\/AL-ministria_e_drejtesise-150x38.png 150w\" sizes=\"(max-width:767px) 400px, 400px\" \/>\t\t\t\t\t\t\t\t<\/a>\n\t\t\t\t\t\t\t\t\t\t\t\t\t\t\t<\/div>\n\t\t\t\t<\/div>\n\t\t\t\t<div class=\"elementor-element elementor-element-2ea0ab4 elementor-widget elementor-widget-heading\" data-id=\"2ea0ab4\" data-element_type=\"widget\" data-widget_type=\"heading.default\">\n\t\t\t\t<div class=\"elementor-widget-container\">\n\t\t\t\t\t<h3 class=\"elementor-heading-title elementor-size-small\"><a href=\"https:\/\/pravda.gov.mk\/\">Ministrtia e Drejt\u00ebsis\u00eb<\/a><\/h3>\t\t\t\t<\/div>\n\t\t\t\t<\/div>\n\t\t\t\t<\/div>\n\t\t<div class=\"elementor-element elementor-element-893703c e-con-full e-flex e-con e-child\" data-id=\"893703c\" data-element_type=\"container\">\n\t\t\t\t<div class=\"elementor-element elementor-element-40ad607 elementor-widget elementor-widget-image\" data-id=\"40ad607\" data-element_type=\"widget\" data-widget_type=\"image.default\">\n\t\t\t\t<div class=\"elementor-widget-container\">\n\t\t\t\t\t\t\t\t\t\t\t\t\t\t\t\t<a href=\"https:\/\/zdravstvo.gov.mk\/sq\/page\/61\/\">\n\t\t\t\t\t\t\t<img decoding=\"async\" width=\"400\" height=\"100\" src=\"https:\/\/rodotimediumite.mk\/wp-content\/uploads\/2024\/01\/06_Logo_MZdravstvo_H_C_AL.png\" class=\"attachment-large size-large wp-image-2688\" alt=\"\" srcset=\"https:\/\/rodotimediumite.mk\/wp-content\/uploads\/2024\/01\/06_Logo_MZdravstvo_H_C_AL.png 400w, https:\/\/rodotimediumite.mk\/wp-content\/uploads\/2024\/01\/06_Logo_MZdravstvo_H_C_AL-300x75.png 300w, https:\/\/rodotimediumite.mk\/wp-content\/uploads\/2024\/01\/06_Logo_MZdravstvo_H_C_AL-150x38.png 150w\" sizes=\"(max-width:767px) 400px, 400px\" \/>\t\t\t\t\t\t\t\t<\/a>\n\t\t\t\t\t\t\t\t\t\t\t\t\t\t\t<\/div>\n\t\t\t\t<\/div>\n\t\t\t\t<div class=\"elementor-element elementor-element-23e945c elementor-widget elementor-widget-heading\" data-id=\"23e945c\" data-element_type=\"widget\" data-widget_type=\"heading.default\">\n\t\t\t\t<div class=\"elementor-widget-container\">\n\t\t\t\t\t<h3 class=\"elementor-heading-title elementor-size-small\"><a href=\"https:\/\/zdravstvo.gov.mk\/sq\/page\/61\/\">Ministrtia e Sh\u00ebndet\u00ebsis\u00eb<\/a><\/h3>\t\t\t\t<\/div>\n\t\t\t\t<\/div>\n\t\t\t\t<\/div>\n\t\t<div class=\"elementor-element elementor-element-1fbb1e0 e-con-full e-flex e-con e-child\" data-id=\"1fbb1e0\" data-element_type=\"container\">\n\t\t\t\t<div class=\"elementor-element elementor-element-572a885 elementor-widget elementor-widget-image\" data-id=\"572a885\" data-element_type=\"widget\" data-widget_type=\"image.default\">\n\t\t\t\t<div class=\"elementor-widget-container\">\n\t\t\t\t\t\t\t\t\t\t\t\t\t\t\t\t<a href=\"https:\/\/mvr.gov.mk\/default\">\n\t\t\t\t\t\t\t<img loading=\"lazy\" decoding=\"async\" width=\"400\" height=\"100\" src=\"https:\/\/rodotimediumite.mk\/wp-content\/uploads\/2024\/01\/ministria_e_puneve_te_brendshme.png\" class=\"attachment-large size-large wp-image-2691\" alt=\"\" srcset=\"https:\/\/rodotimediumite.mk\/wp-content\/uploads\/2024\/01\/ministria_e_puneve_te_brendshme.png 400w, https:\/\/rodotimediumite.mk\/wp-content\/uploads\/2024\/01\/ministria_e_puneve_te_brendshme-300x75.png 300w, https:\/\/rodotimediumite.mk\/wp-content\/uploads\/2024\/01\/ministria_e_puneve_te_brendshme-150x38.png 150w\" sizes=\"(max-width:767px) 400px, 400px\" \/>\t\t\t\t\t\t\t\t<\/a>\n\t\t\t\t\t\t\t\t\t\t\t\t\t\t\t<\/div>\n\t\t\t\t<\/div>\n\t\t\t\t<div class=\"elementor-element elementor-element-58fc970 elementor-widget elementor-widget-heading\" data-id=\"58fc970\" data-element_type=\"widget\" data-widget_type=\"heading.default\">\n\t\t\t\t<div class=\"elementor-widget-container\">\n\t\t\t\t\t<h3 class=\"elementor-heading-title elementor-size-small\"><a href=\"https:\/\/mvr.gov.mk\/default\">Ministrtia e Pun\u00ebve t\u00eb Brendshme<\/a><\/h3>\t\t\t\t<\/div>\n\t\t\t\t<\/div>\n\t\t\t\t<\/div>\n\t\t<div class=\"elementor-element elementor-element-6d60aff e-con-full e-flex e-con e-child\" data-id=\"6d60aff\" data-element_type=\"container\">\n\t\t\t\t<div class=\"elementor-element elementor-element-dd607a8 elementor-widget elementor-widget-image\" data-id=\"dd607a8\" data-element_type=\"widget\" data-widget_type=\"image.default\">\n\t\t\t\t<div class=\"elementor-widget-container\">\n\t\t\t\t\t\t\t\t\t\t\t\t\t\t\t\t<a href=\"https:\/\/mon.gov.mk\/al\/\">\n\t\t\t\t\t\t\t<img loading=\"lazy\" decoding=\"async\" width=\"400\" height=\"100\" src=\"https:\/\/rodotimediumite.mk\/wp-content\/uploads\/2024\/01\/ministria_e_arsimit_dhe_shkences.png\" class=\"attachment-large size-large wp-image-2694\" alt=\"\" srcset=\"https:\/\/rodotimediumite.mk\/wp-content\/uploads\/2024\/01\/ministria_e_arsimit_dhe_shkences.png 400w, https:\/\/rodotimediumite.mk\/wp-content\/uploads\/2024\/01\/ministria_e_arsimit_dhe_shkences-300x75.png 300w, https:\/\/rodotimediumite.mk\/wp-content\/uploads\/2024\/01\/ministria_e_arsimit_dhe_shkences-150x38.png 150w\" sizes=\"(max-width:767px) 400px, 400px\" \/>\t\t\t\t\t\t\t\t<\/a>\n\t\t\t\t\t\t\t\t\t\t\t\t\t\t\t<\/div>\n\t\t\t\t<\/div>\n\t\t\t\t<div class=\"elementor-element elementor-element-d98b2d1 elementor-widget elementor-widget-heading\" data-id=\"d98b2d1\" data-element_type=\"widget\" data-widget_type=\"heading.default\">\n\t\t\t\t<div class=\"elementor-widget-container\">\n\t\t\t\t\t<h3 class=\"elementor-heading-title elementor-size-small\"><a href=\"https:\/\/mon.gov.mk\/al\/\">Ministrtia e Arsimit dhe Shkenc\u00ebs<\/a><\/h3>\t\t\t\t<\/div>\n\t\t\t\t<\/div>\n\t\t\t\t<\/div>\n\t\t<div class=\"elementor-element elementor-element-36bd4c8 e-con-full e-flex e-con e-child\" data-id=\"36bd4c8\" data-element_type=\"container\">\n\t\t\t\t<div class=\"elementor-element elementor-element-91c9a73 elementor-widget elementor-widget-image\" data-id=\"91c9a73\" data-element_type=\"widget\" data-widget_type=\"image.default\">\n\t\t\t\t<div class=\"elementor-widget-container\">\n\t\t\t\t\t\t\t\t\t\t\t\t\t\t\t\t<a href=\"https:\/\/kszd.mk\/?lang=sq\">\n\t\t\t\t\t\t\t<img loading=\"lazy\" decoding=\"async\" width=\"400\" height=\"100\" src=\"https:\/\/rodotimediumite.mk\/wp-content\/uploads\/2024\/01\/AL-2048x827-1.png\" class=\"attachment-large size-large wp-image-2700\" alt=\"\" srcset=\"https:\/\/rodotimediumite.mk\/wp-content\/uploads\/2024\/01\/AL-2048x827-1.png 400w, https:\/\/rodotimediumite.mk\/wp-content\/uploads\/2024\/01\/AL-2048x827-1-300x75.png 300w, https:\/\/rodotimediumite.mk\/wp-content\/uploads\/2024\/01\/AL-2048x827-1-150x38.png 150w\" sizes=\"(max-width:767px) 400px, 400px\" \/>\t\t\t\t\t\t\t\t<\/a>\n\t\t\t\t\t\t\t\t\t\t\t\t\t\t\t<\/div>\n\t\t\t\t<\/div>\n\t\t\t\t<div class=\"elementor-element elementor-element-b298f24 elementor-widget elementor-widget-heading\" data-id=\"b298f24\" data-element_type=\"widget\" data-widget_type=\"heading.default\">\n\t\t\t\t<div class=\"elementor-widget-container\">\n\t\t\t\t\t<h3 class=\"elementor-heading-title elementor-size-small\"><a href=\"https:\/\/kszd.mk\/?lang=sq\">Komisioni i Parandalimit dhe i Mbrojtjes nga Diskriminimi<\/a><\/h3>\t\t\t\t<\/div>\n\t\t\t\t<\/div>\n\t\t\t\t<\/div>\n\t\t<div class=\"elementor-element elementor-element-eab27d6 e-con-full e-flex e-con e-child\" data-id=\"eab27d6\" data-element_type=\"container\">\n\t\t\t\t<div class=\"elementor-element elementor-element-392a9e6 elementor-widget elementor-widget-image\" data-id=\"392a9e6\" data-element_type=\"widget\" data-widget_type=\"image.default\">\n\t\t\t\t<div class=\"elementor-widget-container\">\n\t\t\t\t\t\t\t\t\t\t\t\t\t\t\t\t<a href=\"https:\/\/jorm.gov.mk\/sq\/\">\n\t\t\t\t\t\t\t<img loading=\"lazy\" decoding=\"async\" width=\"146\" height=\"147\" src=\"https:\/\/rodotimediumite.mk\/wp-content\/uploads\/2024\/01\/120046grb-2.jpg\" class=\"attachment-large size-large wp-image-2703\" alt=\"\" srcset=\"https:\/\/rodotimediumite.mk\/wp-content\/uploads\/2024\/01\/120046grb-2.jpg 146w, https:\/\/rodotimediumite.mk\/wp-content\/uploads\/2024\/01\/120046grb-2-74x75.jpg 74w\" sizes=\"(max-width:767px) 146px, 146px\" \/>\t\t\t\t\t\t\t\t<\/a>\n\t\t\t\t\t\t\t\t\t\t\t\t\t\t\t<\/div>\n\t\t\t\t<\/div>\n\t\t\t\t<div class=\"elementor-element elementor-element-11ca35d elementor-widget elementor-widget-heading\" data-id=\"11ca35d\" data-element_type=\"widget\" data-widget_type=\"heading.default\">\n\t\t\t\t<div class=\"elementor-widget-container\">\n\t\t\t\t\t<h3 class=\"elementor-heading-title elementor-size-small\"><a href=\"https:\/\/jorm.gov.mk\/sq\/\">Prukororia Publike<\/a><\/h3>\t\t\t\t<\/div>\n\t\t\t\t<\/div>\n\t\t\t\t<\/div>\n\t\t\t\t\t<\/div>\n\t\t\t\t<\/div>\n\t\t<div class=\"elementor-element elementor-element-a15e99d e-flex e-con-boxed e-con e-parent\" data-id=\"a15e99d\" data-element_type=\"container\">\n\t\t\t\t\t<div class=\"e-con-inner\">\n\t\t<div class=\"elementor-element elementor-element-23e9976 e-con-full e-flex e-con e-child\" data-id=\"23e9976\" data-element_type=\"container\">\n\t\t\t\t<div class=\"elementor-element elementor-element-683f045 elementor-widget elementor-widget-image\" data-id=\"683f045\" data-element_type=\"widget\" data-widget_type=\"image.default\">\n\t\t\t\t<div class=\"elementor-widget-container\">\n\t\t\t\t\t\t\t\t\t\t\t\t\t\t\t\t<a href=\"https:\/\/ombudsman.mk\/Faqja_e_par%C3%AB_.aspx\">\n\t\t\t\t\t\t\t<img loading=\"lazy\" decoding=\"async\" width=\"129\" height=\"129\" src=\"https:\/\/rodotimediumite.mk\/wp-content\/uploads\/2024\/01\/download-2.jpg\" class=\"attachment-large size-large wp-image-2706\" alt=\"\" srcset=\"https:\/\/rodotimediumite.mk\/wp-content\/uploads\/2024\/01\/download-2.jpg 129w, https:\/\/rodotimediumite.mk\/wp-content\/uploads\/2024\/01\/download-2-75x75.jpg 75w\" sizes=\"(max-width:767px) 129px, 129px\" \/>\t\t\t\t\t\t\t\t<\/a>\n\t\t\t\t\t\t\t\t\t\t\t\t\t\t\t<\/div>\n\t\t\t\t<\/div>\n\t\t\t\t<div class=\"elementor-element elementor-element-0945dd8 elementor-widget elementor-widget-heading\" data-id=\"0945dd8\" data-element_type=\"widget\" data-widget_type=\"heading.default\">\n\t\t\t\t<div class=\"elementor-widget-container\">\n\t\t\t\t\t<h3 class=\"elementor-heading-title elementor-size-small\"><a href=\"https:\/\/ombudsman.mk\/Faqja_e_par%C3%AB_.aspx\">Avokati i Popullit<\/a><\/h3>\t\t\t\t<\/div>\n\t\t\t\t<\/div>\n\t\t\t\t<\/div>\n\t\t<div class=\"elementor-element elementor-element-0d3e2d1 e-con-full e-flex e-con e-child\" data-id=\"0d3e2d1\" data-element_type=\"container\">\n\t\t\t\t<div class=\"elementor-element elementor-element-249ceea elementor-widget elementor-widget-image\" data-id=\"249ceea\" data-element_type=\"widget\" data-widget_type=\"image.default\">\n\t\t\t\t<div class=\"elementor-widget-container\">\n\t\t\t\t\t\t\t\t\t\t\t\t\t\t\t\t<a href=\"https:\/\/www.stat.gov.mk\/Default_al.aspx\">\n\t\t\t\t\t\t\t<img loading=\"lazy\" decoding=\"async\" width=\"400\" height=\"100\" src=\"https:\/\/rodotimediumite.mk\/wp-content\/uploads\/2024\/01\/Enti-shteteror-per-statistike-1.png\" class=\"attachment-large size-large wp-image-2709\" alt=\"\" srcset=\"https:\/\/rodotimediumite.mk\/wp-content\/uploads\/2024\/01\/Enti-shteteror-per-statistike-1.png 400w, https:\/\/rodotimediumite.mk\/wp-content\/uploads\/2024\/01\/Enti-shteteror-per-statistike-1-300x75.png 300w, https:\/\/rodotimediumite.mk\/wp-content\/uploads\/2024\/01\/Enti-shteteror-per-statistike-1-150x38.png 150w\" sizes=\"(max-width:767px) 400px, 400px\" \/>\t\t\t\t\t\t\t\t<\/a>\n\t\t\t\t\t\t\t\t\t\t\t\t\t\t\t<\/div>\n\t\t\t\t<\/div>\n\t\t\t\t<div class=\"elementor-element elementor-element-ed5c68f elementor-widget elementor-widget-heading\" data-id=\"ed5c68f\" data-element_type=\"widget\" data-widget_type=\"heading.default\">\n\t\t\t\t<div class=\"elementor-widget-container\">\n\t\t\t\t\t<h3 class=\"elementor-heading-title elementor-size-small\"><a href=\"https:\/\/www.stat.gov.mk\/Default_al.aspx\">Enti shtet\u00ebror i statistik\u00ebs<\/a><\/h3>\t\t\t\t<\/div>\n\t\t\t\t<\/div>\n\t\t\t\t<\/div>\n\t\t<div class=\"elementor-element elementor-element-df1269e e-con-full e-flex e-con e-child\" data-id=\"df1269e\" data-element_type=\"container\">\n\t\t\t\t<\/div>\n\t\t<div class=\"elementor-element elementor-element-08da31b e-con-full e-flex e-con e-child\" data-id=\"08da31b\" data-element_type=\"container\">\n\t\t\t\t<\/div>\n\t\t<div class=\"elementor-element elementor-element-513f410 e-con-full e-flex e-con e-child\" data-id=\"513f410\" data-element_type=\"container\">\n\t\t\t\t<\/div>\n\t\t<div class=\"elementor-element elementor-element-d0aecd1 e-con-full e-flex e-con e-child\" data-id=\"d0aecd1\" data-element_type=\"container\">\n\t\t\t\t<\/div>\n\t\t\t\t\t<\/div>\n\t\t\t\t<\/div>\n\t\t\t\t<\/div>\n\t\t","protected":false},"excerpt":{"rendered":"<p>Institucionet shtet\u00ebrore Ministrtia e Pun\u00ebs dhe Polit\u00ebs Sociale Ministrtia e Drejt\u00ebsis\u00eb Ministrtia e Sh\u00ebndet\u00ebsis\u00eb Ministrtia e Pun\u00ebve t\u00eb Brendshme Ministrtia e Arsimit dhe Shkenc\u00ebs Komisioni i<span class=\"excerpt-hellip\"> [\u2026]<\/span><\/p>\n","protected":false},"author":1,"featured_media":0,"parent":0,"menu_order":0,"comment_status":"closed","ping_status":"closed","template":"elementor_header_footer","meta":{"footnotes":""},"class_list":["post-2316","page","type-page","status-publish","hentry"],"_links":{"self":[{"href":"https:\/\/rodotimediumite.mk\/sq\/wp-json\/wp\/v2\/pages\/2316","targetHints":{"allow":["GET"]}}],"collection":[{"href":"https:\/\/rodotimediumite.mk\/sq\/wp-json\/wp\/v2\/pages"}],"about":[{"href":"https:\/\/rodotimediumite.mk\/sq\/wp-json\/wp\/v2\/types\/page"}],"author":[{"embeddable":true,"href":"https:\/\/rodotimediumite.mk\/sq\/wp-json\/wp\/v2\/users\/1"}],"replies":[{"embeddable":true,"href":"https:\/\/rodotimediumite.mk\/sq\/wp-json\/wp\/v2\/comments?post=2316"}],"version-history":[{"count":0,"href":"https:\/\/rodotimediumite.mk\/sq\/wp-json\/wp\/v2\/pages\/2316\/revisions"}],"wp:attachment":[{"href":"https:\/\/rodotimediumite.mk\/sq\/wp-json\/wp\/v2\/media?parent=2316"}],"curies":[{"name":"wp","href":"https:\/\/api.w.org\/{rel}","templated":true}]}}