{"id":2318,"date":"2023-12-07T14:51:30","date_gmt":"2023-12-07T14:51:30","guid":{"rendered":"https:\/\/rodotimediumite.mk\/?page_id=2318"},"modified":"2024-01-17T21:05:41","modified_gmt":"2024-01-17T21:05:41","slug":"organizata-qytetare","status":"publish","type":"page","link":"https:\/\/rodotimediumite.mk\/sq\/organizata-qytetare\/","title":{"rendered":"Organizata qytetare"},"content":{"rendered":"\t\t<div data-elementor-type=\"wp-page\" data-elementor-id=\"2318\" class=\"elementor elementor-2318 elementor-918\" data-elementor-post-type=\"page\">\n\t\t\t\t<div class=\"elementor-element elementor-element-7ae34d45 e-flex e-con-boxed e-con e-parent\" data-id=\"7ae34d45\" data-element_type=\"container\">\n\t\t\t\t\t<div class=\"e-con-inner\">\n\t\t<div class=\"elementor-element elementor-element-3ece5936 e-con-full e-flex e-con e-child\" data-id=\"3ece5936\" data-element_type=\"container\">\n\t\t\t\t<div class=\"elementor-element elementor-element-b2a922b elementor-widget elementor-widget-spacer\" data-id=\"b2a922b\" data-element_type=\"widget\" data-widget_type=\"spacer.default\">\n\t\t\t\t<div class=\"elementor-widget-container\">\n\t\t\t\t\t\t\t<div class=\"elementor-spacer\">\n\t\t\t<div class=\"elementor-spacer-inner\"><\/div>\n\t\t<\/div>\n\t\t\t\t\t\t<\/div>\n\t\t\t\t<\/div>\n\t\t\t\t<div class=\"elementor-element elementor-element-6d848f81 elementor-widget elementor-widget-text-editor\" data-id=\"6d848f81\" data-element_type=\"widget\" data-widget_type=\"text-editor.default\">\n\t\t\t\t<div class=\"elementor-widget-container\">\n\t\t\t\t\t\t\t\t\t<p style=\"text-align: left;\">Organizatat civile<\/p>\t\t\t\t\t\t\t\t<\/div>\n\t\t\t\t<\/div>\n\t\t\t\t<div class=\"elementor-element elementor-element-4256499 elementor-widget elementor-widget-text-editor\" data-id=\"4256499\" data-element_type=\"widget\" data-widget_type=\"text-editor.default\">\n\t\t\t\t<div class=\"elementor-widget-container\">\n\t\t\t\t\t\t\t\t\t<p><a href=\"http:\/\/coalition.org.mk\/\"><strong>Marzhet e koalicionit<\/strong><\/a><\/p><p><a href=\"https:\/\/hera.org.mk\/\"><strong>HERA \u2013 Shoqata e Edukimit dhe K\u00ebrkimit Sh\u00ebndet\u00ebsor<\/strong><\/a><\/p><p><a href=\"https:\/\/mhc.org.mk\/\"><strong>Komiteti i Helsinkit p\u00ebr t\u00eb Drejtat e Njeriut<\/strong><\/a><\/p><p><a href=\"https:\/\/glasprotivnasilstvo.org.mk\/\"><strong>Rrjeti Komb\u00ebtar Kund\u00ebr Dhun\u00ebs ndaj Grave dhe Dhun\u00ebs n\u00eb Familje<\/strong><\/a><\/p><p><a href=\"https:\/\/hops.org.mk\/\"><strong>HOPS &#8211; Opsione p\u00ebr jet\u00eb t\u00eb sh\u00ebndetshme &#8211; Shkup<\/strong><\/a><\/p><p><a href=\"http:\/\/www.sozm.org.mk\/\"><strong>K\u00ebshilli Komb\u00ebtar p\u00ebr Barazin\u00eb Gjinore (NSRR)<\/strong><\/a><\/p><p><a href=\"http:\/\/www.esem.org.mk\/index.php\/rezultati\/11-rezultati\/137-monitoring-i-zashtita-na-\"><strong>Shoq\u00ebria p\u00ebr Emancipimin, Solidaritetin dhe Barazin\u00eb e Grave (ESE)<\/strong><\/a><\/p><p><strong><a href=\"https:\/\/reactor.org.mk\/\">REACTOR &#8211; Hulumtim n\u00eb veprim<\/a><\/strong><\/p>\t\t\t\t\t\t\t\t<\/div>\n\t\t\t\t<\/div>\n\t\t\t\t<\/div>\n\t\t\t\t\t<\/div>\n\t\t\t\t<\/div>\n\t\t\t\t<\/div>\n\t\t","protected":false},"excerpt":{"rendered":"<p>Organizatat civile Marzhet e koalicionit HERA \u2013 Shoqata e Edukimit dhe K\u00ebrkimit Sh\u00ebndet\u00ebsor Komiteti i Helsinkit p\u00ebr t\u00eb Drejtat e Njeriut Rrjeti Komb\u00ebtar Kund\u00ebr Dhun\u00ebs ndaj<span class=\"excerpt-hellip\"> [\u2026]<\/span><\/p>\n","protected":false},"author":1,"featured_media":0,"parent":0,"menu_order":0,"comment_status":"closed","ping_status":"closed","template":"elementor_header_footer","meta":{"footnotes":""},"class_list":["post-2318","page","type-page","status-publish","hentry"],"_links":{"self":[{"href":"https:\/\/rodotimediumite.mk\/sq\/wp-json\/wp\/v2\/pages\/2318","targetHints":{"allow":["GET"]}}],"collection":[{"href":"https:\/\/rodotimediumite.mk\/sq\/wp-json\/wp\/v2\/pages"}],"about":[{"href":"https:\/\/rodotimediumite.mk\/sq\/wp-json\/wp\/v2\/types\/page"}],"author":[{"embeddable":true,"href":"https:\/\/rodotimediumite.mk\/sq\/wp-json\/wp\/v2\/users\/1"}],"replies":[{"embeddable":true,"href":"https:\/\/rodotimediumite.mk\/sq\/wp-json\/wp\/v2\/comments?post=2318"}],"version-history":[{"count":0,"href":"https:\/\/rodotimediumite.mk\/sq\/wp-json\/wp\/v2\/pages\/2318\/revisions"}],"wp:attachment":[{"href":"https:\/\/rodotimediumite.mk\/sq\/wp-json\/wp\/v2\/media?parent=2318"}],"curies":[{"name":"wp","href":"https:\/\/api.w.org\/{rel}","templated":true}]}}