{"id":2491,"date":"2024-01-15T11:24:29","date_gmt":"2024-01-15T11:24:29","guid":{"rendered":"https:\/\/rodotimediumite.mk\/?page_id=2491"},"modified":"2025-06-24T11:35:08","modified_gmt":"2025-06-24T11:35:08","slug":"analiza-e-gjinise-ne-programet-televizive","status":"publish","type":"page","link":"https:\/\/rodotimediumite.mk\/sq\/analiza-e-gjinise-ne-programet-televizive\/","title":{"rendered":"Analiza e gjinis\u00eb n\u00eb programet televizive"},"content":{"rendered":"<div><a href=\"https:\/\/avmu.mk\/wp-content\/uploads\/2025\/06\/PDF-%D0%A0%D0%BE%D0%B4%D0%BE%D0%B2%D0%B0-%D0%B0%D0%BD%D0%B0%D0%BB%D0%B8%D0%B7%D0%B0-%D0%B2%D0%BE-%D0%BC%D0%B5%D0%B4%D0%B8%D1%83%D0%BC%D0%B8%D1%82%D0%B5-2024_%D1%81%D0%BE-%D0%BA%D0%BE%D1%80%D0%B8%D1%86%D0%B0.pdf\"><img decoding=\"async\" class=\"alignnone wp-image-82467\" src=\"https:\/\/avmu.mk\/wp-content\/uploads\/2025\/06\/analiza-Rodot-i-medimite-2024-.png\" sizes=\"(max-width: 84px) 100vw, 84px\" srcset=\"https:\/\/avmu.mk\/wp-content\/uploads\/2025\/06\/analiza-Rodot-i-medimite-2024-.png 187w, https:\/\/avmu.mk\/wp-content\/uploads\/2025\/06\/analiza-Rodot-i-medimite-2024--108x150.png 108w\" alt=\" \" width=\"71\" height=\"98\" \/><\/a><strong><a href=\"https:\/\/avmu.mk\/wp-content\/uploads\/2025\/06\/PDF-%D0%A0%D0%BE%D0%B4%D0%BE%D0%B2%D0%B0-%D0%B0%D0%BD%D0%B0%D0%BB%D0%B8%D0%B7%D0%B0-%D0%B2%D0%BE-%D0%BC%D0%B5%D0%B4%D0%B8%D1%83%D0%BC%D0%B8%D1%82%D0%B5-2024_%D1%81%D0%BE-%D0%BA%D0%BE%D1%80%D0%B8%D1%86%D0%B0.pdf\">Gjinia n\u00eb media 2024: \u00c7\u00ebshtjet gjinore dhe m\u00ebnyra e paraqitjes s\u00eb grave dhe burrave n\u00eb terminet kraesore t\u00eb televiyioneve komb\u00ebtare.<\/a><\/strong><\/div>\n<div><\/div>\n<div>\n<hr \/>\n<\/div>\n<div><\/div>\n<div><strong><img decoding=\"async\" class=\"attachment-large wp-image-2111 alignleft\" src=\"https:\/\/rodotimediumite.mk\/wp-content\/uploads\/2023\/12\/Capture.png\" sizes=\"(max-width:767px) 480px, 558px\" srcset=\"https:\/\/rodotimediumite.mk\/wp-content\/uploads\/2023\/12\/Capture.png 558w, https:\/\/rodotimediumite.mk\/wp-content\/uploads\/2023\/12\/Capture-340x500.png 340w, https:\/\/rodotimediumite.mk\/wp-content\/uploads\/2023\/12\/Capture-204x300.png 204w, https:\/\/rodotimediumite.mk\/wp-content\/uploads\/2023\/12\/Capture-51x75.png 51w, https:\/\/rodotimediumite.mk\/wp-content\/uploads\/2023\/12\/Capture-480x706.png 480w\" alt=\"\" width=\"68\" height=\"100\" \/><\/strong><\/div>\n<div><\/div>\n<div><\/div>\n<div><a href=\"https:\/\/rodotimediumite.mk\/wp-content\/uploads\/2024\/09\/Sublime-nga-Analiza-e-ceshtjeve-gjinore-dhe-menyra-e-prezantimit-dhe-perfaqesimit-te-grave-dhe-burrave-ne-programet-e-transmetuesve.pdf\">Sublime nga Analiza e \u00e7\u00ebshtjeve gjinore dhe m\u00ebnyra e prezantimit dhe p\u00ebrfaq\u00ebsimit t\u00eb grave dhe burrave n\u00eb programet e transmetuesve: Programet arg\u00ebtuese n\u00eb vitin 2022<\/a><\/div>\n<div><\/div>\n<div><\/div>\n<div><\/div>\n<div>\n<hr \/>\n<\/div>\n<div class=\"elementor-element elementor-element-e205c0e e-con-full e-flex e-con e-parent\" data-id=\"e205c0e\" data-element_type=\"container\" data-settings=\"{&quot;content_width&quot;:&quot;full&quot;}\" data-core-v316-plus=\"true\">\n<div class=\"elementor-element elementor-element-bc3bda9 e-con-full e-flex e-con e-child\" data-id=\"bc3bda9\" data-element_type=\"container\" data-settings=\"{&quot;content_width&quot;:&quot;full&quot;}\">\n<div class=\"elementor-element elementor-element-7c81484 elementor-widget elementor-widget-image\" data-id=\"7c81484\" data-element_type=\"widget\" data-widget_type=\"image.default\">\n<div>\n<div class=\"elementor-element elementor-element-2ca5f34 e-con-full e-flex e-con e-child\" data-id=\"2ca5f34\" data-element_type=\"container\" data-settings=\"{&quot;content_width&quot;:&quot;full&quot;}\">\n<div class=\"elementor-element elementor-element-3f17a3f elementor-widget elementor-widget-image\" data-id=\"3f17a3f\" data-element_type=\"widget\" data-widget_type=\"image.default\">\n<div class=\"elementor-widget-container\"><img decoding=\"async\" class=\"attachment-large wp-image-1188 alignleft\" src=\"https:\/\/rodotimediumite.mk\/wp-content\/uploads\/2023\/12\/image1.png\" sizes=\"(max-width:767px) 106px, 106px\" srcset=\"https:\/\/rodotimediumite.mk\/wp-content\/uploads\/2023\/12\/image1.png 106w, https:\/\/rodotimediumite.mk\/wp-content\/uploads\/2023\/12\/image1-53x75.png 53w\" alt=\"\" width=\"64\" height=\"91\" \/><a href=\"https:\/\/rodotimediumite.mk\/wp-content\/uploads\/2024\/03\/01-%D0%A0%D0%BE%D0%B4%D0%BE%D1%82-%D0%B2%D0%BE-%D1%81%D0%BF%D0%BE%D1%80%D1%82%D1%81%D0%BA%D0%B0%D1%82%D0%B0-%D0%BF%D1%80%D0%BE%D0%B3%D1%80%D0%B0%D0%BC%D0%B0-%D0%B7%D0%B0-%D0%9F%D0%95%D0%A7%D0%90%D0%A2-%D0%BD%D0%B0%D1%98%D1%84%D0%B8%D0%BD%D0%B0%D0%BB%D0%BD%D0%B0.pdf\"><strong>\u201cGjinia n\u00eb media 2021: \u00c7\u00ebshtjet gjinore dhe m\u00ebnyra e p\u00ebrfaq\u00ebsimit t\u00eb grave dhe burrave n\u00eb programet sportive t\u00eb televizioneve komb\u00ebtare tok\u00ebsore\u201d.<\/strong><\/a><\/div>\n<\/div>\n<\/div>\n<\/div>\n<\/div>\n<\/div>\n<\/div>\n<div><\/div>\n<div><\/div>\n<div><\/div>\n<div class=\"elementor-element elementor-element-e205c0e e-con-full e-flex e-con e-parent\" data-id=\"e205c0e\" data-element_type=\"container\" data-settings=\"{&quot;content_width&quot;:&quot;full&quot;}\" data-core-v316-plus=\"true\">\n<div class=\"elementor-element elementor-element-bc3bda9 e-con-full e-flex e-con e-child\" data-id=\"bc3bda9\" data-element_type=\"container\" data-settings=\"{&quot;content_width&quot;:&quot;full&quot;}\">\n<div class=\"elementor-element elementor-element-7c81484 elementor-widget elementor-widget-image\" data-id=\"7c81484\" data-element_type=\"widget\" data-widget_type=\"image.default\">\n<div>\n<div class=\"elementor-element elementor-element-290cff6 e-con-full e-flex e-con e-child\" data-id=\"290cff6\" data-element_type=\"container\" data-settings=\"{&quot;content_width&quot;:&quot;full&quot;}\">\n<div class=\"elementor-element elementor-element-08c506a elementor-widget elementor-widget-image\" data-id=\"08c506a\" data-element_type=\"widget\" data-widget_type=\"image.default\">\n<div><\/div>\n<div>\n<hr \/>\n<\/div>\n<div>\n<div class=\"elementor-element elementor-element-b8662aa e-con-full e-flex e-con e-child\" data-id=\"b8662aa\" data-element_type=\"container\" data-settings=\"{&quot;content_width&quot;:&quot;full&quot;}\">\n<div class=\"elementor-element elementor-element-cdd7b1f elementor-widget elementor-widget-image\" data-id=\"cdd7b1f\" data-element_type=\"widget\" data-widget_type=\"image.default\">\n<div class=\"elementor-widget-container\"><img loading=\"lazy\" decoding=\"async\" class=\"attachment-large wp-image-1191 alignleft\" src=\"https:\/\/rodotimediumite.mk\/wp-content\/uploads\/2023\/12\/image2.jpeg\" sizes=\"(max-width:767px) 113px, 113px\" srcset=\"https:\/\/rodotimediumite.mk\/wp-content\/uploads\/2023\/12\/image2.jpeg 113w, https:\/\/rodotimediumite.mk\/wp-content\/uploads\/2023\/12\/image2-57x75.jpeg 57w\" alt=\"\" width=\"63\" height=\"84\" \/><a href=\"https:\/\/rodotimediumite.mk\/wp-content\/uploads\/2024\/01\/AL-%D0%A1%D1%83%D0%B1%D0%BB%D0%B8%D0%BC%D0%B0%D1%82-%D0%A0%D0%9E%D0%94%D0%9E%D0%92%D0%98-2020-%D0%97%D0%90-%D0%9F%D0%A0%D0%95%D0%92%D0%9E%D0%94-%D1%81%D0%BE-%D0%BD%D0%B0%D0%BF%D1%80%D0%B0%D0%B2%D0%B5%D0%BD%D0%B8-%D0%BF%D1%80%D0%BE%D0%BC%D0%B5%D0%BD%D0%B8-002.docx\"><strong>Gjinia n\u00eb fushat\u00ebn zgjedhore 2020: Analiza e \u00e7\u00ebshtjeve gjinore dhe m\u00ebnyra se si grat\u00eb dhe burrat prezantohen dhe p\u00ebrfaq\u00ebsohen n\u00eb p\u00ebrfaq\u00ebsimin e mediave zgjedhore n\u00eb televizionet komb\u00ebtare.<\/strong><\/a><\/div>\n<div><\/div>\n<\/div>\n<\/div>\n<\/div>\n<div><\/div>\n<div>\n<hr \/>\n<\/div>\n<div class=\"elementor-widget-container\"><img loading=\"lazy\" decoding=\"async\" class=\"attachment-large wp-image-1194 alignleft\" src=\"https:\/\/rodotimediumite.mk\/wp-content\/uploads\/2023\/12\/image3.png\" sizes=\"(max-width:767px) 110px, 110px\" srcset=\"https:\/\/rodotimediumite.mk\/wp-content\/uploads\/2023\/12\/image3.png 110w, https:\/\/rodotimediumite.mk\/wp-content\/uploads\/2023\/12\/image3-55x75.png 55w\" alt=\"\" width=\"70\" height=\"96\" \/><\/div>\n<div><\/div>\n<div class=\"elementor-widget-container\"><a href=\"https:\/\/rodotimediumite.mk\/wp-content\/uploads\/2024\/01\/%D0%A0%D0%BE%D0%B4-%D0%B8-%D0%BF%D0%BB%D0%B0%D1%82%D0%B8-%D0%B2%D0%BE-%D1%80%D0%B0%D0%B4%D0%B8%D0%BE%D0%B4%D0%B8%D1%84%D1%83%D0%B7%D0%B8%D1%98%D0%B0-%D0%97%D0%90-%D0%9F%D0%95%D0%A7%D0%90%D0%A2_ALB.pdf\"><strong>Analiz\u00eb e struktur\u00ebs gjinore t\u00eb pagave n\u00eb transmetim p\u00ebr vitin 2019<\/strong><\/a><\/div>\n<\/div>\n<\/div>\n<\/div>\n<\/div>\n<\/div>\n<div><\/div>\n<div class=\"elementor-element elementor-element-bc3bda9 e-con-full e-flex e-con e-child\" data-id=\"bc3bda9\" data-element_type=\"container\" data-settings=\"{&quot;content_width&quot;:&quot;full&quot;}\">\n<div><\/div>\n<\/div>\n<\/div>\n<div><\/div>\n<div>\n<hr \/>\n<\/div>\n<div><\/div>\n<div><img loading=\"lazy\" decoding=\"async\" class=\"attachment-large wp-image-1194 alignleft\" src=\"https:\/\/rodotimediumite.mk\/wp-content\/uploads\/2023\/12\/image3.png\" sizes=\"(max-width:767px) 110px, 110px\" srcset=\"https:\/\/rodotimediumite.mk\/wp-content\/uploads\/2023\/12\/image3.png 110w, https:\/\/rodotimediumite.mk\/wp-content\/uploads\/2023\/12\/image3-55x75.png 55w\" alt=\"\" width=\"70\" height=\"96\" \/><\/div>\n<div>\n<p><a href=\"https:\/\/rodotimediumite.mk\/wp-content\/uploads\/2024\/01\/AL-\u0420\u043e\u0434\u043e\u0442-\u0432\u043e-\u043c\u0435\u0434\u0438\u0443\u043c\u0438\u0442\u0435-2019-\u0410\u043d\u0430\u043b\u0438\u0437\u0430-\u043d\u0430-\u0440\u043e\u0434\u043e\u0432\u0438\u0442\u0435-\u0430\u0441\u043f\u0435\u043a\u0442\u0438-\u0432\u043e-\u043f\u0440\u043e\u0433\u0440\u0430\u043c\u0438\u0442\u0435-\u0437\u0430-\u0434\u0435\u0446\u0430-\u043d\u0430-\u043d\u0430\u0446\u0438\u043e\u043d\u0430\u043b\u043d\u0438\u0442\u0435-\u0442\u0435\u0440\u0435\u0441\u0442\u0440\u0438\u0458\u0430\u043b\u043d\u0438-\u0442\u0435\u043b\u0435\u0432\u0438\u0437\u0438\u0438.pdf\"><strong>Gjinia n<\/strong><strong>\u00eb mediumet<\/strong><strong> 2019: <\/strong><strong>Analiza e aspekteve gjinore n\u00eb programet p\u00ebr f\u00ebmij\u00eb n\u00eb televizionet <\/strong><strong>komb\u00ebtare tok\u00ebsore<\/strong><\/a><\/p>\n<\/div>\n<div><\/div>\n<div><\/div>\n<div><\/div>\n<div><\/div>\n<div class=\"elementor-element elementor-element-e205c0e e-con-full e-flex e-con e-parent\" data-id=\"e205c0e\" data-element_type=\"container\" data-settings=\"{&quot;content_width&quot;:&quot;full&quot;}\" data-core-v316-plus=\"true\">\n<div class=\"elementor-element elementor-element-bc3bda9 e-con-full e-flex e-con e-child\" data-id=\"bc3bda9\" data-element_type=\"container\" data-settings=\"{&quot;content_width&quot;:&quot;full&quot;}\">\n<div class=\"elementor-element elementor-element-7c81484 elementor-widget elementor-widget-image\" data-id=\"7c81484\" data-element_type=\"widget\" data-widget_type=\"image.default\">\n<div>\n<div class=\"elementor-element elementor-element-22dec6d e-con-full e-flex e-con e-child\" data-id=\"22dec6d\" data-element_type=\"container\" data-settings=\"{&quot;content_width&quot;:&quot;full&quot;}\">\n<div class=\"elementor-element elementor-element-a219384 elementor-widget elementor-widget-image\" data-id=\"a219384\" data-element_type=\"widget\" data-widget_type=\"image.default\">\n<div>\n<hr \/>\n<\/div>\n<\/div>\n<\/div>\n<\/div>\n<div class=\"elementor-widget-container\"><img loading=\"lazy\" decoding=\"async\" class=\"attachment-large wp-image-1206 alignleft\" src=\"https:\/\/rodotimediumite.mk\/wp-content\/uploads\/2023\/12\/image7.jpeg\" sizes=\"(max-width:767px) 113px, 113px\" srcset=\"https:\/\/rodotimediumite.mk\/wp-content\/uploads\/2023\/12\/image7.jpeg 113w, https:\/\/rodotimediumite.mk\/wp-content\/uploads\/2023\/12\/image7-57x75.jpeg 57w\" alt=\"\" width=\"66\" height=\"88\" \/><strong><a href=\"https:\/\/avmu.mk\/wp-content\/uploads\/2022\/03\/Rodot-vo-mediumite-2019.pdf\">Analiza e aspekteve gjinore n\u00eb programet p\u00ebr f\u00ebmij\u00eb n\u00eb televizionin komb\u00ebtar tok\u00ebsor\u00a0<\/a><\/strong><\/div>\n<\/div>\n<\/div>\n<\/div>\n<div><\/div>\n<div><\/div>\n<div><\/div>\n<div><\/div>\n<div>\n<hr \/>\n<\/div>\n<div class=\"elementor-element elementor-element-e4ff77f e-con-full e-flex e-con e-parent\" data-id=\"e4ff77f\" data-element_type=\"container\" data-settings=\"{&quot;content_width&quot;:&quot;full&quot;}\" data-core-v316-plus=\"true\">\n<div class=\"elementor-element elementor-element-55787e9 e-con-full e-flex e-con e-child\" data-id=\"55787e9\" data-element_type=\"container\" data-settings=\"{&quot;content_width&quot;:&quot;full&quot;}\">\n<div class=\"elementor-element elementor-element-3e474b1 elementor-widget elementor-widget-image\" data-id=\"3e474b1\" data-element_type=\"widget\" data-widget_type=\"image.default\">\n<div class=\"elementor-widget-container\"><img loading=\"lazy\" decoding=\"async\" class=\"attachment-large wp-image-1209 alignleft\" src=\"https:\/\/rodotimediumite.mk\/wp-content\/uploads\/2023\/12\/image8.jpeg\" sizes=\"(max-width:767px) 211px, 211px\" srcset=\"https:\/\/rodotimediumite.mk\/wp-content\/uploads\/2023\/12\/image8.jpeg 211w, https:\/\/rodotimediumite.mk\/wp-content\/uploads\/2023\/12\/image8-56x75.jpeg 56w\" alt=\"\" width=\"70\" height=\"94\" \/><a href=\"https:\/\/rodotimediumite.mk\/wp-content\/uploads\/2024\/09\/03-\u0418\u0441\u0442\u0440\u0430\u0436\u0443\u0432\u0430\u045a\u0435-\u0440\u043e\u0434\u043e\u0432\u0438-2018-\u043d\u0430\u0458\u0444\u0438\u043d\u0430\u043b\u043d\u043e_ALB.pdf\"><strong>Gjinia e TV n\u00eb 2018: Pas ekranit dhe n\u00eb t\u00eb\u00a0<\/strong><\/a><\/div>\n<\/div>\n<\/div>\n<\/div>\n<div><\/div>\n<div><\/div>\n<div><\/div>\n<div><\/div>\n<div>\n<hr \/>\n<\/div>\n<div class=\"elementor-element elementor-element-96363d9 e-con-full e-flex e-con e-parent\" data-id=\"96363d9\" data-element_type=\"container\" data-settings=\"{&quot;content_width&quot;:&quot;full&quot;}\" data-core-v316-plus=\"true\">\n<div class=\"elementor-element elementor-element-1e4dd51 e-con-full e-flex e-con e-child\" data-id=\"1e4dd51\" data-element_type=\"container\" data-settings=\"{&quot;content_width&quot;:&quot;full&quot;}\">\n<div class=\"elementor-element elementor-element-21e6af5 elementor-widget elementor-widget-image\" data-id=\"21e6af5\" data-element_type=\"widget\" data-widget_type=\"image.default\">\n<div><\/div>\n<div>\n<p tabindex=\"0\"><strong><img loading=\"lazy\" decoding=\"async\" class=\"wp-image-2768 alignleft\" src=\"https:\/\/rodotimediumite.mk\/wp-content\/uploads\/2024\/01\/Rodot-vo-mediumite-2019-pdf.png\" sizes=\"(max-width:767px) 80px, 80px\" srcset=\"https:\/\/rodotimediumite.mk\/wp-content\/uploads\/2024\/01\/Rodot-vo-mediumite-2019-pdf.png 184w, https:\/\/rodotimediumite.mk\/wp-content\/uploads\/2024\/01\/Rodot-vo-mediumite-2019-pdf-61x75.png 61w\" alt=\"\" width=\"80\" height=\"98\" \/><a href=\"https:\/\/avmu.mk\/wp-content\/uploads\/2022\/03\/Rodot-vo-mediumite-2019.pdf\">Analiz\u00eb e \u00e7\u00ebshtjeve gjinore n\u00eb programet p\u00ebr f\u00ebmij\u00eb n\u00eb televizionet nacionale tok\u00ebsore\u00a0<\/a><\/strong><\/p>\n<p tabindex=\"0\">\n<\/div>\n<\/div>\n<\/div>\n<\/div>\n<div><\/div>\n<div><\/div>\n<div>\n<hr \/>\n<\/div>\n<div class=\"elementor-element elementor-element-96363d9 e-con-full e-flex e-con e-parent\" data-id=\"96363d9\" data-element_type=\"container\" data-settings=\"{&quot;content_width&quot;:&quot;full&quot;}\" data-core-v316-plus=\"true\">\n<div class=\"elementor-element elementor-element-1e4dd51 e-con-full e-flex e-con e-child\" data-id=\"1e4dd51\" data-element_type=\"container\" data-settings=\"{&quot;content_width&quot;:&quot;full&quot;}\">\n<div class=\"elementor-element elementor-element-21e6af5 elementor-widget elementor-widget-image\" data-id=\"21e6af5\" data-element_type=\"widget\" data-widget_type=\"image.default\">\n<div class=\"elementor-widget-container\"><img loading=\"lazy\" decoding=\"async\" class=\"attachment-large wp-image-1218 alignleft\" src=\"https:\/\/rodotimediumite.mk\/wp-content\/uploads\/2023\/12\/image11.png\" sizes=\"(max-width:767px) 117px, 117px\" srcset=\"https:\/\/rodotimediumite.mk\/wp-content\/uploads\/2023\/12\/image11.png 117w, https:\/\/rodotimediumite.mk\/wp-content\/uploads\/2023\/12\/image11-59x75.png 59w\" alt=\"\" width=\"69\" height=\"88\" \/><a href=\"https:\/\/avmu.mk\/wp-content\/uploads\/2017\/05\/%D0%97%D0%B1%D0%B8%D1%80%D0%BA%D0%B0-2012-2016.pdf\"><strong>Publikim p\u00ebrmbledh\u00ebs me anketa vjetore p\u00ebr gjinin\u00eb n\u00eb programet e televizioneve komb\u00ebtare n\u00eb periudh\u00ebn 2012-2016\u00a0<\/strong><\/a><\/div>\n<\/div>\n<\/div>\n<\/div>\n<div><\/div>\n<div><\/div>\n<div><\/div>\n<div>\n<hr \/>\n<\/div>\n<div class=\"elementor-element elementor-element-e0b6148 e-con-full e-flex e-con e-parent\" data-id=\"e0b6148\" data-element_type=\"container\" data-settings=\"{&quot;content_width&quot;:&quot;full&quot;}\" data-core-v316-plus=\"true\">\n<div class=\"elementor-element elementor-element-7c95420 e-con-full e-flex e-con e-child\" data-id=\"7c95420\" data-element_type=\"container\" data-settings=\"{&quot;content_width&quot;:&quot;full&quot;}\">\n<div class=\"elementor-element elementor-element-90a5881 elementor-widget elementor-widget-image\" data-id=\"90a5881\" data-element_type=\"widget\" data-widget_type=\"image.default\">\n<div class=\"elementor-widget-container\"><img loading=\"lazy\" decoding=\"async\" class=\"attachment-large wp-image-1227 alignleft\" src=\"https:\/\/rodotimediumite.mk\/wp-content\/uploads\/2023\/12\/image14.png\" sizes=\"(max-width:767px) 248px, 248px\" srcset=\"https:\/\/rodotimediumite.mk\/wp-content\/uploads\/2023\/12\/image14.png 248w, https:\/\/rodotimediumite.mk\/wp-content\/uploads\/2023\/12\/image14-246x300.png 246w, https:\/\/rodotimediumite.mk\/wp-content\/uploads\/2023\/12\/image14-61x75.png 61w\" alt=\"\" width=\"70\" height=\"86\" \/><a href=\"https:\/\/avmu.mk\/wp-content\/uploads\/2017\/05\/%D0%98%D1%81%D1%82%D1%80%D0%B0%D0%B6%D1%83%D0%B2%D0%B0%D1%9A%D0%B5-%D1%80%D0%BE%D0%B4%D0%BE%D0%B2%D0%B8-2017.pdf\"><strong>Gjinia n\u00eb programet televizive n\u00eb 2017<\/strong><\/a><\/div>\n<\/div>\n<\/div>\n<\/div>\n<div><\/div>\n<div><\/div>\n<div><\/div>\n<div>\n<hr \/>\n<\/div>\n<p tabindex=\"0\"><a href=\"https:\/\/avmu.mk\/wp-content\/uploads\/2017\/11\/AL-Rodot-vo-televiziskite-programi-za-2016-DVJ.pdf\"><img loading=\"lazy\" decoding=\"async\" src=\"https:\/\/avmu.mk\/wp-content\/uploads\/2017\/05\/pdf.png\" alt=\"pdf\" width=\"39\" height=\"39\" \/>Analiza e gjinis\u00eb n\u00eb programet televizive p\u00ebr vitin 2016<\/a><\/p>\n<p tabindex=\"0\"><img loading=\"lazy\" decoding=\"async\" src=\"https:\/\/avmu.mk\/wp-content\/uploads\/2017\/05\/pdf.png\" alt=\"pdf\" width=\"39\" height=\"39\" \/><a href=\"https:\/\/avmu.mk\/wp-content\/uploads\/2017\/11\/AL-%D0%A4%D0%B8%D0%BD%D0%B0%D0%BB%D0%B5%D0%BD-%D0%B8%D0%B7%D0%B2%D0%B5%D1%88%D1%82%D0%B0%D1%98-%D0%9A%D0%9E%D0%9D%D0%95%D0%A7%D0%95%D0%9D-%D0%A0%D0%9E%D0%94%D0%9E%D0%92%D0%98-2015.docx\">Analiza e gjinis\u00eb n\u00eb programet televizive p\u00ebr vitin 2015\u00a0<\/a><\/p>\n<p tabindex=\"0\"><img loading=\"lazy\" decoding=\"async\" src=\"https:\/\/avmu.mk\/wp-content\/uploads\/2017\/05\/pdf.png\" alt=\"pdf\" width=\"34\" height=\"34\" \/>\u00a0<a href=\"https:\/\/avmu.mk\/wp-content\/uploads\/2017\/11\/Gjinia_programet_televizive_2014_2.pdf\">Analiza e gjinis\u00eb n\u00eb programet televizive p\u00ebr vitin 2014\u00a0<\/a><\/p>\n<p tabindex=\"0\"><img loading=\"lazy\" decoding=\"async\" src=\"https:\/\/avmu.mk\/wp-content\/uploads\/2017\/05\/pdf.png\" alt=\"pdf\" width=\"36\" height=\"36\" \/>\u00a0<a href=\"https:\/\/avmu.mk\/wp-content\/uploads\/2017\/11\/%D0%A0%D0%BE%D0%B4%D0%BE%D1%82-2013-%D0%92%D0%95%D0%91.doc\">Analiza e gjinis\u00eb n\u00eb programet televizive p\u00ebr vitin\u00a0 2013<\/a><\/p>\n<p tabindex=\"0\"><img loading=\"lazy\" decoding=\"async\" src=\"https:\/\/avmu.mk\/wp-content\/uploads\/2017\/05\/pdf.png\" alt=\"pdf\" width=\"40\" height=\"40\" \/>\u00a0<a href=\"https:\/\/avmu.mk\/wp-content\/uploads\/2017\/11\/%D0%98%D0%B7%D0%B2%D0%B5%D1%88%D1%82%D0%B0%D1%98-%D0%B7%D0%B0-%D1%80%D0%BE%D0%B4%D0%BE%D0%B2%D0%B8-2012-%D1%84%D0%B8%D0%BD%D0%B0%D0%BB%D0%B5%D0%BD.doc\">Analiza e gjinis\u00eb n\u00eb programet televizive p\u00ebr vitin 2012<\/a><\/p>\n","protected":false},"excerpt":{"rendered":"<p>Gjinia n\u00eb media 2024: \u00c7\u00ebshtjet gjinore dhe m\u00ebnyra e paraqitjes s\u00eb grave dhe burrave n\u00eb terminet kraesore t\u00eb televiyioneve komb\u00ebtare. Sublime nga Analiza e \u00e7\u00ebshtjeve gjinore<span class=\"excerpt-hellip\"> [\u2026]<\/span><\/p>\n","protected":false},"author":1,"featured_media":0,"parent":0,"menu_order":0,"comment_status":"closed","ping_status":"closed","template":"","meta":{"footnotes":""},"class_list":["post-2491","page","type-page","status-publish","hentry"],"_links":{"self":[{"href":"https:\/\/rodotimediumite.mk\/sq\/wp-json\/wp\/v2\/pages\/2491","targetHints":{"allow":["GET"]}}],"collection":[{"href":"https:\/\/rodotimediumite.mk\/sq\/wp-json\/wp\/v2\/pages"}],"about":[{"href":"https:\/\/rodotimediumite.mk\/sq\/wp-json\/wp\/v2\/types\/page"}],"author":[{"embeddable":true,"href":"https:\/\/rodotimediumite.mk\/sq\/wp-json\/wp\/v2\/users\/1"}],"replies":[{"embeddable":true,"href":"https:\/\/rodotimediumite.mk\/sq\/wp-json\/wp\/v2\/comments?post=2491"}],"version-history":[{"count":7,"href":"https:\/\/rodotimediumite.mk\/sq\/wp-json\/wp\/v2\/pages\/2491\/revisions"}],"predecessor-version":[{"id":3695,"href":"https:\/\/rodotimediumite.mk\/sq\/wp-json\/wp\/v2\/pages\/2491\/revisions\/3695"}],"wp:attachment":[{"href":"https:\/\/rodotimediumite.mk\/sq\/wp-json\/wp\/v2\/media?parent=2491"}],"curies":[{"name":"wp","href":"https:\/\/api.w.org\/{rel}","templated":true}]}}