{"id":2500,"date":"2024-01-15T11:30:34","date_gmt":"2024-01-15T11:30:34","guid":{"rendered":"https:\/\/rodotimediumite.mk\/?page_id=2500"},"modified":"2025-07-29T06:44:19","modified_gmt":"2025-07-29T06:44:19","slug":"analiza-e-struktures-se-te-punesuarve-ne-industrine-mediatike-audio-dhe-audiovizuele","status":"publish","type":"page","link":"https:\/\/rodotimediumite.mk\/sq\/analiza-e-struktures-se-te-punesuarve-ne-industrine-mediatike-audio-dhe-audiovizuele\/","title":{"rendered":"Analiza e struktur\u00ebs s\u00eb t\u00eb pun\u00ebsuarve n\u00eb industrin\u00eb mediatike audio dhe audiovizuele"},"content":{"rendered":"<p tabindex=\"0\"><img decoding=\"async\" class=\"attachment-large wp-image-1203 alignleft\" src=\"https:\/\/rodotimediumite.mk\/wp-content\/uploads\/2023\/12\/image6.jpeg\" sizes=\"(max-width:767px) 113px, 113px\" srcset=\"https:\/\/rodotimediumite.mk\/wp-content\/uploads\/2023\/12\/image6.jpeg 113w, https:\/\/rodotimediumite.mk\/wp-content\/uploads\/2023\/12\/image6-57x75.jpeg 57w\" alt=\"\" width=\"64\" height=\"85\" \/><strong><a href=\"https:\/\/avmu.mk\/wp-content\/uploads\/2020\/09\/Rodot-vo-TV-i-RA-Koj-gi-nosi-a-koj-gi-sproveduva-odlukite-FINALNA-za-veb-1.pdf\">Gjinia n\u00eb Televizion dhe Radio: Kush merr vendimet dhe kush zbaton?<\/a><\/strong><\/p>\n<hr \/>\n<p tabindex=\"0\">\n<p tabindex=\"0\">\n<p tabindex=\"0\"><a href=\"https:\/\/avmu.mk\/wp-content\/uploads\/2017\/05\/Struktura_na_vrabotenite_vo_audio_i_audiovizuelnata_mediumska_industrija_vo_2015_godina.pdf\" target=\"_blank\" rel=\"noopener\"><img decoding=\"async\" class=\"\" src=\"https:\/\/avmu.mk\/wp-content\/uploads\/2017\/05\/pdf_icon.png\" alt=\"pdf icon\" width=\"36\" height=\"36\" \/><\/a>\u00a0<a href=\"https:\/\/avmu.mk\/wp-content\/uploads\/2025\/06\/%D0%A1%D1%82%D1%80%D1%83%D0%BA%D1%82%D1%83%D1%80%D0%B0-%D0%BD%D0%B0-%D0%B2%D1%80%D0%B0%D0%B1%D0%BE%D1%82%D0%B5%D0%BD%D0%B8%D1%82%D0%B5-%D0%B2%D0%BE-%D0%B0%D1%83%D0%B4%D0%B8%D0%BE-%D0%B8-%D0%B0%D1%83%D0%B4%D0%B8%D0%BE%D0%B2%D0%B8%D0%B7%D1%83%D0%B5%D0%BB%D0%BD%D0%B0%D1%82%D0%B0-%D0%BC%D0%B5%D0%B4%D0%B8%D1%83%D0%BC%D1%81%D0%BA%D0%B0-%D0%B8%D0%BD%D0%B4%D1%83%D1%81%D1%82%D1%80%D0%B8%D1%98%D0%B0-%D0%B2%D0%BE-2024-%D0%B3%D0%BE%D0%B4%D0%B8%D0%BD%D0%B0.pdf\">Struktura e t\u00eb pun\u00ebsuarve n\u00eb industrin mediatike audio dhe audiovizuele n\u00eb vitin 2024<\/a><\/p>\n<p tabindex=\"0\"><a href=\"https:\/\/avmu.mk\/wp-content\/uploads\/2017\/05\/Struktura_na_vrabotenite_vo_audio_i_audiovizuelnata_mediumska_industrija_vo_2015_godina.pdf\" target=\"_blank\" rel=\"noopener\"><img decoding=\"async\" class=\"\" src=\"https:\/\/avmu.mk\/wp-content\/uploads\/2017\/05\/pdf_icon.png\" alt=\"pdf icon\" width=\"36\" height=\"36\" \/><\/a><a href=\"https:\/\/avmu.mk\/wp-content\/uploads\/2024\/01\/%D0%A1%D1%82%D1%80%D1%83%D0%BA%D1%82%D1%83%D1%80%D0%B0-%D0%BD%D0%B0-%D0%B2%D1%80%D0%B0%D0%B1%D0%BE%D1%82%D0%B5%D0%BD%D0%B8-2022-%D0%B3%D0%BE%D0%B4%D0%B8%D0%BD%D0%B0.pdf\">Struktura e t\u00eb pun\u00ebsuarve n\u00eb industrin\u00eb mediatike audio dhe audiovizuele n\u00eb vitin 2022\u00a0<\/a><\/p>\n<p tabindex=\"0\"><a href=\"https:\/\/avmu.mk\/wp-content\/uploads\/2017\/05\/Struktura_na_vrabotenite_vo_audio_i_audiovizuelnata_mediumska_industrija_vo_2015_godina.pdf\" target=\"_blank\" rel=\"noopener\"><img decoding=\"async\" class=\"\" src=\"https:\/\/avmu.mk\/wp-content\/uploads\/2017\/05\/pdf_icon.png\" alt=\"pdf icon\" width=\"36\" height=\"36\" \/><\/a><a href=\"https:\/\/avmu.mk\/wp-content\/uploads\/2024\/01\/Struktura-na-vrabotenite-vo-audio-i-audiovizuelnata-mediumska-industrija-vo-2021-godina.pdf\">Struktura e t\u00eb pun\u00ebsuarve n\u00eb industrin\u00eb mediatike audio dhe audiovizuele n\u00eb vitin 2021\u00a0<\/a><\/p>\n<p tabindex=\"0\"><a href=\"https:\/\/avmu.mk\/wp-content\/uploads\/2017\/05\/Struktura_na_vrabotenite_vo_audio_i_audiovizuelnata_mediumska_industrija_vo_2015_godina.pdf\" target=\"_blank\" rel=\"noopener\"><img decoding=\"async\" class=\"\" src=\"https:\/\/avmu.mk\/wp-content\/uploads\/2017\/05\/pdf_icon.png\" alt=\"pdf icon\" width=\"36\" height=\"36\" \/><\/a><a href=\"https:\/\/avmu.mk\/wp-content\/uploads\/2024\/01\/%D0%A1%D1%82%D1%80%D1%83%D0%BA%D1%82%D1%83%D1%80%D0%B0-%D0%BD%D0%B0-%D0%B2%D1%80%D0%B0%D0%B1%D0%BE%D1%82%D0%B5%D0%BD%D0%B8%D1%82%D0%B5-%D0%B2%D0%BE-%D0%B0%D1%83%D0%B4%D0%B8%D0%BE-%D0%B8-%D0%B0%D1%83%D0%B4%D0%B8%D0%BE%D0%B2%D0%B8%D0%B7%D1%83%D0%B5%D0%BB%D0%BD%D0%B0-%D0%BC%D0%B5%D0%B4%D0%B8%D1%83%D0%BC%D1%81%D0%BA%D0%B0-%D0%B8%D0%BD%D0%B4%D1%83%D1%81%D1%82%D1%80%D0%B8%D1%98%D0%B0-%D0%B2%D0%BE-2018-%D0%B3%D0%BE%D0%B4%D0%B8%D0%BD%D0%B0.pdf\">Struktura e t\u00eb pun\u00ebsuarve n\u00eb industrin\u00eb mediatike audio dhe audiovizuele n\u00eb vitin 2018\u00a0<\/a><\/p>\n<p tabindex=\"0\"><a href=\"https:\/\/avmu.mk\/wp-content\/uploads\/2017\/05\/Struktura_na_vrabotenite_vo_audio_i_audiovizuelnata_mediumska_industrija_vo_2015_godina.pdf\" target=\"_blank\" rel=\"noopener\"><img decoding=\"async\" class=\"\" src=\"https:\/\/avmu.mk\/wp-content\/uploads\/2017\/05\/pdf_icon.png\" alt=\"pdf icon\" width=\"36\" height=\"36\" \/><\/a><a href=\"https:\/\/avmu.mk\/wp-content\/uploads\/2024\/01\/%D0%A1%D1%82%D1%80%D1%83%D0%BA%D1%82%D1%83%D1%80%D0%B0-%D0%BD%D0%B0-%D0%B2%D1%80%D0%B0%D0%B1%D0%BE%D1%82%D0%B5%D0%BD%D0%B8%D1%82%D0%B5-%D0%B2%D0%BE-%D0%B0%D1%83%D0%B4%D0%B8%D0%BE-%D0%B8-%D0%B0%D1%83%D0%B4%D0%B8%D0%BE%D0%B2%D0%B8%D0%B7%D1%83%D0%B5%D0%BB%D0%BD%D0%B0-%D0%BC%D0%B5%D0%B4%D0%B8%D1%83%D0%BC%D1%81%D0%BA%D0%B0-%D0%B8%D0%BD%D0%B4%D1%83%D1%81%D1%82%D1%80%D0%B8%D1%98%D0%B0-%D0%B2.pdf\">Struktura e t\u00eb pun\u00ebsuarve n\u00eb industrin\u00eb mediatike audio dhe audiovizuele n\u00eb vitin 2017\u00a0<\/a><\/p>\n<p tabindex=\"0\"><a href=\"https:\/\/avmu.mk\/wp-content\/uploads\/2017\/05\/Struktura_na_vrabotenite_vo_audio_i_audiovizuelnata_mediumska_industrija_vo_2015_godina.pdf\" target=\"_blank\" rel=\"noopener\"><img decoding=\"async\" class=\"\" src=\"https:\/\/avmu.mk\/wp-content\/uploads\/2017\/05\/pdf_icon.png\" alt=\"pdf icon\" width=\"36\" height=\"36\" \/><\/a><a href=\"https:\/\/avmu.mk\/wp-content\/uploads\/2017\/05\/Struktura-na-vraboteni-vi-audiovizuelnata-mediumska-industrija-vo-2016g.pdf\" target=\"_blank\" rel=\"noopener\">Struktura e t\u00eb pun\u00ebsuarve n\u00eb industrin\u00eb mediatike audio dhe audiovizuele n\u00eb vitin 2016<\/a><\/p>\n<p tabindex=\"0\"><span tabindex=\"0\"><img decoding=\"async\" src=\"https:\/\/avmu.mk\/wp-content\/uploads\/2017\/05\/pdf.png\" alt=\"pdf\" width=\"40\" height=\"40\" \/><a href=\"https:\/\/avmu.mk\/wp-content\/uploads\/2017\/05\/Struktura_na_vrabotenite_vo_audio_i_audiovizuelnata_mediumska_industrija_vo_2015_godina.pdf\" target=\"_blank\" rel=\"noopener noreferrer\">Analiza e struktur\u00ebs s\u00eb t\u00eb pun\u00ebsuarve n\u00eb industrin\u00eb audio dhe audiovizuele p\u00ebr vitin 2015\u00a0<\/a><\/span><\/p>\n<p tabindex=\"0\"><span tabindex=\"0\"><img decoding=\"async\" src=\"https:\/\/avmu.mk\/wp-content\/uploads\/2017\/05\/pdf.png\" alt=\"pdf\" width=\"40\" height=\"40\" \/><a href=\"https:\/\/avmu.mk\/wp-content\/uploads\/2017\/05\/Analiza_na_strukturata_na_vraboteni_vo_2014_godina.docx\" target=\"_blank\" rel=\"noopener noreferrer\">Analiza e struktur\u00ebs s\u00eb t\u00eb pun\u00ebsuarve n\u00eb industrin\u00eb audio dhe audiovizuele p\u00ebr vitin 2014\u00a0<\/a><\/span><\/p>\n<p tabindex=\"0\"><span tabindex=\"0\"><img decoding=\"async\" src=\"https:\/\/avmu.mk\/wp-content\/uploads\/2017\/05\/pdf.png\" alt=\"pdf\" width=\"40\" height=\"40\" \/><a href=\"https:\/\/avmu.mk\/wp-content\/uploads\/2017\/05\/Analiza_na_strukturata_na_vraboteni_-_2013.docx\" target=\"_blank\" rel=\"noopener noreferrer\">Analiza e struktur\u00ebs s\u00eb t\u00eb pun\u00ebsuarve n\u00eb industrin\u00eb audio dhe audiovizuele p\u00ebr vitin 2013\u00a0<\/a><\/span><\/p>\n<p tabindex=\"0\"><span tabindex=\"0\"><img decoding=\"async\" src=\"https:\/\/avmu.mk\/wp-content\/uploads\/2017\/05\/pdf.png\" alt=\"pdf\" width=\"40\" height=\"40\" \/><a href=\"https:\/\/avmu.mk\/wp-content\/uploads\/2017\/05\/Analiza_na_strukturata_na_vrabotenite_vo_2012_godina.docx\" target=\"_blank\" rel=\"noopener noreferrer\">Analiza e struktur\u00ebs s\u00eb t\u00eb pun\u00ebsuarve n\u00eb industrin\u00eb audio dhe audiovizuele p\u00ebr vitin 2012\u00a0<\/a><\/span><\/p>\n<p tabindex=\"0\"><span tabindex=\"0\"><img decoding=\"async\" src=\"https:\/\/avmu.mk\/wp-content\/uploads\/2017\/05\/pdf.png\" alt=\"pdf\" width=\"40\" height=\"40\" \/><a href=\"https:\/\/avmu.mk\/wp-content\/uploads\/2017\/05\/analiza_na_strukturata_na_vrabotenite_vo_2011_godina.doc\" target=\"_blank\" rel=\"noopener noreferrer\">Analiza e struktur\u00ebs s\u00eb t\u00eb pun\u00ebsuarve n\u00eb industrin\u00eb audio dhe audiovizuele p\u00ebr vitin 2011\u00a0<\/a><\/span><\/p>\n","protected":false},"excerpt":{"rendered":"<p>Gjinia n\u00eb Televizion dhe Radio: Kush merr vendimet dhe kush zbaton? \u00a0Struktura e t\u00eb pun\u00ebsuarve n\u00eb industrin mediatike audio dhe audiovizuele n\u00eb vitin 2024 Struktura e<span class=\"excerpt-hellip\"> [\u2026]<\/span><\/p>\n","protected":false},"author":1,"featured_media":0,"parent":0,"menu_order":0,"comment_status":"closed","ping_status":"closed","template":"","meta":{"footnotes":""},"class_list":["post-2500","page","type-page","status-publish","hentry"],"_links":{"self":[{"href":"https:\/\/rodotimediumite.mk\/sq\/wp-json\/wp\/v2\/pages\/2500","targetHints":{"allow":["GET"]}}],"collection":[{"href":"https:\/\/rodotimediumite.mk\/sq\/wp-json\/wp\/v2\/pages"}],"about":[{"href":"https:\/\/rodotimediumite.mk\/sq\/wp-json\/wp\/v2\/types\/page"}],"author":[{"embeddable":true,"href":"https:\/\/rodotimediumite.mk\/sq\/wp-json\/wp\/v2\/users\/1"}],"replies":[{"embeddable":true,"href":"https:\/\/rodotimediumite.mk\/sq\/wp-json\/wp\/v2\/comments?post=2500"}],"version-history":[{"count":2,"href":"https:\/\/rodotimediumite.mk\/sq\/wp-json\/wp\/v2\/pages\/2500\/revisions"}],"predecessor-version":[{"id":3708,"href":"https:\/\/rodotimediumite.mk\/sq\/wp-json\/wp\/v2\/pages\/2500\/revisions\/3708"}],"wp:attachment":[{"href":"https:\/\/rodotimediumite.mk\/sq\/wp-json\/wp\/v2\/media?parent=2500"}],"curies":[{"name":"wp","href":"https:\/\/api.w.org\/{rel}","templated":true}]}}