{"id":2508,"date":"2024-01-15T11:32:21","date_gmt":"2024-01-15T11:32:21","guid":{"rendered":"https:\/\/rodotimediumite.mk\/?page_id=2508"},"modified":"2024-01-16T11:35:57","modified_gmt":"2024-01-16T11:35:57","slug":"analize-e-struktures-gjinore-to-pagave-ne-radiodifuzion","status":"publish","type":"page","link":"https:\/\/rodotimediumite.mk\/sq\/analize-e-struktures-gjinore-to-pagave-ne-radiodifuzion\/","title":{"rendered":"Analiz\u00eb e struktur\u00ebs gjinore to pagave n\u00eb radiodifuzion"},"content":{"rendered":"<p><a href=\"https:\/\/rodotimediumite.mk\/wp-content\/uploads\/2024\/01\/\u0420\u043e\u0434-\u0438-\u043f\u043b\u0430\u0442\u0438-\u0432\u043e-\u0440\u0430\u0434\u0438\u043e\u0434\u0438\u0444\u0443\u0437\u0438\u0458\u0430.docx\">Analiza e struktur\u00ebs gjinore t\u00eb pagave n\u00eb radiodifuzion p\u00ebr vitin 2019<\/a><\/p>\n","protected":false},"excerpt":{"rendered":"<p>Analiza e struktur\u00ebs gjinore t\u00eb pagave n\u00eb radiodifuzion p\u00ebr vitin 2019<\/p>\n","protected":false},"author":1,"featured_media":0,"parent":0,"menu_order":0,"comment_status":"closed","ping_status":"closed","template":"","meta":{"footnotes":""},"class_list":["post-2508","page","type-page","status-publish","hentry"],"_links":{"self":[{"href":"https:\/\/rodotimediumite.mk\/sq\/wp-json\/wp\/v2\/pages\/2508","targetHints":{"allow":["GET"]}}],"collection":[{"href":"https:\/\/rodotimediumite.mk\/sq\/wp-json\/wp\/v2\/pages"}],"about":[{"href":"https:\/\/rodotimediumite.mk\/sq\/wp-json\/wp\/v2\/types\/page"}],"author":[{"embeddable":true,"href":"https:\/\/rodotimediumite.mk\/sq\/wp-json\/wp\/v2\/users\/1"}],"replies":[{"embeddable":true,"href":"https:\/\/rodotimediumite.mk\/sq\/wp-json\/wp\/v2\/comments?post=2508"}],"version-history":[{"count":0,"href":"https:\/\/rodotimediumite.mk\/sq\/wp-json\/wp\/v2\/pages\/2508\/revisions"}],"wp:attachment":[{"href":"https:\/\/rodotimediumite.mk\/sq\/wp-json\/wp\/v2\/media?parent=2508"}],"curies":[{"name":"wp","href":"https:\/\/api.w.org\/{rel}","templated":true}]}}