{"id":3203,"date":"2023-12-07T14:48:10","date_gmt":"2023-12-07T14:48:10","guid":{"rendered":"https:\/\/rodotimediumite.mk\/?page_id=3203"},"modified":"2024-02-05T14:19:32","modified_gmt":"2024-02-05T14:19:32","slug":"politika-per-perdorimin-e-cookies","status":"publish","type":"page","link":"https:\/\/rodotimediumite.mk\/sq\/politika-per-perdorimin-e-cookies\/","title":{"rendered":"POLITIKA P\u00cbR P\u00cbRDORIMIN E COOKIES"},"content":{"rendered":"\t\t<div data-elementor-type=\"wp-page\" data-elementor-id=\"3203\" class=\"elementor elementor-3203 elementor-923\" data-elementor-post-type=\"page\">\n\t\t\t\t<div class=\"elementor-element elementor-element-d488f32 e-flex e-con-boxed e-con e-parent\" data-id=\"d488f32\" data-element_type=\"container\">\n\t\t\t\t\t<div class=\"e-con-inner\">\n\t\t\t\t<div class=\"elementor-element elementor-element-d9bb84f elementor-widget elementor-widget-spacer\" data-id=\"d9bb84f\" data-element_type=\"widget\" data-widget_type=\"spacer.default\">\n\t\t\t\t<div class=\"elementor-widget-container\">\n\t\t\t\t\t\t\t<div class=\"elementor-spacer\">\n\t\t\t<div class=\"elementor-spacer-inner\"><\/div>\n\t\t<\/div>\n\t\t\t\t\t\t<\/div>\n\t\t\t\t<\/div>\n\t\t\t\t\t<\/div>\n\t\t\t\t<\/div>\n\t\t<div class=\"elementor-element elementor-element-e638bd8 e-flex e-con-boxed e-con e-parent\" data-id=\"e638bd8\" data-element_type=\"container\">\n\t\t\t\t\t<div class=\"e-con-inner\">\n\t\t<div class=\"elementor-element elementor-element-31b9601 e-con-full e-flex e-con e-child\" data-id=\"31b9601\" data-element_type=\"container\">\n\t\t\t\t<div class=\"elementor-element elementor-element-dbd8e89 elementor-widget elementor-widget-text-editor\" data-id=\"dbd8e89\" data-element_type=\"widget\" data-widget_type=\"text-editor.default\">\n\t\t\t\t<div class=\"elementor-widget-container\">\n\t\t\t\t\t\t\t\t\t<p class=\"v1MsoNormal\"><b>\u00c7far lloj t\u00eb cookies p\u00ebrdorim?<\/b><u><\/u><u><\/u><\/p><p class=\"v1MsoNormal\">\u201e Cookies jan\u00eb skedar\u00eb tekstesh t\u00eb vogla q\u00eb vendosen dhe ruhen n\u00eb kompjuterin, celularin tuaj \u2013 ose n\u00eb \u00e7do pajisje tjet\u00ebr t\u00eb dizejnuar p\u00ebr t\u00eb hyr\u00eb n\u00eb internet kur vizitoni nj\u00eb faqe interneti. N\u00eb ueb faqe ka vet\u00ebm ashtu lloj t\u00eb cookies q\u00eb zhduken \u00eb internet shfletuesin, p\u00ebr dallim nga ato q\u00eb mund t\u00eb jesin t\u00eb ruajtura n\u00eb kumpjuterin tuaj nj\u00eb periudh\u00eb t\u00eb gjat\u00eb.<u><\/u><u><\/u><\/p><p class=\"v1MsoNormal\"><b><u><\/u>\u00a0<u><\/u><\/b><\/p><p class=\"v1MsoNormal\"><b>P\u00ebr \u00e7ka p\u00ebrdorim\u00a0\u201ecookies&#8221;?<\/b><u><\/u><u><\/u><\/p><p class=\"v1MsoNormal\">Me ndihm\u00ebn e k\u00ebtyre skedar\u00ebve Agjencia p\u00ebr sh\u00ebrbime mediatike audio dhe audiovizuele e ndjek l\u00ebvizjen e ndjek\u00ebsve t\u00eb ueb faqes dhe mk\u00ebt\u00eb m\u00ebnyr\u00eb mbledh informacione p\u00ebr ta p\u00ebrmirsuar p\u00ebrvoj\u00ebn e shfryt\u00ebzimit dhe ta optimizoj\u00eb dhe ta \u00e7oj\u00eb\u00eb p\u00ebrpara funksionimin e ueb faqes.<u><\/u><u><\/u><\/p><p class=\"v1MsoNormal\"><b><u><\/u>\u00a0<u><\/u><\/b><\/p><p class=\"v1MsoNormal\"><b>Cilat informacione i mledhim?<\/b><u><\/u><u><\/u><\/p><p class=\"v1MsoNormal\">Gjat\u00eb vizit\u00ebs s\u00eb ueb faqes, duke mar\u00eb parasysh\u00eb natyren e internetit, mblidhen t\u00eb dh\u00ebna t\u00eb cilat i evidentojn\u00eb shfryt\u00ebzueit, por vet\u00eb nuk jan\u00eb t\u00eb mjaftueshm p\u00ebr t\u00eb identifikuar nj\u00eb person t\u00eb caktuar dhe p\u00ebr t\u00eb p\u00ebrfaq\u00ebsuar treguesit statistikor\u00eb q\u00eb p\u00ebrdoren p\u00ebr t\u00eb p\u00ebrmir\u00ebsuar cil\u00ebsin\u00eb e faqes s\u00eb internetit. Informacionet e tilla mund t\u00eb p\u00ebrfshijn\u00eb emrin e shfletuesit t\u00eb internetit, numrin e vizitave, koh\u00ebn mesatare t\u00eb shpenzuar n\u00eb faqe, llojin e pajisjes dhe informacionin teknik p\u00ebr lidhjen e p\u00ebrdorur nga p\u00ebrdoruesi gjat\u00eb vizit\u00ebs n\u00eb vend, si\u00e7 \u00ebsht\u00eb sistemi operativ dhe furnizuesi i Sh\u00ebrbimi i Internetit, IP (Internet Protocol) adresat q\u00eb jan\u00eb caktuar nga ISP-t\u00eb dhe jan\u00eb t\u00eb ndryshme p\u00ebr secilin p\u00ebrdorues t\u00eb internetit dhe informacione t\u00eb ngjashme.<u><\/u><u><\/u><\/p><p class=\"v1MsoNormal\"><b><u><\/u>\u00a0<u><\/u><\/b><\/p><p class=\"v1MsoNormal\"><b>Pranimi i kushteve<\/b><u><\/u><u><\/u><\/p><p class=\"v1MsoNormal\">P\u00ebrdoruesi n\u00eb ueb faqe ka mund\u00ebsi ta pajtohet me shfryt\u00ebzimin e cookies ose ta kund\u00ebrshton t\u00eb njejt\u00ebn.\u00a0 Me shfryt\u00ebzimin e cookies shfryt\u00ebzuesi pajtohet me dispozitat e k\u00ebsaj politike p\u00ebr cookie. Shfryt\u00ebzimi i juaj n\u00eb\u00a0 kontinuitet i ueb faqes duke i ndjekur ndryshimet e k\u00ebsaj politike do t\u00eb do t\u00eb meret parasysh\u00eb p\u00ebr pranimin tuaj t\u00eb ndryshimeve t\u00eb dh\u00ebna.<u><\/u><u><\/u><\/p><p class=\"v1MsoNormal\"><b><u><\/u>\u00a0<u><\/u><\/b><\/p><p class=\"v1MsoNormal\"><b>P\u00ebrdit\u00ebsuar:\u00a0<\/b>Shtator 2022<\/p>\t\t\t\t\t\t\t\t<\/div>\n\t\t\t\t<\/div>\n\t\t\t\t<\/div>\n\t\t<div class=\"elementor-element elementor-element-1c7bec3 e-con-full e-flex e-con e-child\" data-id=\"1c7bec3\" data-element_type=\"container\">\n\t\t\t\t<div class=\"elementor-element elementor-element-07e6593 elementor-widget elementor-widget-image\" data-id=\"07e6593\" data-element_type=\"widget\" data-widget_type=\"image.default\">\n\t\t\t\t<div class=\"elementor-widget-container\">\n\t\t\t\t\t\t\t\t\t\t\t\t\t\t\t<img fetchpriority=\"high\" decoding=\"async\" width=\"508\" height=\"120\" src=\"https:\/\/rodotimediumite.mk\/wp-content\/uploads\/2023\/12\/header_logo.png\" class=\"attachment-large size-large wp-image-659\" alt=\"\" srcset=\"https:\/\/rodotimediumite.mk\/wp-content\/uploads\/2023\/12\/header_logo.png 508w, https:\/\/rodotimediumite.mk\/wp-content\/uploads\/2023\/12\/header_logo-500x118.png 500w, https:\/\/rodotimediumite.mk\/wp-content\/uploads\/2023\/12\/header_logo-300x71.png 300w, https:\/\/rodotimediumite.mk\/wp-content\/uploads\/2023\/12\/header_logo-150x35.png 150w, https:\/\/rodotimediumite.mk\/wp-content\/uploads\/2023\/12\/header_logo-480x113.png 480w\" sizes=\"(max-width:767px) 480px, 508px\" \/>\t\t\t\t\t\t\t\t\t\t\t\t\t\t\t<\/div>\n\t\t\t\t<\/div>\n\t\t\t\t<div class=\"elementor-element elementor-element-c9ee7fa elementor-widget elementor-widget-mfn_live_search\" data-id=\"c9ee7fa\" data-element_type=\"widget\" data-widget_type=\"mfn_live_search.default\">\n\t\t\t\t<div class=\"elementor-widget-container\">\n\t\t\t\t\t<div class=\"column_livesearch\"><div class=\"mfn-live-search-wrapper\" data-char=\"3\" data-posts=\"10\" data-featured=\"1\"><form method=\"get\" class=\"mfn-live-searchform\" action=\"https:\/\/rodotimediumite.mk\/sq\/\"><svg class=\"icon_search\" width=\"26\" viewBox=\"0 0 26 26\" aria-hidden=\"true\"><defs><style>.path{fill:none;stroke:#000;stroke-miterlimit:10;stroke-width:1.5px;}<\/style><\/defs><circle class=\"path\" cx=\"11.35\" cy=\"11.35\" r=\"6\"><\/circle><line class=\"path\" x1=\"15.59\" y1=\"15.59\" x2=\"20.65\" y2=\"20.65\"><\/line><\/svg><input type=\"text\" class=\"field\" name=\"s\" placeholder=\"Enter your search\" \/><input type=\"submit\" class=\"display-none\" value=\"\" \/><\/form><div class=\"mfn-live-search-box\" style=\"display:none\">\n\t\t\t\t<ul class=\"mfn-live-search-list\" style=\"max-height:300px \">\n\t\t\t\t\t<li class=\"mfn-live-search-list-categories\"><ul><\/ul><\/li>\n\t\t\t\t\t<li class=\"mfn-live-search-list-shop\"><ul><\/ul><\/li>\n\t\t\t\t\t<li class=\"mfn-live-search-list-blog\"><ul><\/ul><\/li>\n\t\t\t\t\t<li class=\"mfn-live-search-list-pages\"><ul><\/ul><\/li>\n\t\t\t\t\t<li class=\"mfn-live-search-list-portfolio\"><ul><\/ul><\/li>\n\t\t\t\t<\/ul>\n\n\t\t\t\t<span class=\"mfn-live-search-noresults\">No results<\/span>\n\t\t\t\t<a class=\"button button_theme hidden\">See all results<\/a>\n\t\t\t<\/div><\/div><\/div>\t\t\t\t<\/div>\n\t\t\t\t<\/div>\n\t\t\t\t<div class=\"elementor-element elementor-element-cbf9540 elementor-widget elementor-widget-image\" data-id=\"cbf9540\" data-element_type=\"widget\" data-widget_type=\"image.default\">\n\t\t\t\t<div class=\"elementor-widget-container\">\n\t\t\t\t\t\t\t\t\t\t\t\t\t\t\t\t<a href=\"https:\/\/mtsp.gov.mk\/specijalizirani-uslugi-za-zrtvi-na-semejno-nasilstvo.nspx\">\n\t\t\t\t\t\t\t<img decoding=\"async\" width=\"980\" height=\"353\" src=\"https:\/\/rodotimediumite.mk\/wp-content\/uploads\/2023\/12\/prijavi-semejno-nasilstvo.jpg\" class=\"attachment-large size-large wp-image-662\" alt=\"\" srcset=\"https:\/\/rodotimediumite.mk\/wp-content\/uploads\/2023\/12\/prijavi-semejno-nasilstvo.jpg 980w, https:\/\/rodotimediumite.mk\/wp-content\/uploads\/2023\/12\/prijavi-semejno-nasilstvo-500x180.jpg 500w, https:\/\/rodotimediumite.mk\/wp-content\/uploads\/2023\/12\/prijavi-semejno-nasilstvo-300x108.jpg 300w, https:\/\/rodotimediumite.mk\/wp-content\/uploads\/2023\/12\/prijavi-semejno-nasilstvo-768x277.jpg 768w, https:\/\/rodotimediumite.mk\/wp-content\/uploads\/2023\/12\/prijavi-semejno-nasilstvo-150x54.jpg 150w, https:\/\/rodotimediumite.mk\/wp-content\/uploads\/2023\/12\/prijavi-semejno-nasilstvo-480x173.jpg 480w\" sizes=\"(max-width:767px) 480px, (max-width:980px) 100vw, 980px\" \/>\t\t\t\t\t\t\t\t<\/a>\n\t\t\t\t\t\t\t\t\t\t\t\t\t\t\t<\/div>\n\t\t\t\t<\/div>\n\t\t\t\t<div class=\"elementor-element elementor-element-a31ff74 elementor-widget elementor-widget-image\" data-id=\"a31ff74\" data-element_type=\"widget\" data-widget_type=\"image.default\">\n\t\t\t\t<div class=\"elementor-widget-container\">\n\t\t\t\t\t\t\t\t\t\t\t\t\t\t\t\t<a href=\"https:\/\/www.mtsp.gov.mk\/media-centar-ns_article-bidi-bezbedna.nspx\">\n\t\t\t\t\t\t\t<img decoding=\"async\" width=\"980\" height=\"353\" src=\"https:\/\/rodotimediumite.mk\/wp-content\/uploads\/2023\/12\/mob_app-za-prijavuanje-nasilstvo.jpg\" class=\"attachment-large size-large wp-image-660\" alt=\"\" srcset=\"https:\/\/rodotimediumite.mk\/wp-content\/uploads\/2023\/12\/mob_app-za-prijavuanje-nasilstvo.jpg 980w, https:\/\/rodotimediumite.mk\/wp-content\/uploads\/2023\/12\/mob_app-za-prijavuanje-nasilstvo-500x180.jpg 500w, https:\/\/rodotimediumite.mk\/wp-content\/uploads\/2023\/12\/mob_app-za-prijavuanje-nasilstvo-300x108.jpg 300w, https:\/\/rodotimediumite.mk\/wp-content\/uploads\/2023\/12\/mob_app-za-prijavuanje-nasilstvo-768x277.jpg 768w, https:\/\/rodotimediumite.mk\/wp-content\/uploads\/2023\/12\/mob_app-za-prijavuanje-nasilstvo-150x54.jpg 150w, https:\/\/rodotimediumite.mk\/wp-content\/uploads\/2023\/12\/mob_app-za-prijavuanje-nasilstvo-480x173.jpg 480w\" sizes=\"(max-width:767px) 480px, (max-width:980px) 100vw, 980px\" \/>\t\t\t\t\t\t\t\t<\/a>\n\t\t\t\t\t\t\t\t\t\t\t\t\t\t\t<\/div>\n\t\t\t\t<\/div>\n\t\t\t\t<div class=\"elementor-element elementor-element-e218651 elementor-widget elementor-widget-image\" data-id=\"e218651\" data-element_type=\"widget\" data-widget_type=\"image.default\">\n\t\t\t\t<div class=\"elementor-widget-container\">\n\t\t\t\t\t\t\t\t\t\t\t\t\t\t\t\t<a href=\"https:\/\/www.mtsp.gov.mk\/institucii.nspx\">\n\t\t\t\t\t\t\t<img loading=\"lazy\" decoding=\"async\" width=\"980\" height=\"353\" src=\"https:\/\/rodotimediumite.mk\/wp-content\/uploads\/2023\/12\/kontakti-so-centriza-soc.-raboti.jpg\" class=\"attachment-large size-large wp-image-666\" alt=\"\" srcset=\"https:\/\/rodotimediumite.mk\/wp-content\/uploads\/2023\/12\/kontakti-so-centriza-soc.-raboti.jpg 980w, https:\/\/rodotimediumite.mk\/wp-content\/uploads\/2023\/12\/kontakti-so-centriza-soc.-raboti-500x180.jpg 500w, https:\/\/rodotimediumite.mk\/wp-content\/uploads\/2023\/12\/kontakti-so-centriza-soc.-raboti-300x108.jpg 300w, https:\/\/rodotimediumite.mk\/wp-content\/uploads\/2023\/12\/kontakti-so-centriza-soc.-raboti-768x277.jpg 768w, https:\/\/rodotimediumite.mk\/wp-content\/uploads\/2023\/12\/kontakti-so-centriza-soc.-raboti-150x54.jpg 150w, https:\/\/rodotimediumite.mk\/wp-content\/uploads\/2023\/12\/kontakti-so-centriza-soc.-raboti-480x173.jpg 480w\" sizes=\"(max-width:767px) 480px, (max-width:980px) 100vw, 980px\" \/>\t\t\t\t\t\t\t\t<\/a>\n\t\t\t\t\t\t\t\t\t\t\t\t\t\t\t<\/div>\n\t\t\t\t<\/div>\n\t\t\t\t<div class=\"elementor-element elementor-element-19996ab elementor-widget elementor-widget-image\" data-id=\"19996ab\" data-element_type=\"widget\" data-widget_type=\"image.default\">\n\t\t\t\t<div class=\"elementor-widget-container\">\n\t\t\t\t\t\t\t\t\t\t\t\t\t\t\t\t<a href=\"https:\/\/mtsp.gov.mk\/inter-resorska-grupa-za-ednakvi-moznosti-na-zenite-i-mazite.nspx\">\n\t\t\t\t\t\t\t<img loading=\"lazy\" decoding=\"async\" width=\"347\" height=\"150\" src=\"https:\/\/rodotimediumite.mk\/wp-content\/uploads\/2023\/12\/\u0431\u0430\u043d\u0435\u0440-\u0438\u043d\u0442\u0435\u0440\u0440\u0435\u0441\u043e\u0440\u0441\u043a\u0430-\u0433\u0440\u0443\u043f\u0430-\u0437\u0430-\u0435\u0434\u043d\u0430\u043a\u0432\u0438-\u043c\u043e\u0436\u043d\u043e\u0441\u0442\u0438.png\" class=\"attachment-large size-large wp-image-664\" alt=\"\" srcset=\"https:\/\/rodotimediumite.mk\/wp-content\/uploads\/2023\/12\/\u0431\u0430\u043d\u0435\u0440-\u0438\u043d\u0442\u0435\u0440\u0440\u0435\u0441\u043e\u0440\u0441\u043a\u0430-\u0433\u0440\u0443\u043f\u0430-\u0437\u0430-\u0435\u0434\u043d\u0430\u043a\u0432\u0438-\u043c\u043e\u0436\u043d\u043e\u0441\u0442\u0438.png 347w, https:\/\/rodotimediumite.mk\/wp-content\/uploads\/2023\/12\/\u0431\u0430\u043d\u0435\u0440-\u0438\u043d\u0442\u0435\u0440\u0440\u0435\u0441\u043e\u0440\u0441\u043a\u0430-\u0433\u0440\u0443\u043f\u0430-\u0437\u0430-\u0435\u0434\u043d\u0430\u043a\u0432\u0438-\u043c\u043e\u0436\u043d\u043e\u0441\u0442\u0438-300x130.png 300w, https:\/\/rodotimediumite.mk\/wp-content\/uploads\/2023\/12\/\u0431\u0430\u043d\u0435\u0440-\u0438\u043d\u0442\u0435\u0440\u0440\u0435\u0441\u043e\u0440\u0441\u043a\u0430-\u0433\u0440\u0443\u043f\u0430-\u0437\u0430-\u0435\u0434\u043d\u0430\u043a\u0432\u0438-\u043c\u043e\u0436\u043d\u043e\u0441\u0442\u0438-150x65.png 150w\" sizes=\"(max-width:767px) 347px, 347px\" \/>\t\t\t\t\t\t\t\t<\/a>\n\t\t\t\t\t\t\t\t\t\t\t\t\t\t\t<\/div>\n\t\t\t\t<\/div>\n\t\t\t\t<div class=\"elementor-element elementor-element-0f7cade elementor-widget elementor-widget-image\" data-id=\"0f7cade\" data-element_type=\"widget\" data-widget_type=\"image.default\">\n\t\t\t\t<div class=\"elementor-widget-container\">\n\t\t\t\t\t\t\t\t\t\t\t\t\t\t\t\t<a href=\"https:\/\/mtspresursencentar.mk\/\">\n\t\t\t\t\t\t\t<img loading=\"lazy\" decoding=\"async\" width=\"980\" height=\"353\" src=\"https:\/\/rodotimediumite.mk\/wp-content\/uploads\/2023\/12\/restursen-centar_mk.jpg\" class=\"attachment-large size-large wp-image-663\" alt=\"\" srcset=\"https:\/\/rodotimediumite.mk\/wp-content\/uploads\/2023\/12\/restursen-centar_mk.jpg 980w, https:\/\/rodotimediumite.mk\/wp-content\/uploads\/2023\/12\/restursen-centar_mk-500x180.jpg 500w, https:\/\/rodotimediumite.mk\/wp-content\/uploads\/2023\/12\/restursen-centar_mk-300x108.jpg 300w, https:\/\/rodotimediumite.mk\/wp-content\/uploads\/2023\/12\/restursen-centar_mk-768x277.jpg 768w, https:\/\/rodotimediumite.mk\/wp-content\/uploads\/2023\/12\/restursen-centar_mk-150x54.jpg 150w, https:\/\/rodotimediumite.mk\/wp-content\/uploads\/2023\/12\/restursen-centar_mk-480x173.jpg 480w\" sizes=\"(max-width:767px) 480px, (max-width:980px) 100vw, 980px\" \/>\t\t\t\t\t\t\t\t<\/a>\n\t\t\t\t\t\t\t\t\t\t\t\t\t\t\t<\/div>\n\t\t\t\t<\/div>\n\t\t\t\t<div class=\"elementor-element elementor-element-0856d43 elementor-widget elementor-widget-image\" data-id=\"0856d43\" data-element_type=\"widget\" data-widget_type=\"image.default\">\n\t\t\t\t<div class=\"elementor-widget-container\">\n\t\t\t\t\t\t\t\t\t\t\t\t\t\t\t\t<a href=\"https:\/\/mtsp.gov.mk\/postapka-za-zashtita-vo-slucaj-na-voznemiruvanje-na-rabotnoto-mesto.nspx\">\n\t\t\t\t\t\t\t<img loading=\"lazy\" decoding=\"async\" width=\"270\" height=\"188\" src=\"https:\/\/rodotimediumite.mk\/wp-content\/uploads\/2023\/12\/Capture-1.png\" class=\"attachment-large size-large wp-image-658\" alt=\"\" srcset=\"https:\/\/rodotimediumite.mk\/wp-content\/uploads\/2023\/12\/Capture-1.png 270w, https:\/\/rodotimediumite.mk\/wp-content\/uploads\/2023\/12\/Capture-1-108x75.png 108w\" sizes=\"(max-width:767px) 270px, 270px\" \/>\t\t\t\t\t\t\t\t<\/a>\n\t\t\t\t\t\t\t\t\t\t\t\t\t\t\t<\/div>\n\t\t\t\t<\/div>\n\t\t\t\t<div class=\"elementor-element elementor-element-dc3b37b elementor-widget elementor-widget-image\" data-id=\"dc3b37b\" data-element_type=\"widget\" data-widget_type=\"image.default\">\n\t\t\t\t<div class=\"elementor-widget-container\">\n\t\t\t\t\t\t\t\t\t\t\t\t\t\t\t\t<a href=\"https:\/\/s-front.org.mk\/2020\/08\/05\/zapocnha-so-rabota-linijata-za-sovetuvanje-na-lgbti\/\">\n\t\t\t\t\t\t\t<img loading=\"lazy\" decoding=\"async\" width=\"353\" height=\"353\" src=\"https:\/\/rodotimediumite.mk\/wp-content\/uploads\/2023\/12\/\u0421\u043b\u0438\u043a\u0430-\u0437\u0430-\u0431\u0430\u043d\u0435\u0440-LGBTI.png\" class=\"attachment-large size-large wp-image-665\" alt=\"\" srcset=\"https:\/\/rodotimediumite.mk\/wp-content\/uploads\/2023\/12\/\u0421\u043b\u0438\u043a\u0430-\u0437\u0430-\u0431\u0430\u043d\u0435\u0440-LGBTI.png 353w, https:\/\/rodotimediumite.mk\/wp-content\/uploads\/2023\/12\/\u0421\u043b\u0438\u043a\u0430-\u0437\u0430-\u0431\u0430\u043d\u0435\u0440-LGBTI-300x300.png 300w, https:\/\/rodotimediumite.mk\/wp-content\/uploads\/2023\/12\/\u0421\u043b\u0438\u043a\u0430-\u0437\u0430-\u0431\u0430\u043d\u0435\u0440-LGBTI-150x150.png 150w, https:\/\/rodotimediumite.mk\/wp-content\/uploads\/2023\/12\/\u0421\u043b\u0438\u043a\u0430-\u0437\u0430-\u0431\u0430\u043d\u0435\u0440-LGBTI-75x75.png 75w\" sizes=\"(max-width:767px) 353px, 353px\" \/>\t\t\t\t\t\t\t\t<\/a>\n\t\t\t\t\t\t\t\t\t\t\t\t\t\t\t<\/div>\n\t\t\t\t<\/div>\n\t\t\t\t<div class=\"elementor-element elementor-element-cb1bd83 elementor-widget elementor-widget-image\" data-id=\"cb1bd83\" data-element_type=\"widget\" data-widget_type=\"image.default\">\n\t\t\t\t<div class=\"elementor-widget-container\">\n\t\t\t\t\t\t\t\t\t\t\t\t\t\t\t<img loading=\"lazy\" decoding=\"async\" width=\"980\" height=\"353\" src=\"https:\/\/rodotimediumite.mk\/wp-content\/uploads\/2023\/12\/prestavka_avmu_2.jpg\" class=\"attachment-large size-large wp-image-661\" alt=\"\" srcset=\"https:\/\/rodotimediumite.mk\/wp-content\/uploads\/2023\/12\/prestavka_avmu_2.jpg 980w, https:\/\/rodotimediumite.mk\/wp-content\/uploads\/2023\/12\/prestavka_avmu_2-500x180.jpg 500w, https:\/\/rodotimediumite.mk\/wp-content\/uploads\/2023\/12\/prestavka_avmu_2-300x108.jpg 300w, https:\/\/rodotimediumite.mk\/wp-content\/uploads\/2023\/12\/prestavka_avmu_2-768x277.jpg 768w, https:\/\/rodotimediumite.mk\/wp-content\/uploads\/2023\/12\/prestavka_avmu_2-150x54.jpg 150w, https:\/\/rodotimediumite.mk\/wp-content\/uploads\/2023\/12\/prestavka_avmu_2-480x173.jpg 480w\" sizes=\"(max-width:767px) 480px, (max-width:980px) 100vw, 980px\" \/>\t\t\t\t\t\t\t\t\t\t\t\t\t\t\t<\/div>\n\t\t\t\t<\/div>\n\t\t\t\t<\/div>\n\t\t\t\t\t<\/div>\n\t\t\t\t<\/div>\n\t\t\t\t<\/div>\n\t\t","protected":false},"excerpt":{"rendered":"<p>\u00c7far lloj t\u00eb cookies p\u00ebrdorim? \u201e Cookies jan\u00eb skedar\u00eb tekstesh t\u00eb vogla q\u00eb vendosen dhe ruhen n\u00eb kompjuterin, celularin tuaj \u2013 ose n\u00eb \u00e7do pajisje tjet\u00ebr<span class=\"excerpt-hellip\"> [\u2026]<\/span><\/p>\n","protected":false},"author":1,"featured_media":0,"parent":0,"menu_order":0,"comment_status":"closed","ping_status":"closed","template":"","meta":{"footnotes":""},"class_list":["post-3203","page","type-page","status-publish","hentry"],"_links":{"self":[{"href":"https:\/\/rodotimediumite.mk\/sq\/wp-json\/wp\/v2\/pages\/3203","targetHints":{"allow":["GET"]}}],"collection":[{"href":"https:\/\/rodotimediumite.mk\/sq\/wp-json\/wp\/v2\/pages"}],"about":[{"href":"https:\/\/rodotimediumite.mk\/sq\/wp-json\/wp\/v2\/types\/page"}],"author":[{"embeddable":true,"href":"https:\/\/rodotimediumite.mk\/sq\/wp-json\/wp\/v2\/users\/1"}],"replies":[{"embeddable":true,"href":"https:\/\/rodotimediumite.mk\/sq\/wp-json\/wp\/v2\/comments?post=3203"}],"version-history":[{"count":5,"href":"https:\/\/rodotimediumite.mk\/sq\/wp-json\/wp\/v2\/pages\/3203\/revisions"}],"predecessor-version":[{"id":3209,"href":"https:\/\/rodotimediumite.mk\/sq\/wp-json\/wp\/v2\/pages\/3203\/revisions\/3209"}],"wp:attachment":[{"href":"https:\/\/rodotimediumite.mk\/sq\/wp-json\/wp\/v2\/media?parent=3203"}],"curies":[{"name":"wp","href":"https:\/\/api.w.org\/{rel}","templated":true}]}}