{"id":4228,"date":"2023-12-07T15:25:08","date_gmt":"2023-12-07T15:25:08","guid":{"rendered":"https:\/\/rodotimediumite.mk\/?page_id=4228"},"modified":"2026-02-03T12:01:42","modified_gmt":"2026-02-03T12:01:42","slug":"institucione-organizata-civile","status":"publish","type":"page","link":"https:\/\/rodotimediumite.mk\/sq\/institucione-organizata-civile\/","title":{"rendered":"Institucione Organizata civile"},"content":{"rendered":"\t\t<div data-elementor-type=\"wp-page\" data-elementor-id=\"4228\" class=\"elementor elementor-4228 elementor-1012\" data-elementor-post-type=\"page\">\n\t\t\t\t<div class=\"elementor-element elementor-element-3f7dc526 e-flex e-con-boxed e-con e-parent\" data-id=\"3f7dc526\" data-element_type=\"container\">\n\t\t\t\t\t<div class=\"e-con-inner\">\n\t\t<div class=\"elementor-element elementor-element-e954c58 e-con-full e-flex e-con e-child\" data-id=\"e954c58\" data-element_type=\"container\">\n\t\t<div class=\"elementor-element elementor-element-0c97496 e-con-full e-flex e-con e-child\" data-id=\"0c97496\" data-element_type=\"container\">\n\t\t\t\t<div class=\"elementor-element elementor-element-873a4b4 elementor-widget elementor-widget-text-editor\" data-id=\"873a4b4\" data-element_type=\"widget\" data-widget_type=\"text-editor.default\">\n\t\t\t\t<div class=\"elementor-widget-container\">\n\t\t\t\t\t\t\t\t\t<p style=\"font-weight: 400;\"><strong>Institucione shtet?rore<\/strong><\/p><p style=\"font-weight: 400;\">Ministria e Politik\u00ebs Sociale, e Demografis\u00eb dhe e t\u00eb Rinjve &#8211; <a href=\"https:\/\/www.mtsp.gov.mk\/sq-AL\" data-saferedirecturl=\"https:\/\/www.google.com\/url?q=https:\/\/www.mtsp.gov.mk\/sq-AL&amp;source=gmail&amp;ust=1770197435225000&amp;usg=AOvVaw3_mSltWVwqQzDxgavm8Za7\">https:\/\/www.mtsp.gov.mk\/sq-AL<\/a><br \/>Ministria e drejt\u00ebsis\u00eb &#8211; <a href=\"https:\/\/www.pravda.gov.mk\/sq-AL\" data-saferedirecturl=\"https:\/\/www.google.com\/url?q=https:\/\/www.pravda.gov.mk\/sq-AL&amp;source=gmail&amp;ust=1770197435225000&amp;usg=AOvVaw1GNZYvdA4gDCVS-BiNIlww\">https:\/\/www.pravda.gov.mk\/sq-AL<\/a><br \/>Ministria e sh\u00ebndet\u00ebsis\u00eb &#8211; <a href=\"https:\/\/zdravstvo.gov.mk\/sq-AL\" data-saferedirecturl=\"https:\/\/www.google.com\/url?q=https:\/\/zdravstvo.gov.mk\/sq-AL&amp;source=gmail&amp;ust=1770197435225000&amp;usg=AOvVaw1uaU7u8Q22m19KNYllNHeI\">https:\/\/zdravstvo.gov.mk\/sq-AL<\/a><br \/>Ministria e Pun\u00ebve t\u00eb Brendshme &#8211; <a href=\"https:\/\/mvr.gov.mk\/sq-AL\" data-saferedirecturl=\"https:\/\/www.google.com\/url?q=https:\/\/mvr.gov.mk\/sq-AL&amp;source=gmail&amp;ust=1770197435225000&amp;usg=AOvVaw103I7_H9ugSMfclOE58K4t\">https:\/\/mvr.gov.mk\/sq-AL<\/a><br \/>Ministria e arsimit dh shkenc\u00ebs &#8211; <a href=\"https:\/\/mon.gov.mk\/sq-AL\" data-saferedirecturl=\"https:\/\/www.google.com\/url?q=https:\/\/mon.gov.mk\/sq-AL&amp;source=gmail&amp;ust=1770197435225000&amp;usg=AOvVaw0pmRpdNmYkzCTaaQS58ozE\">https:\/\/mon.gov.mk\/sq-AL<\/a><br \/>Komisioni i Parandalimit dhe i Mbrojtjes nga Diskriminimi &#8211;\u00a0<a href=\"https:\/\/kszd.mk\/?lang=sq\" data-saferedirecturl=\"https:\/\/www.google.com\/url?q=https:\/\/kszd.mk\/?lang%3Dsq&amp;source=gmail&amp;ust=1770197435225000&amp;usg=AOvVaw2m7TZaWwFCb0fB5YGy7cvH\">https:\/\/kszd.mk\/?lang=sq<\/a><br \/>Prokuroria Publike e Republik\u00ebs s\u00eb Maqedonis\u00eb s\u00eb Veriut &#8211; <a href=\"https:\/\/jorm.gov.mk\/sq\/\" data-saferedirecturl=\"https:\/\/www.google.com\/url?q=https:\/\/jorm.gov.mk\/sq\/&amp;source=gmail&amp;ust=1770197435225000&amp;usg=AOvVaw2E15Lt2F1ohkxJr2U26niO\">https:\/\/jorm.gov.mk\/sq\/<\/a><br \/>Avokati I Popullit &#8211;\u00a0<a href=\"https:\/\/ombudsman.mk\/Faqja_e_par%C3%AB_.aspx\" data-saferedirecturl=\"https:\/\/www.google.com\/url?q=https:\/\/ombudsman.mk\/Faqja_e_par%25C3%25AB_.aspx&amp;source=gmail&amp;ust=1770197435225000&amp;usg=AOvVaw2KWV47Pxa2ZmIxZR5l9SVJ\">https:\/\/ombudsman.mk\/Faqja_e_par%C3%AB_.aspx<\/a><br \/>Enti shtet\u00ebror I statistik\u00ebs &#8211; <a href=\"https:\/\/www.stat.gov.mk\/Default_al.aspx\" data-saferedirecturl=\"https:\/\/www.google.com\/url?q=https:\/\/www.stat.gov.mk\/Default_al.aspx&amp;source=gmail&amp;ust=1770197435225000&amp;usg=AOvVaw3b7v3NYBobnyJ39K_8bDTO\">https:\/\/www.stat.gov.mk\/Default_al.aspx<\/a><\/p><p style=\"font-weight: 400;\"><strong>\u00a0<\/strong><\/p><p style=\"font-weight: 400;\"><strong>Organizata civile<\/strong><\/p><p style=\"font-weight: 400;\">Koalicioni Margini &#8211;\u00a0<a href=\"https:\/\/coalition.org.mk\/\" data-saferedirecturl=\"https:\/\/www.google.com\/url?q=https:\/\/coalition.org.mk\/&amp;source=gmail&amp;ust=1770197435225000&amp;usg=AOvVaw1vofQZqlQU82M9JYpsFt3h\">https:\/\/coalition.org.mk\/<\/a><br \/>Hera Shoqata p\u00ebr Edukim dhe K\u00ebrkime Sh\u00ebndet\u00ebsore &#8211; <a href=\"https:\/\/hera.org.mk\/al\/\" data-saferedirecturl=\"https:\/\/www.google.com\/url?q=https:\/\/hera.org.mk\/al\/&amp;source=gmail&amp;ust=1770197435225000&amp;usg=AOvVaw2X6DKEE_7meLN9zbk2kbKW\">https:\/\/hera.org.mk\/al\/<\/a><br \/>Komiteti i Hellsinkit p\u00ebr t\u00eb Drejtat e Njeriut &#8211; <a href=\"https:\/\/mhc.org.mk\/sq\/\" data-saferedirecturl=\"https:\/\/www.google.com\/url?q=https:\/\/mhc.org.mk\/sq\/&amp;source=gmail&amp;ust=1770197435225000&amp;usg=AOvVaw25ixs5wbc5s_0obPhSfgDc\">https:\/\/mhc.org.mk\/sq\/<\/a><br \/>Rrjeti Komb\u00ebtar Kund\u00ebr Dhun\u00ebs ndaj Grave dhe Dhun\u00ebs n\u00eb Familje &#8211; <a href=\"https:\/\/glasprotivnasilstvo.org.mk\/\" data-saferedirecturl=\"https:\/\/www.google.com\/url?q=https:\/\/glasprotivnasilstvo.org.mk\/&amp;source=gmail&amp;ust=1770197435225000&amp;usg=AOvVaw0Ixva-Wa2xH3XJ9IrwZBjT\">https:\/\/glasprotivnasilstvo.org.mk\/<\/a><br \/>K\u00ebshilli Komb\u00ebtar p\u00ebr Barazi Gjinore (KKBGj) &#8211; <a href=\"https:\/\/nsrr.org.mk\/\" data-saferedirecturl=\"https:\/\/www.google.com\/url?q=https:\/\/nsrr.org.mk\/&amp;source=gmail&amp;ust=1770197435225000&amp;usg=AOvVaw21l0WlMCiwURFVg2jLE17u\">https:\/\/nsrr.org.mk\/<\/a><br \/>Shoqata p\u00ebr Emancipimin, Solidaritetin dhe Barazin\u00eb e Grave (ESE) &#8211; <a href=\"https:\/\/esem.org.mk\/\" data-saferedirecturl=\"https:\/\/www.google.com\/url?q=https:\/\/esem.org.mk\/&amp;source=gmail&amp;ust=1770197435225000&amp;usg=AOvVaw136stYl1L4WwhGoDK_49N2\">https:\/\/esem.org.mk\/<\/a><br \/>REAKTOR &#8211; Hulumtim n\u00eb Veprim &#8211; <a href=\"https:\/\/reactor.org.mk\/\" data-saferedirecturl=\"https:\/\/www.google.com\/url?q=https:\/\/reactor.org.mk\/&amp;source=gmail&amp;ust=1770197435225000&amp;usg=AOvVaw3dQ0Zc4TFlBHeU8uz3ZNR_\">https:\/\/reactor.org.mk\/<\/a><\/p><p class=\"MsoNormal\" style=\"margin-bottom: 0px; color: #222222; font-family: Arial, Helvetica, sans-serif; font-size: small; font-style: normal; font-variant-ligatures: normal; font-variant-caps: normal; font-weight: 400; letter-spacing: normal; background-color: #ffffff;\">\u00a0<\/p>\t\t\t\t\t\t\t\t<\/div>\n\t\t\t\t<\/div>\n\t\t\t\t<\/div>\n\t\t<div class=\"elementor-element elementor-element-e464974 e-con-full e-flex e-con e-child\" data-id=\"e464974\" data-element_type=\"container\">\n\t\t<div class=\"elementor-element elementor-element-696d082 e-con-full e-flex e-con e-child\" data-id=\"696d082\" data-element_type=\"container\">\n\t\t\t\t<div class=\"elementor-element elementor-element-32c569f elementor-widget elementor-widget-image\" data-id=\"32c569f\" data-element_type=\"widget\" data-widget_type=\"image.default\">\n\t\t\t\t<div class=\"elementor-widget-container\">\n\t\t\t\t\t\t\t\t\t\t\t\t\t\t\t\t<a href=\"https:\/\/avmu.mk\/sq\/ballina-sq\/\">\n\t\t\t\t\t\t\t<img fetchpriority=\"high\" decoding=\"async\" width=\"490\" height=\"120\" src=\"https:\/\/rodotimediumite.mk\/wp-content\/uploads\/2023\/12\/header_logo_al-1.png\" class=\"attachment-large size-large wp-image-2202\" alt=\"\" srcset=\"https:\/\/rodotimediumite.mk\/wp-content\/uploads\/2023\/12\/header_logo_al-1.png 490w, https:\/\/rodotimediumite.mk\/wp-content\/uploads\/2023\/12\/header_logo_al-1-300x73.png 300w, https:\/\/rodotimediumite.mk\/wp-content\/uploads\/2023\/12\/header_logo_al-1-150x37.png 150w, https:\/\/rodotimediumite.mk\/wp-content\/uploads\/2023\/12\/header_logo_al-1-480x118.png 480w\" sizes=\"(max-width:767px) 480px, 490px\" \/>\t\t\t\t\t\t\t\t<\/a>\n\t\t\t\t\t\t\t\t\t\t\t\t\t\t\t<\/div>\n\t\t\t\t<\/div>\n\t\t\t\t<div class=\"elementor-element elementor-element-5098671 elementor-widget elementor-widget-mfn_live_search\" data-id=\"5098671\" data-element_type=\"widget\" data-widget_type=\"mfn_live_search.default\">\n\t\t\t\t<div class=\"elementor-widget-container\">\n\t\t\t\t\t<div class=\"column_livesearch\"><div class=\"mfn-live-search-wrapper\" data-char=\"3\" data-posts=\"10\" data-featured=\"1\"><form method=\"get\" class=\"mfn-live-searchform\" action=\"https:\/\/rodotimediumite.mk\/sq\/\"><svg class=\"icon_search\" width=\"26\" viewBox=\"0 0 26 26\" aria-hidden=\"true\"><defs><style>.path{fill:none;stroke:#000;stroke-miterlimit:10;stroke-width:1.5px;}<\/style><\/defs><circle class=\"path\" cx=\"11.35\" cy=\"11.35\" r=\"6\"><\/circle><line class=\"path\" x1=\"15.59\" y1=\"15.59\" x2=\"20.65\" y2=\"20.65\"><\/line><\/svg><input type=\"text\" class=\"field\" name=\"s\" placeholder=\"Enter your search\" \/><input type=\"submit\" class=\"display-none\" value=\"\" \/><\/form><div class=\"mfn-live-search-box\" style=\"display:none\">\n\t\t\t\t<ul class=\"mfn-live-search-list\" style=\"max-height:300px \">\n\t\t\t\t\t<li class=\"mfn-live-search-list-categories\"><ul><\/ul><\/li>\n\t\t\t\t\t<li class=\"mfn-live-search-list-shop\"><ul><\/ul><\/li>\n\t\t\t\t\t<li class=\"mfn-live-search-list-blog\"><ul><\/ul><\/li>\n\t\t\t\t\t<li class=\"mfn-live-search-list-pages\"><ul><\/ul><\/li>\n\t\t\t\t\t<li class=\"mfn-live-search-list-portfolio\"><ul><\/ul><\/li>\n\t\t\t\t<\/ul>\n\n\t\t\t\t<span class=\"mfn-live-search-noresults\">No results<\/span>\n\t\t\t\t<a class=\"button button_theme hidden\">See all results<\/a>\n\t\t\t<\/div><\/div><\/div>\t\t\t\t<\/div>\n\t\t\t\t<\/div>\n\t\t\t\t<div class=\"elementor-element elementor-element-288d3c2 elementor-widget elementor-widget-image\" data-id=\"288d3c2\" data-element_type=\"widget\" data-widget_type=\"image.default\">\n\t\t\t\t<div class=\"elementor-widget-container\">\n\t\t\t\t\t\t\t\t\t\t\t\t\t\t\t\t<a href=\"https:\/\/www.mtsp.gov.mk\/sq-AL\/ednakvi-moznosti\/prevencija-i-zastita-na-zeni-zrtvi-na-rodovo-bazirano-nasilstvo-i-semejno-nasilstvo\/prijavi-semejno-nasilstvo\">\n\t\t\t\t\t\t\t<img decoding=\"async\" width=\"980\" height=\"353\" src=\"https:\/\/rodotimediumite.mk\/wp-content\/uploads\/2023\/12\/prijavi-semejno-nasilstvo_al.jpg\" class=\"attachment-large size-large wp-image-2208\" alt=\"\" srcset=\"https:\/\/rodotimediumite.mk\/wp-content\/uploads\/2023\/12\/prijavi-semejno-nasilstvo_al.jpg 980w, https:\/\/rodotimediumite.mk\/wp-content\/uploads\/2023\/12\/prijavi-semejno-nasilstvo_al-500x180.jpg 500w, https:\/\/rodotimediumite.mk\/wp-content\/uploads\/2023\/12\/prijavi-semejno-nasilstvo_al-300x108.jpg 300w, https:\/\/rodotimediumite.mk\/wp-content\/uploads\/2023\/12\/prijavi-semejno-nasilstvo_al-768x277.jpg 768w, https:\/\/rodotimediumite.mk\/wp-content\/uploads\/2023\/12\/prijavi-semejno-nasilstvo_al-150x54.jpg 150w, https:\/\/rodotimediumite.mk\/wp-content\/uploads\/2023\/12\/prijavi-semejno-nasilstvo_al-480x173.jpg 480w\" sizes=\"(max-width:767px) 480px, (max-width:980px) 100vw, 980px\" \/>\t\t\t\t\t\t\t\t<\/a>\n\t\t\t\t\t\t\t\t\t\t\t\t\t\t\t<\/div>\n\t\t\t\t<\/div>\n\t\t\t\t<div class=\"elementor-element elementor-element-e0d3a65 elementor-widget elementor-widget-image\" data-id=\"e0d3a65\" data-element_type=\"widget\" data-widget_type=\"image.default\">\n\t\t\t\t<div class=\"elementor-widget-container\">\n\t\t\t\t\t\t\t\t\t\t\t\t\t\t\t\t<a href=\"https:\/\/www.mtsp.gov.mk\/sq-AL\/ednakvi-moznosti\/prevencija-i-zastita-na-zeni-zrtvi-na-rodovo-bazirano-nasilstvo-i-semejno-nasilstvo\/bidi-bezbedna\">\n\t\t\t\t\t\t\t<img decoding=\"async\" width=\"980\" height=\"353\" src=\"https:\/\/rodotimediumite.mk\/wp-content\/uploads\/2023\/12\/mob_app-za-prijavuanje-nasilstvo.jpg\" class=\"attachment-large size-large wp-image-660\" alt=\"\" srcset=\"https:\/\/rodotimediumite.mk\/wp-content\/uploads\/2023\/12\/mob_app-za-prijavuanje-nasilstvo.jpg 980w, https:\/\/rodotimediumite.mk\/wp-content\/uploads\/2023\/12\/mob_app-za-prijavuanje-nasilstvo-500x180.jpg 500w, https:\/\/rodotimediumite.mk\/wp-content\/uploads\/2023\/12\/mob_app-za-prijavuanje-nasilstvo-300x108.jpg 300w, https:\/\/rodotimediumite.mk\/wp-content\/uploads\/2023\/12\/mob_app-za-prijavuanje-nasilstvo-768x277.jpg 768w, https:\/\/rodotimediumite.mk\/wp-content\/uploads\/2023\/12\/mob_app-za-prijavuanje-nasilstvo-150x54.jpg 150w, https:\/\/rodotimediumite.mk\/wp-content\/uploads\/2023\/12\/mob_app-za-prijavuanje-nasilstvo-480x173.jpg 480w\" sizes=\"(max-width:767px) 480px, (max-width:980px) 100vw, 980px\" \/>\t\t\t\t\t\t\t\t<\/a>\n\t\t\t\t\t\t\t\t\t\t\t\t\t\t\t<\/div>\n\t\t\t\t<\/div>\n\t\t\t\t<div class=\"elementor-element elementor-element-2bcdf51 elementor-widget elementor-widget-image\" data-id=\"2bcdf51\" data-element_type=\"widget\" data-widget_type=\"image.default\">\n\t\t\t\t<div class=\"elementor-widget-container\">\n\t\t\t\t\t\t\t\t\t\t\t\t\t\t\t\t<a href=\"https:\/\/www.mtsp.gov.mk\/mk-MK\/ednakvi-moznosti\/inter-resorska-grupa-za-ednakvi-moznosti-na-zenite-i-mazite\/inter-resorska-grupa-za-ednakvi-moznosti-na-zenite-i-mazite\">\n\t\t\t\t\t\t\t<img loading=\"lazy\" decoding=\"async\" width=\"347\" height=\"150\" src=\"https:\/\/rodotimediumite.mk\/wp-content\/uploads\/2026\/01\/\u0431\u0430\u043d\u0435\u0440-\u0438\u043d\u0442\u0435\u0440\u0440\u0435\u0441\u043e\u0440\u0441\u043a\u0430-\u0433\u0440\u0443\u043f\u0430-\u0437\u0430-\u0435\u0434\u043d\u0430\u043a\u0432\u0438-\u043c\u043e\u0436\u043d\u043e\u0441\u0442\u0438.png\" class=\"attachment-large size-large wp-image-4197\" alt=\"\" srcset=\"https:\/\/rodotimediumite.mk\/wp-content\/uploads\/2026\/01\/\u0431\u0430\u043d\u0435\u0440-\u0438\u043d\u0442\u0435\u0440\u0440\u0435\u0441\u043e\u0440\u0441\u043a\u0430-\u0433\u0440\u0443\u043f\u0430-\u0437\u0430-\u0435\u0434\u043d\u0430\u043a\u0432\u0438-\u043c\u043e\u0436\u043d\u043e\u0441\u0442\u0438.png 347w, https:\/\/rodotimediumite.mk\/wp-content\/uploads\/2026\/01\/\u0431\u0430\u043d\u0435\u0440-\u0438\u043d\u0442\u0435\u0440\u0440\u0435\u0441\u043e\u0440\u0441\u043a\u0430-\u0433\u0440\u0443\u043f\u0430-\u0437\u0430-\u0435\u0434\u043d\u0430\u043a\u0432\u0438-\u043c\u043e\u0436\u043d\u043e\u0441\u0442\u0438-300x130.png 300w, https:\/\/rodotimediumite.mk\/wp-content\/uploads\/2026\/01\/\u0431\u0430\u043d\u0435\u0440-\u0438\u043d\u0442\u0435\u0440\u0440\u0435\u0441\u043e\u0440\u0441\u043a\u0430-\u0433\u0440\u0443\u043f\u0430-\u0437\u0430-\u0435\u0434\u043d\u0430\u043a\u0432\u0438-\u043c\u043e\u0436\u043d\u043e\u0441\u0442\u0438-150x65.png 150w\" sizes=\"(max-width:767px) 347px, 347px\" \/>\t\t\t\t\t\t\t\t<\/a>\n\t\t\t\t\t\t\t\t\t\t\t\t\t\t\t<\/div>\n\t\t\t\t<\/div>\n\t\t\t\t<div class=\"elementor-element elementor-element-b63cf55 elementor-widget elementor-widget-image\" data-id=\"b63cf55\" data-element_type=\"widget\" data-widget_type=\"image.default\">\n\t\t\t\t<div class=\"elementor-widget-container\">\n\t\t\t\t\t\t\t\t\t\t\t\t\t\t\t\t<a href=\"https:\/\/mtspresursencentar.mk\/home\/alb\">\n\t\t\t\t\t\t\t<img loading=\"lazy\" decoding=\"async\" width=\"980\" height=\"353\" src=\"https:\/\/rodotimediumite.mk\/wp-content\/uploads\/2023\/12\/restursen-centar_al.jpg\" class=\"attachment-large size-large wp-image-2217\" alt=\"\" srcset=\"https:\/\/rodotimediumite.mk\/wp-content\/uploads\/2023\/12\/restursen-centar_al.jpg 980w, https:\/\/rodotimediumite.mk\/wp-content\/uploads\/2023\/12\/restursen-centar_al-500x180.jpg 500w, https:\/\/rodotimediumite.mk\/wp-content\/uploads\/2023\/12\/restursen-centar_al-300x108.jpg 300w, https:\/\/rodotimediumite.mk\/wp-content\/uploads\/2023\/12\/restursen-centar_al-768x277.jpg 768w, https:\/\/rodotimediumite.mk\/wp-content\/uploads\/2023\/12\/restursen-centar_al-150x54.jpg 150w, https:\/\/rodotimediumite.mk\/wp-content\/uploads\/2023\/12\/restursen-centar_al-480x173.jpg 480w\" sizes=\"(max-width:767px) 480px, (max-width:980px) 100vw, 980px\" \/>\t\t\t\t\t\t\t\t<\/a>\n\t\t\t\t\t\t\t\t\t\t\t\t\t\t\t<\/div>\n\t\t\t\t<\/div>\n\t\t\t\t<div class=\"elementor-element elementor-element-4f2ba77 elementor-widget elementor-widget-image\" data-id=\"4f2ba77\" data-element_type=\"widget\" data-widget_type=\"image.default\">\n\t\t\t\t<div class=\"elementor-widget-container\">\n\t\t\t\t\t\t\t\t\t\t\t\t\t\t\t\t<a href=\"https:\/\/arhiva.mtsp.gov.mk\/postapka-za-zashtita-vo-slucaj-na-voznemiruvanje-na-rabotnoto-mesto.nspx\">\n\t\t\t\t\t\t\t<img loading=\"lazy\" decoding=\"async\" width=\"270\" height=\"188\" src=\"https:\/\/rodotimediumite.mk\/wp-content\/uploads\/2023\/12\/Capture-1.png\" class=\"attachment-large size-large wp-image-658\" alt=\"\" srcset=\"https:\/\/rodotimediumite.mk\/wp-content\/uploads\/2023\/12\/Capture-1.png 270w, https:\/\/rodotimediumite.mk\/wp-content\/uploads\/2023\/12\/Capture-1-108x75.png 108w\" sizes=\"(max-width:767px) 270px, 270px\" \/>\t\t\t\t\t\t\t\t<\/a>\n\t\t\t\t\t\t\t\t\t\t\t\t\t\t\t<\/div>\n\t\t\t\t<\/div>\n\t\t\t\t<div class=\"elementor-element elementor-element-19c2cef elementor-widget elementor-widget-image\" data-id=\"19c2cef\" data-element_type=\"widget\" data-widget_type=\"image.default\">\n\t\t\t\t<div class=\"elementor-widget-container\">\n\t\t\t\t\t\t\t\t\t\t\t\t\t\t\t\t<a href=\"https:\/\/s-front.org.mk\/2020\/08\/05\/zapocnha-so-rabota-linijata-za-sovetuvanje-na-lgbti\/\">\n\t\t\t\t\t\t\t<img loading=\"lazy\" decoding=\"async\" width=\"353\" height=\"353\" src=\"https:\/\/rodotimediumite.mk\/wp-content\/uploads\/2023\/12\/\u0421\u043b\u0438\u043a\u0430-\u0437\u0430-\u0431\u0430\u043d\u0435\u0440-LGBTI.png\" class=\"attachment-large size-large wp-image-665\" alt=\"\" srcset=\"https:\/\/rodotimediumite.mk\/wp-content\/uploads\/2023\/12\/\u0421\u043b\u0438\u043a\u0430-\u0437\u0430-\u0431\u0430\u043d\u0435\u0440-LGBTI.png 353w, https:\/\/rodotimediumite.mk\/wp-content\/uploads\/2023\/12\/\u0421\u043b\u0438\u043a\u0430-\u0437\u0430-\u0431\u0430\u043d\u0435\u0440-LGBTI-300x300.png 300w, https:\/\/rodotimediumite.mk\/wp-content\/uploads\/2023\/12\/\u0421\u043b\u0438\u043a\u0430-\u0437\u0430-\u0431\u0430\u043d\u0435\u0440-LGBTI-150x150.png 150w, https:\/\/rodotimediumite.mk\/wp-content\/uploads\/2023\/12\/\u0421\u043b\u0438\u043a\u0430-\u0437\u0430-\u0431\u0430\u043d\u0435\u0440-LGBTI-75x75.png 75w\" sizes=\"(max-width:767px) 353px, 353px\" \/>\t\t\t\t\t\t\t\t<\/a>\n\t\t\t\t\t\t\t\t\t\t\t\t\t\t\t<\/div>\n\t\t\t\t<\/div>\n\t\t\t\t<div class=\"elementor-element elementor-element-99beda9 elementor-widget elementor-widget-image\" data-id=\"99beda9\" data-element_type=\"widget\" data-widget_type=\"image.default\">\n\t\t\t\t<div class=\"elementor-widget-container\">\n\t\t\t\t\t\t\t\t\t\t\t\t\t\t\t\t<a href=\"https:\/\/rodotimediumite.mk\/sq\/ankesa-dhe-parashtresa-ne-lidhje-me-barazine-gjinore\/\">\n\t\t\t\t\t\t\t<img loading=\"lazy\" decoding=\"async\" width=\"980\" height=\"353\" src=\"https:\/\/rodotimediumite.mk\/wp-content\/uploads\/2023\/12\/prestavka_avmu_al.jpg\" class=\"attachment-large size-large wp-image-2220\" alt=\"\" srcset=\"https:\/\/rodotimediumite.mk\/wp-content\/uploads\/2023\/12\/prestavka_avmu_al.jpg 980w, https:\/\/rodotimediumite.mk\/wp-content\/uploads\/2023\/12\/prestavka_avmu_al-500x180.jpg 500w, https:\/\/rodotimediumite.mk\/wp-content\/uploads\/2023\/12\/prestavka_avmu_al-300x108.jpg 300w, https:\/\/rodotimediumite.mk\/wp-content\/uploads\/2023\/12\/prestavka_avmu_al-768x277.jpg 768w, https:\/\/rodotimediumite.mk\/wp-content\/uploads\/2023\/12\/prestavka_avmu_al-150x54.jpg 150w, https:\/\/rodotimediumite.mk\/wp-content\/uploads\/2023\/12\/prestavka_avmu_al-480x173.jpg 480w\" sizes=\"(max-width:767px) 480px, (max-width:980px) 100vw, 980px\" \/>\t\t\t\t\t\t\t\t<\/a>\n\t\t\t\t\t\t\t\t\t\t\t\t\t\t\t<\/div>\n\t\t\t\t<\/div>\n\t\t\t\t<\/div>\n\t\t\t\t<\/div>\n\t\t\t\t<\/div>\n\t\t\t\t\t<\/div>\n\t\t\t\t<\/div>\n\t\t\t\t<\/div>\n\t\t","protected":false},"excerpt":{"rendered":"<p>Institucione shtet?rore Ministria e Politik\u00ebs Sociale, e Demografis\u00eb dhe e t\u00eb Rinjve &#8211; https:\/\/www.mtsp.gov.mk\/sq-ALMinistria e drejt\u00ebsis\u00eb &#8211; https:\/\/www.pravda.gov.mk\/sq-ALMinistria e sh\u00ebndet\u00ebsis\u00eb &#8211; https:\/\/zdravstvo.gov.mk\/sq-ALMinistria e Pun\u00ebve t\u00eb Brendshme<span class=\"excerpt-hellip\"> [\u2026]<\/span><\/p>\n","protected":false},"author":1,"featured_media":0,"parent":0,"menu_order":0,"comment_status":"closed","ping_status":"closed","template":"elementor_header_footer","meta":{"footnotes":""},"class_list":["post-4228","page","type-page","status-publish","hentry"],"_links":{"self":[{"href":"https:\/\/rodotimediumite.mk\/sq\/wp-json\/wp\/v2\/pages\/4228","targetHints":{"allow":["GET"]}}],"collection":[{"href":"https:\/\/rodotimediumite.mk\/sq\/wp-json\/wp\/v2\/pages"}],"about":[{"href":"https:\/\/rodotimediumite.mk\/sq\/wp-json\/wp\/v2\/types\/page"}],"author":[{"embeddable":true,"href":"https:\/\/rodotimediumite.mk\/sq\/wp-json\/wp\/v2\/users\/1"}],"replies":[{"embeddable":true,"href":"https:\/\/rodotimediumite.mk\/sq\/wp-json\/wp\/v2\/comments?post=4228"}],"version-history":[{"count":7,"href":"https:\/\/rodotimediumite.mk\/sq\/wp-json\/wp\/v2\/pages\/4228\/revisions"}],"predecessor-version":[{"id":4245,"href":"https:\/\/rodotimediumite.mk\/sq\/wp-json\/wp\/v2\/pages\/4228\/revisions\/4245"}],"wp:attachment":[{"href":"https:\/\/rodotimediumite.mk\/sq\/wp-json\/wp\/v2\/media?parent=4228"}],"curies":[{"name":"wp","href":"https:\/\/api.w.org\/{rel}","templated":true}]}}